{"id":1794,"date":"2024-06-24T05:57:58","date_gmt":"2024-06-24T05:57:58","guid":{"rendered":"https:\/\/membraneswitchmfg.com\/manufacturer\/ip65-waterproof-membrane-switch\/"},"modified":"2024-06-25T13:14:18","modified_gmt":"2024-06-25T13:14:18","slug":"ip65-waterproof-membrane-switch","status":"publish","type":"product","link":"https:\/\/membraneswitchmfg.com\/sk\/manufacturer\/ip65-waterproof-membrane-switch\/","title":{"rendered":"Vodotesn\u00fd membr\u00e1nov\u00fd sp\u00edna\u010d IP65"},"content":{"rendered":"<h2><strong><b>Vodotesn\u00e9 membr\u00e1nov\u00e9 sp\u00edna\u010de IP65: Cenovo dostupn\u00e1 ochrana pre ka\u017edodenn\u00e9 aplik\u00e1cie<\/b><\/strong><\/h2>\n<p><strong>\u00da\u010dinn\u00e1 ochrana za prijate\u013en\u00fa cenu<\/strong><\/p>\n<p>Vodotesn\u00e9 membr\u00e1nov\u00e9 sp\u00edna\u010de s kryt\u00edm IP65 poskytuj\u00fa rovnov\u00e1hu medzi ochranou a cenovou dostupnos\u0165ou, v\u010faka \u010domu s\u00fa ide\u00e1lnou vo\u013ebou pre aplik\u00e1cie, kde je probl\u00e9mom pr\u00edle\u017eitostn\u00e9 vystavenie vode alebo prachu. V\u010faka svojej \u00fa\u010dinnosti proti ka\u017edodenn\u00e9mu postriekaniu a prachu s\u00fa vhodn\u00e9 pre:<\/p>\n<ul>\n<li><strong>Priemyseln\u00e9 ovl\u00e1dacie panely<\/strong><\/li>\n<li><strong>Zdravotn\u00edcke pom\u00f4cky<\/strong><\/li>\n<li><strong>Spotrebn\u00e1 elektronika<\/strong><\/li>\n<li><strong>Spotrebi\u010de<\/strong><\/li>\n<li><strong>Stroje a zariadenia<\/strong><\/li>\n<\/ul>\n<p><strong>Odoln\u00e9 a spo\u013eahliv\u00e9<\/strong><\/p>\n<p>Napriek svojej cenovej v\u00fdhodnosti si vodotesn\u00e9 membr\u00e1nov\u00e9 sp\u00edna\u010de s kryt\u00edm IP65 zachov\u00e1vaj\u00fa odolnos\u0165 a spo\u013eahlivos\u0165, ktor\u00e9 sa o\u010dak\u00e1vaj\u00fa od \u0161tandardn\u00fdch membr\u00e1nov\u00fdch sp\u00edna\u010dov. S\u00fa odoln\u00e9 vo\u010di po\u0161kriabaniu, chemik\u00e1li\u00e1m a UV \u017eiareniu, \u010do zaru\u010duje ich dlhotrvaj\u00faci v\u00fdkon.<\/p>\n<ul>\n<li><strong>Jasn\u00e1 a citliv\u00e1 hmatov\u00e1 sp\u00e4tn\u00e1 v\u00e4zba<\/strong><\/li>\n<li><strong>Odolnos\u0165 vo\u010di po\u0161kriabaniu, chemik\u00e1li\u00e1m a UV \u017eiareniu<\/strong><\/li>\n<li><strong>Vhodn\u00e9 na pou\u017eitie v interi\u00e9ri aj exteri\u00e9ri<\/strong><\/li>\n<\/ul>\n<p><strong>Prisp\u00f4sobite\u013en\u00e9 mo\u017enosti<\/strong><\/p>\n<p>Pon\u00fakame r\u00f4zne mo\u017enosti prisp\u00f4sobenia vodotesn\u00fdch membr\u00e1nov\u00fdch sp\u00edna\u010dov IP65 vr\u00e1tane:<\/p>\n<ul>\n<li><strong>R\u00f4zne ve\u013ekosti a \u0161t\u00fdly sp\u00edna\u010dov<\/strong><\/li>\n<li><strong>Vlastn\u00e1 grafika a legendy<\/strong><\/li>\n<li><strong>Mo\u017enosti podsvietenia a osvetlenia<\/strong><\/li>\n<li><strong>Integr\u00e1cia \u010fal\u0161\u00edch komponentov<\/strong><\/li>\n<\/ul>\n<p><strong>Spolupracujte so sk\u00fasen\u00fdm v\u00fdrobcom vodotesn\u00fdch membr\u00e1nov\u00fdch sp\u00edna\u010dov s kryt\u00edm IP65<\/strong><\/p>\n<p>V\u010faka dlhoro\u010dn\u00fdm sk\u00fasenostiam v oblasti technol\u00f3gie vodotesn\u00fdch membr\u00e1nov\u00fdch sp\u00edna\u010dov a z\u00e1v\u00e4zku kvality a cenovej dostupnosti sme d\u00f4veryhodn\u00fdm zdrojom vodotesn\u00fdch membr\u00e1nov\u00fdch sp\u00edna\u010dov IP65 na mieru. N\u00e1\u0161 t\u00edm odborn\u00edkov s vami bude \u00fazko spolupracova\u0165, aby pochopil va\u0161e \u0161pecifick\u00e9 potreby a dodal rie\u0161enia, ktor\u00e9 poskytuj\u00fa \u00fa\u010dinn\u00fa ochranu a dlhodob\u00fd v\u00fdkon za konkurencieschopn\u00fa cenu.<\/p>\n<p><strong>Kontaktujte n\u00e1s e\u0161te dnes<\/strong>\u00a0a dozviete sa viac o na\u0161ich rie\u0161eniach vodotesn\u00fdch membr\u00e1nov\u00fdch sp\u00edna\u010dov s kryt\u00edm IP65 a o tom, ako v\u00e1m m\u00f4\u017eeme pom\u00f4c\u0165 ochr\u00e1ni\u0165 va\u0161u elektroniku a zabezpe\u010di\u0165 bezprobl\u00e9mov\u00fa prev\u00e1dzku v ka\u017edodennom prostred\u00ed.<\/p>","protected":false},"excerpt":{"rendered":"<p>Vodotesn\u00e9 membr\u00e1nov\u00e9 sp\u00edna\u010de s kryt\u00edm IP65 predstavuj\u00fa cenovo v\u00fdhodn\u00e9 rie\u0161enie na ochranu citlivej elektroniky pred vniknut\u00edm vody a prachu. Tieto v\u0161estrann\u00e9 sp\u00edna\u010de sp\u013a\u0148aj\u00fa normu ochrany proti vniknutiu IP65, chr\u00e1nia pred n\u00edzkotlakov\u00fdmi pr\u00fadmi vody a vniknut\u00edm prachu, tak\u017ee s\u00fa vhodn\u00e9 pre \u0161irok\u00fa \u0161k\u00e1lu aplik\u00e1ci\u00ed.<\/p>","protected":false},"featured_media":1770,"template":"","meta":[],"product_brand":[],"product_cat":[40],"product_tag":[],"class_list":{"0":"post-1794","1":"product","2":"type-product","3":"status-publish","4":"has-post-thumbnail","6":"product_cat-membrane-switch","8":"first","9":"instock","10":"shipping-taxable","11":"product-type-simple"},"_links":{"self":[{"href":"https:\/\/membraneswitchmfg.com\/sk\/wp-json\/wp\/v2\/product\/1794","targetHints":{"allow":["GET"]}}],"collection":[{"href":"https:\/\/membraneswitchmfg.com\/sk\/wp-json\/wp\/v2\/product"}],"about":[{"href":"https:\/\/membraneswitchmfg.com\/sk\/wp-json\/wp\/v2\/types\/product"}],"wp:featuredmedia":[{"embeddable":true,"href":"https:\/\/membraneswitchmfg.com\/sk\/wp-json\/wp\/v2\/media\/1770"}],"wp:attachment":[{"href":"https:\/\/membraneswitchmfg.com\/sk\/wp-json\/wp\/v2\/media?parent=1794"}],"wp:term":[{"taxonomy":"product_brand","embeddable":true,"href":"https:\/\/membraneswitchmfg.com\/sk\/wp-json\/wp\/v2\/product_brand?post=1794"},{"taxonomy":"product_cat","embeddable":true,"href":"https:\/\/membraneswitchmfg.com\/sk\/wp-json\/wp\/v2\/product_cat?post=1794"},{"taxonomy":"product_tag","embeddable":true,"href":"https:\/\/membraneswitchmfg.com\/sk\/wp-json\/wp\/v2\/product_tag?post=1794"}],"curies":[{"name":"wp","href":"https:\/\/api.w.org\/{rel}","templated":true}]}}