{"id":1975,"date":"2024-06-30T14:12:55","date_gmt":"2024-06-30T14:12:55","guid":{"rendered":"https:\/\/membraneswitchmfg.com\/?post_type=product&#038;p=1975"},"modified":"2024-06-30T14:19:38","modified_gmt":"2024-06-30T14:19:38","slug":"pc-print-label","status":"publish","type":"product","link":"https:\/\/membraneswitchmfg.com\/sk\/manufacturer\/pc-print-label\/","title":{"rendered":"Tla\u010d \u0161t\u00edtku na PC"},"content":{"rendered":"<p data-sourcepos=\"3:1-3:59\"><strong>Tla\u010d \u0161t\u00edtku na PC:<\/strong> Posilnenie efekt\u00edvnych rie\u0161en\u00ed ozna\u010dovania<\/p>\n<p data-sourcepos=\"5:1-5:8\">PC Print Label je komplexn\u00e9 softv\u00e9rov\u00e9 rie\u0161enie, ktor\u00e9 zjednodu\u0161uje proces vytv\u00e1rania a tla\u010de \u0161t\u00edtkov pre \u0161irok\u00fa \u0161k\u00e1lu aplik\u00e1ci\u00ed. \u010ci u\u017e potrebujete ozna\u010dova\u0165 v\u00fdrobky, prepravn\u00e9 bal\u00edky alebo organizova\u0165 z\u00e1soby, PC Print Label poskytuje n\u00e1stroje a flexibilitu na jednoduch\u00fa spr\u00e1vu \u00faloh ozna\u010dovania.<\/p>\n<p data-sourcepos=\"7:1-7:17\"><strong>K\u013e\u00fa\u010dov\u00e9 vlastnosti:<\/strong><\/p>\n<ul data-sourcepos=\"9:1-9:23\">\n<li data-sourcepos=\"9:1-9:23\">\n<p data-sourcepos=\"9:3-9:144\"><strong>Intuit\u00edvny dizajn:<\/strong> PC Print Label sa m\u00f4\u017ee pochv\u00e1li\u0165 pou\u017e\u00edvate\u013esky pr\u00edvetiv\u00fdm rozhran\u00edm, ktor\u00e9 u\u013eah\u010duje navrhovanie a prisp\u00f4sobovanie \u0161t\u00edtkov aj za\u010d\u00ednaj\u00facim pou\u017e\u00edvate\u013eom.<\/p>\n<\/li>\n<li data-sourcepos=\"11:1-11:46\">\n<p data-sourcepos=\"11:3-11:46\"><strong>Univerz\u00e1lne \u0161abl\u00f3ny \u0161t\u00edtkov:<\/strong> Vyberte si zo \u0161irokej ponuky predpripraven\u00fdch \u0161abl\u00f3n \u0161t\u00edtkov alebo si vytvorte vlastn\u00e9 jedine\u010dn\u00e9 n\u00e1vrhy pomocou v\u00fdkonn\u00e9ho editora \u0161t\u00edtkov.<\/p>\n<\/li>\n<li data-sourcepos=\"13:1-14:0\">\n<p data-sourcepos=\"13:3-13:189\"><strong>Dynamick\u00e1 integr\u00e1cia \u00fadajov:<\/strong> Importova\u0165 \u00fadaje z r\u00f4znych zdrojov, ako s\u00fa tabu\u013eky alebo datab\u00e1zy, a prisp\u00f4sobi\u0165 \u0161t\u00edtky s inform\u00e1ciami o produkte, \u00fadajmi o z\u00e1kazn\u00edkovi alebo prepravn\u00fdmi adresami.<\/p>\n<\/li>\n<li data-sourcepos=\"15:1-16:0\">\n<p data-sourcepos=\"15:3-15:116\"><strong>Generovanie \u010diarov\u00fdch k\u00f3dov:<\/strong> Generujte a tla\u010dte \u010diarov\u00e9 k\u00f3dy na efekt\u00edvnu identifik\u00e1ciu produktov a spr\u00e1vu z\u00e1sob.<\/p>\n<\/li>\n<li data-sourcepos=\"17:1-17:140\">\n<p data-sourcepos=\"17:3-17:140\"><strong>Flexibiln\u00e9 mo\u017enosti tla\u010de:<\/strong> Tla\u010dte \u0161t\u00edtky na r\u00f4znych tla\u010diar\u0148ach \u0161t\u00edtkov vr\u00e1tane \u0161tandardn\u00fdch stolov\u00fdch tla\u010diarn\u00ed, \u0161pecializovan\u00fdch tla\u010diarn\u00ed \u0161t\u00edtkov a priemyseln\u00fdch tla\u010diarn\u00ed \u0161t\u00edtkov.<\/p>\n<\/li>\n<\/ul>","protected":false},"excerpt":{"rendered":"<p>V\u010faka svojim komplexn\u00fdm funkci\u00e1m a pou\u017e\u00edvate\u013esky pr\u00edvetiv\u00e9mu rozhraniu je PC Print Label nepostr\u00e1date\u013en\u00fdm n\u00e1strojom pre podniky a jednotlivcov, ktor\u00ed sa spoliehaj\u00fa na efekt\u00edvne a presn\u00e9 rie\u0161enia ozna\u010dovania. Zv\u00fd\u0161te svoju produktivitu a organiz\u00e1ciu ozna\u010dovania pomocou programu PC Print Label.<\/p>","protected":false},"featured_media":1976,"template":"","meta":[],"product_brand":[],"product_cat":[15],"product_tag":[],"class_list":{"0":"post-1975","1":"product","2":"type-product","3":"status-publish","4":"has-post-thumbnail","6":"product_cat-print-label","8":"first","9":"instock","10":"shipping-taxable","11":"product-type-simple"},"_links":{"self":[{"href":"https:\/\/membraneswitchmfg.com\/sk\/wp-json\/wp\/v2\/product\/1975","targetHints":{"allow":["GET"]}}],"collection":[{"href":"https:\/\/membraneswitchmfg.com\/sk\/wp-json\/wp\/v2\/product"}],"about":[{"href":"https:\/\/membraneswitchmfg.com\/sk\/wp-json\/wp\/v2\/types\/product"}],"wp:featuredmedia":[{"embeddable":true,"href":"https:\/\/membraneswitchmfg.com\/sk\/wp-json\/wp\/v2\/media\/1976"}],"wp:attachment":[{"href":"https:\/\/membraneswitchmfg.com\/sk\/wp-json\/wp\/v2\/media?parent=1975"}],"wp:term":[{"taxonomy":"product_brand","embeddable":true,"href":"https:\/\/membraneswitchmfg.com\/sk\/wp-json\/wp\/v2\/product_brand?post=1975"},{"taxonomy":"product_cat","embeddable":true,"href":"https:\/\/membraneswitchmfg.com\/sk\/wp-json\/wp\/v2\/product_cat?post=1975"},{"taxonomy":"product_tag","embeddable":true,"href":"https:\/\/membraneswitchmfg.com\/sk\/wp-json\/wp\/v2\/product_tag?post=1975"}],"curies":[{"name":"wp","href":"https:\/\/api.w.org\/{rel}","templated":true}]}}