{"id":1977,"date":"2024-06-30T14:21:59","date_gmt":"2024-06-30T14:21:59","guid":{"rendered":"https:\/\/membraneswitchmfg.com\/?post_type=product&#038;p=1977"},"modified":"2024-06-30T14:23:24","modified_gmt":"2024-06-30T14:23:24","slug":"pmma-print-label","status":"publish","type":"product","link":"https:\/\/membraneswitchmfg.com\/sk\/manufacturer\/pmma-print-label\/","title":{"rendered":"Tla\u010d etikety z PMMA"},"content":{"rendered":"<p data-sourcepos=\"3:1-3:62\"><strong>Tla\u010d etikety z PMMA: Odoln\u00e9 a v\u0161estrann\u00e9 rie\u0161enia ozna\u010dovania<\/strong><\/p>\n<p data-sourcepos=\"5:1-5:170\">\u0160t\u00edtky s potla\u010dou PMMA, zn\u00e1me aj ako akrylov\u00e9 \u0161t\u00edtky s potla\u010dou, s\u00fa ob\u013e\u00fabenou vo\u013ebou pre \u0161irok\u00fa \u0161k\u00e1lu aplik\u00e1ci\u00ed ozna\u010dovania v\u010faka svojej v\u00fdnimo\u010dnej odolnosti, v\u0161estrannosti a estetick\u00e9mu vzh\u013eadu. Tieto etikety sa vyr\u00e1baj\u00fa z polymetylmetakryl\u00e1tu (PMMA), vysoko odoln\u00e9ho plastu, ktor\u00fd je zn\u00e1my svojou pevnos\u0165ou, odolnos\u0165ou proti po\u0161kriabaniu a chemik\u00e1li\u00e1m a UV \u017eiareniu.<\/p>\n<p data-sourcepos=\"7:1-7:19\"><strong>K\u013e\u00fa\u010dov\u00e9 v\u00fdhody:<\/strong><\/p>\n<ul data-sourcepos=\"9:1-9:131\">\n<li data-sourcepos=\"9:1-9:131\">\n<p class=\"\" data-sourcepos=\"9:3-9:226\"><strong class=\"\">Odolnos\u0165:<\/strong> \u0160t\u00edtky PMMA odol\u00e1vaj\u00fa n\u00e1ro\u010dn\u00fdm podmienkam, tak\u017ee s\u00fa ide\u00e1lne pre vonkaj\u0161ie a priemyseln\u00e9 aplik\u00e1cie. S\u00fa odoln\u00e9 vo\u010di extr\u00e9mnym teplot\u00e1m, vlhkosti a chemik\u00e1li\u00e1m, \u010do zaru\u010duje ich dlhotrvaj\u00faci v\u00fdkon.<\/p>\n<\/li>\n<li data-sourcepos=\"11:1-12:0\">\n<p data-sourcepos=\"11:3-11:244\"><strong>V\u0161estrannos\u0165:<\/strong> \u0160t\u00edtky PMMA mo\u017eno tla\u010di\u0165 na r\u00f4zne povrchy vr\u00e1tane plastu, kovu, skla a dreva. S\u00fa vhodn\u00e9 na \u0161irok\u00fa \u0161k\u00e1lu aplik\u00e1ci\u00ed, od ozna\u010dovania v\u00fdrobkov a sledovania majetku a\u017e po n\u00e1pisy a propaga\u010dn\u00e9 displeje.<\/p>\n<\/li>\n<li data-sourcepos=\"13:1-14:0\">\n<p data-sourcepos=\"13:3-13:249\"><strong>Estetika:<\/strong> \u0160t\u00edtky PMMA maj\u00fa vysoko leskl\u00fd povrch, ktor\u00fd vy\u017earuje eleganciu a sofistikovanos\u0165. S\u00fa k dispoz\u00edcii v r\u00f4znych farb\u00e1ch a mo\u017eno ich potla\u010di\u0165 zlo\u017eit\u00fdmi vzormi a logami, \u010d\u00edm sa zv\u00fd\u0161i vizu\u00e1lna pr\u00ed\u0165a\u017elivos\u0165 va\u0161ich v\u00fdrobkov alebo zna\u010dky.<\/p>\n<\/li>\n<\/ul>\n<p data-sourcepos=\"15:1-15:54\"><strong>Tla\u010d etikety z PMMA: Preferovan\u00e1 vo\u013eba pre n\u00e1ro\u010dn\u00e9 potreby ozna\u010dovania<\/strong><\/p>\n<p data-sourcepos=\"17:1-17:278\">Etikety s potla\u010dou PMMA s\u00fa preferovanou vo\u013ebou pre aplik\u00e1cie, ktor\u00e9 si vy\u017eaduj\u00fa odolnos\u0165, v\u0161estrannos\u0165 a eleganciu. \u010ci u\u017e potrebujete etikety pre priemyseln\u00e9 zariadenia, vonkaj\u0161ie zna\u010denie alebo \u0161pi\u010dkov\u00e9 v\u00fdrobky, etikety PMMA v\u00e1m poskytn\u00fa v\u00fdnimo\u010dn\u00fd v\u00fdkon a vizu\u00e1lnu pr\u00ed\u0165a\u017elivos\u0165.<\/p>\n<p data-sourcepos=\"19:1-19:30\"><strong>\u010eal\u0161ie \u00favahy:<\/strong><\/p>\n<ul data-sourcepos=\"21:1-24:0\">\n<li data-sourcepos=\"21:1-22:0\">\n<p data-sourcepos=\"21:3-21:227\"><strong>Met\u00f3dy tla\u010de:<\/strong> \u0160t\u00edtky PMMA mo\u017eno tla\u010di\u0165 r\u00f4znymi met\u00f3dami vr\u00e1tane digit\u00e1lnej tla\u010de, sie\u0165otla\u010de a laserovej tla\u010de. V\u00fdber met\u00f3dy tla\u010de z\u00e1vis\u00ed od po\u017eadovan\u00e9ho dizajnu etikety, mno\u017estva a rozpo\u010dtu.<\/p>\n<\/li>\n<li data-sourcepos=\"23:1-24:0\">\n<p data-sourcepos=\"23:3-23:226\"><strong>Mo\u017enosti lepenia:<\/strong> \u0160t\u00edtky PMMA s\u00fa k dispoz\u00edcii s r\u00f4znymi mo\u017enos\u0165ami lepidiel vr\u00e1tane permanentn\u00fdch, odstr\u00e1nite\u013en\u00fdch a polohovate\u013en\u00fdch lepidiel. Vyberte si lepidlo, ktor\u00e9 najlep\u0161ie vyhovuje va\u0161ej aplik\u00e1cii a po\u017eiadavk\u00e1m na povrch.<\/p>\n<\/li>\n<\/ul>","protected":false},"excerpt":{"rendered":"<p>V\u010faka svojej vynikaj\u00facej odolnosti, v\u0161estrannosti a estetick\u00e9mu vzh\u013eadu s\u00fa etikety s potla\u010dou PMMA d\u00f4veryhodnou vo\u013ebou pre podniky a jednotlivcov, ktor\u00ed h\u013eadaj\u00fa vysokokvalitn\u00e9 rie\u0161enia ozna\u010dovania. Vyberte si etikety PMMA pre svoj \u010fal\u0161\u00ed projekt ozna\u010dovania a vysk\u00fa\u0161ajte rozdiel vo v\u00fdkone a vizu\u00e1lnom efekte.<\/p>","protected":false},"featured_media":1978,"template":"","meta":[],"product_brand":[],"product_cat":[15],"product_tag":[],"class_list":{"0":"post-1977","1":"product","2":"type-product","3":"status-publish","4":"has-post-thumbnail","6":"product_cat-print-label","8":"first","9":"instock","10":"shipping-taxable","11":"product-type-simple"},"_links":{"self":[{"href":"https:\/\/membraneswitchmfg.com\/sk\/wp-json\/wp\/v2\/product\/1977","targetHints":{"allow":["GET"]}}],"collection":[{"href":"https:\/\/membraneswitchmfg.com\/sk\/wp-json\/wp\/v2\/product"}],"about":[{"href":"https:\/\/membraneswitchmfg.com\/sk\/wp-json\/wp\/v2\/types\/product"}],"wp:featuredmedia":[{"embeddable":true,"href":"https:\/\/membraneswitchmfg.com\/sk\/wp-json\/wp\/v2\/media\/1978"}],"wp:attachment":[{"href":"https:\/\/membraneswitchmfg.com\/sk\/wp-json\/wp\/v2\/media?parent=1977"}],"wp:term":[{"taxonomy":"product_brand","embeddable":true,"href":"https:\/\/membraneswitchmfg.com\/sk\/wp-json\/wp\/v2\/product_brand?post=1977"},{"taxonomy":"product_cat","embeddable":true,"href":"https:\/\/membraneswitchmfg.com\/sk\/wp-json\/wp\/v2\/product_cat?post=1977"},{"taxonomy":"product_tag","embeddable":true,"href":"https:\/\/membraneswitchmfg.com\/sk\/wp-json\/wp\/v2\/product_tag?post=1977"}],"curies":[{"name":"wp","href":"https:\/\/api.w.org\/{rel}","templated":true}]}}