{"id":1979,"date":"2024-06-30T14:30:58","date_gmt":"2024-06-30T14:30:58","guid":{"rendered":"https:\/\/membraneswitchmfg.com\/?post_type=product&#038;p=1979"},"modified":"2024-06-30T14:31:27","modified_gmt":"2024-06-30T14:31:27","slug":"acrylic-print-label","status":"publish","type":"product","link":"https:\/\/membraneswitchmfg.com\/sk\/manufacturer\/acrylic-print-label\/","title":{"rendered":"\u0160t\u00edtok s akrylovou tla\u010dou"},"content":{"rendered":"<p data-sourcepos=\"3:1-3:60\"><strong>\u0160t\u00edtok s akrylovou tla\u010dou: Spojenie odolnosti a elegancie<\/strong><\/p>\n<p data-sourcepos=\"5:1-5:7\">Akrylov\u00e9 etikety s potla\u010dou, zn\u00e1me aj ako etikety s potla\u010dou PMMA, pon\u00fakaj\u00fa jedine\u010dn\u00fa kombin\u00e1ciu odolnosti, v\u0161estrannosti a estetick\u00e9ho vzh\u013eadu, v\u010faka \u010domu s\u00fa ob\u013e\u00fabenou vo\u013ebou pre \u0161irok\u00fa \u0161k\u00e1lu aplik\u00e1ci\u00ed ozna\u010dovania. Tieto etikety s\u00fa vyroben\u00e9 z polymetylmetakryl\u00e1tu (PMMA), vysoko odoln\u00e9ho plastu, ktor\u00fd je zn\u00e1my svojou v\u00fdnimo\u010dnou pevnos\u0165ou, odolnos\u0165ou proti po\u0161kriabaniu a chemik\u00e1li\u00e1m a UV \u017eiareniu.<\/p>\n<p data-sourcepos=\"7:1-7:19\"><strong>K\u013e\u00fa\u010dov\u00e9 v\u00fdhody:<\/strong><\/p>\n<ul data-sourcepos=\"9:1-13:122\">\n<li data-sourcepos=\"9:1-10:0\">\n<p data-sourcepos=\"9:3-9:274\"><strong>Trval\u00fd v\u00fdkon:<\/strong> Akrylov\u00e9 etikety odol\u00e1vaj\u00fa n\u00e1ro\u010dn\u00fdm podmienkam, tak\u017ee s\u00fa ide\u00e1lne pre vonkaj\u0161ie a priemyseln\u00e9 aplik\u00e1cie. S\u00fa odoln\u00e9 vo\u010di extr\u00e9mnym teplot\u00e1m, vlhkosti a chemik\u00e1li\u00e1m, \u010do zaru\u010duje ich dlhotrvaj\u00faci v\u00fdkon aj v n\u00e1ro\u010dn\u00fdch podmienkach.<\/p>\n<\/li>\n<li data-sourcepos=\"11:1-12:0\">\n<p data-sourcepos=\"11:3-11:293\"><strong>Prisp\u00f4sobenie r\u00f4znym povrchom:<\/strong> \u0160t\u00edtky s akrylovou potla\u010dou pevne pri\u013en\u00fa na r\u00f4zne povrchy vr\u00e1tane plastu, kovu, skla a dreva. V\u010faka tejto univerz\u00e1lnosti s\u00fa vhodn\u00e9 na \u0161irok\u00e9 spektrum aplik\u00e1ci\u00ed, od ozna\u010dovania v\u00fdrobkov a sledovania majetku a\u017e po ozna\u010dovanie a propaga\u010dn\u00e9 displeje.<\/p>\n<\/li>\n<li data-sourcepos=\"13:1-13:122\">\n<p data-sourcepos=\"13:3-13:122\"><strong>Zv\u00fd\u0161en\u00e1 vizu\u00e1lna pr\u00ed\u0165a\u017elivos\u0165:<\/strong> Akrylov\u00e9 etikety s potla\u010dou sa m\u00f4\u017eu pochv\u00e1li\u0165 vysoko leskl\u00fdm povrchom, ktor\u00fd vy\u017earuje eleganciu a sofistikovanos\u0165. S\u00fa k dispoz\u00edcii v \u0161irokej \u0161k\u00e1le farieb a mo\u017eno ich potla\u010di\u0165 zlo\u017eit\u00fdmi vzormi a logami, \u010do dod\u00e1 va\u0161im produktom alebo zna\u010dke n\u00e1dych rafinovanosti.<\/p>\n<\/li>\n<\/ul>\n<p data-sourcepos=\"15:1-15:74\"><strong>\u0160t\u00edtok s akrylovou tla\u010dou: Preferovan\u00e1 vo\u013eba pre n\u00e1ro\u010dn\u00e9 potreby ozna\u010dovania<\/strong><\/p>\n<p data-sourcepos=\"17:1-17:287\">Ak je najd\u00f4le\u017eitej\u0161ia trvanlivos\u0165, v\u0161estrannos\u0165 a estetick\u00fd vzh\u013ead, akrylov\u00e9 etikety s potla\u010dou sa st\u00e1vaj\u00fa preferovanou vo\u013ebou. \u010ci u\u017e potrebujete etikety pre priemyseln\u00e9 zariadenia, vonkaj\u0161ie zna\u010denie alebo \u0161pi\u010dkov\u00e9 v\u00fdrobky, akrylov\u00e9 tla\u010dov\u00e9 etikety v\u00e1m poskytn\u00fa v\u00fdnimo\u010dn\u00fd v\u00fdkon a vizu\u00e1lny dojem.<\/p>\n<p data-sourcepos=\"19:1-19:30\"><strong>\u010eal\u0161ie \u00favahy:<\/strong><\/p>\n<ul data-sourcepos=\"21:1-24:0\">\n<li data-sourcepos=\"21:1-22:0\">\n<p data-sourcepos=\"21:3-21:236\"><strong>Met\u00f3dy tla\u010de:<\/strong> Akrylov\u00e9 etikety s potla\u010dou mo\u017eno tla\u010di\u0165 r\u00f4znymi met\u00f3dami vr\u00e1tane digit\u00e1lnej tla\u010de, sie\u0165otla\u010de a laserovej tla\u010de. V\u00fdber met\u00f3dy tla\u010de z\u00e1vis\u00ed od po\u017eadovan\u00e9ho dizajnu etikety, mno\u017estva a rozpo\u010dtu.<\/p>\n<\/li>\n<li data-sourcepos=\"23:1-24:0\">\n<p data-sourcepos=\"23:3-23:226\"><strong>Mo\u017enosti lepenia:<\/strong> \u0160t\u00edtky s akrylovou tla\u010dou sa dod\u00e1vaj\u00fa s r\u00f4znymi mo\u017enos\u0165ami lepidiel vr\u00e1tane permanentn\u00fdch, odstr\u00e1nite\u013en\u00fdch a polohovate\u013en\u00fdch lepidiel. Vyberte si lepidlo, ktor\u00e9 najlep\u0161ie vyhovuje va\u0161ej aplik\u00e1cii a po\u017eiadavk\u00e1m na povrch.<\/p>\n<\/li>\n<\/ul>","protected":false},"excerpt":{"rendered":"<div class=\"response-container ng-tns-c4213264577-106 ng-star-inserted response-container-has-multiple-responses\">\n<div class=\"presented-response-container ng-tns-c4213264577-106\">\n<div class=\"response-container-content ng-tns-c4213264577-106 tunable-selection-with-avatar\">\n<div class=\"response-content ng-tns-c4213264577-106\">\n<div class=\"markdown markdown-main-panel\" dir=\"ltr\">\n<p data-sourcepos=\"27:1-27:303\">Akrylov\u00e9 etikety s vynikaj\u00facou odolnos\u0165ou, v\u0161estrannos\u0165ou a estetick\u00fdm vzh\u013eadom s\u00fa d\u00f4veryhodnou vo\u013ebou pre podniky a jednotlivcov, ktor\u00ed h\u013eadaj\u00fa vysokokvalitn\u00e9 rie\u0161enia ozna\u010dovania. Vyberte si akrylov\u00e9 etikety s potla\u010dou pre svoj \u010fal\u0161\u00ed projekt ozna\u010dovania a spoznajte rozdiel vo v\u00fdkone a vizu\u00e1lnom efekte.<\/p>\n<\/div>\n<\/div>\n<\/div>\n<\/div>\n<\/div>","protected":false},"featured_media":1980,"template":"","meta":[],"product_brand":[],"product_cat":[15],"product_tag":[],"class_list":{"0":"post-1979","1":"product","2":"type-product","3":"status-publish","4":"has-post-thumbnail","6":"product_cat-print-label","8":"first","9":"instock","10":"shipping-taxable","11":"product-type-simple"},"_links":{"self":[{"href":"https:\/\/membraneswitchmfg.com\/sk\/wp-json\/wp\/v2\/product\/1979","targetHints":{"allow":["GET"]}}],"collection":[{"href":"https:\/\/membraneswitchmfg.com\/sk\/wp-json\/wp\/v2\/product"}],"about":[{"href":"https:\/\/membraneswitchmfg.com\/sk\/wp-json\/wp\/v2\/types\/product"}],"wp:featuredmedia":[{"embeddable":true,"href":"https:\/\/membraneswitchmfg.com\/sk\/wp-json\/wp\/v2\/media\/1980"}],"wp:attachment":[{"href":"https:\/\/membraneswitchmfg.com\/sk\/wp-json\/wp\/v2\/media?parent=1979"}],"wp:term":[{"taxonomy":"product_brand","embeddable":true,"href":"https:\/\/membraneswitchmfg.com\/sk\/wp-json\/wp\/v2\/product_brand?post=1979"},{"taxonomy":"product_cat","embeddable":true,"href":"https:\/\/membraneswitchmfg.com\/sk\/wp-json\/wp\/v2\/product_cat?post=1979"},{"taxonomy":"product_tag","embeddable":true,"href":"https:\/\/membraneswitchmfg.com\/sk\/wp-json\/wp\/v2\/product_tag?post=1979"}],"curies":[{"name":"wp","href":"https:\/\/api.w.org\/{rel}","templated":true}]}}