{"id":2226,"date":"2024-07-22T14:19:04","date_gmt":"2024-07-22T14:19:04","guid":{"rendered":"https:\/\/membraneswitchmfg.com\/manufacturer\/silicone-protectors\/"},"modified":"2024-07-25T08:30:07","modified_gmt":"2024-07-25T08:30:07","slug":"silicone-protectors","status":"publish","type":"product","link":"https:\/\/membraneswitchmfg.com\/sk\/manufacturer\/silicone-protectors\/","title":{"rendered":"Silik\u00f3nov\u00e9 chr\u00e1ni\u010de"},"content":{"rendered":"<h2><strong>Silik\u00f3nov\u00e9 chr\u00e1ni\u010de K\u013e\u00fa\u010dov\u00e9 vlastnosti:<\/strong><\/h2>\n<p>1.Presn\u00e1 kontrola tolerancie farieb: Pomocou vysoko presn\u00fdch farebn\u00fdch spektrofotometrov kontrolujeme toleranciu farieb v r\u00e1mci priemyseln\u00fdch noriem Delta 1, Delta 2 a Delta 3, \u010d\u00edm zabezpe\u010dujeme konzistenciu farieb v ka\u017edej d\u00e1vke v\u00fdrobkov.<\/p>\n<p>2.Vysokokvalitn\u00fd silik\u00f3nov\u00fd materi\u00e1l: Na\u0161e puzdr\u00e1 s\u00fa vyroben\u00e9 z prvotriedneho silik\u00f3nov\u00e9ho materi\u00e1lu a pon\u00fakaj\u00fa vynikaj\u00facu trvanlivos\u0165, pru\u017enos\u0165 a odolnos\u0165 vo\u010di starnutiu, \u010d\u00edm poskytuj\u00fa dlhotrvaj\u00facu ochranu.<\/p>\n<p>3.\u0160irok\u00e1 \u0161k\u00e1la farebn\u00fdch mo\u017enost\u00ed: Pon\u00fakame bohat\u00fd v\u00fdber farieb, ktor\u00e9 sp\u013a\u0148aj\u00fa r\u00f4zne potreby z\u00e1kazn\u00edkov. \u010ci u\u017e ide o \u017eiariv\u00e9 farby alebo tlmen\u00e9 neutr\u00e1lne farby, ka\u017ed\u00e1 si zachov\u00e1va konzistentn\u00fd odtie\u0148 a vizu\u00e1lny efekt.<\/p>\n<p>4.Excellent ochrana: Na\u0161e puzdr\u00e1 poskytuj\u00fa komplexn\u00fa ochranu, \u00fa\u010dinne zabra\u0148uj\u00fa po\u0161kriabaniu, n\u00e1razom a opotrebovaniu, \u010d\u00edm predl\u017euj\u00fa \u017eivotnos\u0165 va\u0161ich zariaden\u00ed.<\/p>\n<p>5. pohodln\u00fd pocit: povrch silik\u00f3nov\u00e9ho puzdra je hladk\u00fd a poskytuje pohodln\u00e9 uchopenie. Proti\u0161mykov\u00fd dizajn zvy\u0161uje stabilitu dr\u017eania.<\/p>\n<h3><strong>Silik\u00f3nov\u00e9 chr\u00e1ni\u010de Pou\u017eitie:<\/strong><\/h3>\n<p>1.Spotrebn\u00e1 elektronika: Ide\u00e1lne pre smartf\u00f3ny, tablety a in\u00e9 prenosn\u00e9 zariadenia, ktor\u00e9 pon\u00fakaj\u00fa spo\u013eahliv\u00fa ochranu a \u0161t\u00fdlov\u00fd vzh\u013ead.<\/p>\n<p>2.Dom\u00e1ce spotrebi\u010de: Vhodn\u00e9 pre dia\u013ekov\u00e9 ovl\u00e1da\u010de, inteligentn\u00e9 dom\u00e1ce zariadenia a \u010fal\u0161ie zariadenia, ktor\u00e9 chr\u00e1ni pred ka\u017edodenn\u00fdm opotrebovan\u00edm.<\/p>\n<p>3.Zdravotn\u00edcke pom\u00f4cky: Bezpe\u010dn\u00fd, netoxick\u00fd silik\u00f3nov\u00fd materi\u00e1l je vhodn\u00fd na ochranu zdravotn\u00edckych pom\u00f4cok a zais\u0165uje \u010distotu a bezpe\u010dnos\u0165.<\/p>\n<p>4.Priemyseln\u00e9 aplik\u00e1cie: Vhodn\u00e9 pre r\u00f4zne priemyseln\u00e9 zariadenia, ktor\u00e9 vy\u017eaduj\u00fa ochranu, poskytuj\u00fa spo\u013eahliv\u00e9 tienenie a odolnos\u0165.<\/p>","protected":false},"excerpt":{"rendered":"<p>Na\u0161e silik\u00f3nov\u00e9 chr\u00e1ni\u010de vynikaj\u00fa nielen ochrannou funk\u010dnos\u0165ou, ale aj najlep\u0161ou konzistenciou farieb v odvetv\u00ed. Vyu\u017e\u00edvan\u00edm pokro\u010dilej farebnej spektrofotometrie zabezpe\u010dujeme, \u017ee farebn\u00e1 tolerancia ka\u017ed\u00e9ho puzdra je kontrolovan\u00e1 v r\u00e1mci priemyseln\u00fdch noriem, \u010do poskytuje vizu\u00e1lne dokonal\u00fa jednotnos\u0165 a vysokokvalitn\u00fd vzh\u013ead.Zav\u00e4zujeme sa dod\u00e1va\u0165 silik\u00f3nov\u00e9 chr\u00e1ni\u010de najvy\u0161\u0161ej kvality a zabezpe\u010di\u0165, aby ka\u017ed\u00fd v\u00fdrobok sp\u013a\u0148al va\u0161e o\u010dak\u00e1vania. V\u010faka pokro\u010dilej v\u00fdrobnej technol\u00f3gii a pr\u00edsnym syst\u00e9mom kontroly kvality pon\u00fakame farebne konzistentn\u00e9, odoln\u00e9 a funk\u010dn\u00e9 ochrann\u00e9 puzdr\u00e1. \u010ci u\u017e potrebujete \u0161tandardn\u00e9 v\u00fdrobky alebo rie\u0161enia na mieru, dok\u00e1\u017eeme splni\u0165 va\u0161e potreby a pom\u00f4c\u0165 va\u0161im zariadeniam zosta\u0165 v optim\u00e1lnom stave.<\/p>","protected":false},"featured_media":2212,"template":"","meta":[],"product_brand":[],"product_cat":[39],"product_tag":[],"class_list":{"0":"post-2226","1":"product","2":"type-product","3":"status-publish","4":"has-post-thumbnail","6":"product_cat-silicone-rubber","8":"first","9":"instock","10":"shipping-taxable","11":"product-type-simple"},"_links":{"self":[{"href":"https:\/\/membraneswitchmfg.com\/sk\/wp-json\/wp\/v2\/product\/2226","targetHints":{"allow":["GET"]}}],"collection":[{"href":"https:\/\/membraneswitchmfg.com\/sk\/wp-json\/wp\/v2\/product"}],"about":[{"href":"https:\/\/membraneswitchmfg.com\/sk\/wp-json\/wp\/v2\/types\/product"}],"wp:featuredmedia":[{"embeddable":true,"href":"https:\/\/membraneswitchmfg.com\/sk\/wp-json\/wp\/v2\/media\/2212"}],"wp:attachment":[{"href":"https:\/\/membraneswitchmfg.com\/sk\/wp-json\/wp\/v2\/media?parent=2226"}],"wp:term":[{"taxonomy":"product_brand","embeddable":true,"href":"https:\/\/membraneswitchmfg.com\/sk\/wp-json\/wp\/v2\/product_brand?post=2226"},{"taxonomy":"product_cat","embeddable":true,"href":"https:\/\/membraneswitchmfg.com\/sk\/wp-json\/wp\/v2\/product_cat?post=2226"},{"taxonomy":"product_tag","embeddable":true,"href":"https:\/\/membraneswitchmfg.com\/sk\/wp-json\/wp\/v2\/product_tag?post=2226"}],"curies":[{"name":"wp","href":"https:\/\/api.w.org\/{rel}","templated":true}]}}