{"id":2274,"date":"2024-07-26T02:52:22","date_gmt":"2024-07-26T02:52:22","guid":{"rendered":"https:\/\/membraneswitchmfg.com\/?post_type=product&#038;p=2274"},"modified":"2024-09-19T12:54:44","modified_gmt":"2024-09-19T12:54:44","slug":"magnetic-switch","status":"publish","type":"product","link":"https:\/\/membraneswitchmfg.com\/sk\/manufacturer\/magnetic-switch\/","title":{"rendered":"Magnetick\u00fd sp\u00edna\u010d"},"content":{"rendered":"<h4><strong><b>K\u013e\u00fa\u010dov\u00e9 vlastnosti:<\/b><\/strong><\/h4>\n<p><strong>1.<\/strong><strong>Bezprecedentn\u00e1 odolnos\u0165<\/strong>: N\u00e1\u0161 v\u00fdrobok, ktor\u00fd je navrhnut\u00fd tak, aby vydr\u017eal a\u017e 10 mili\u00f3nov stla\u010den\u00ed, zaru\u010duje konzistentn\u00fd v\u00fdkon a spo\u013eahlivos\u0165 po\u010das dlh\u0161ieho obdobia, \u010do z neho rob\u00ed n\u00e1kladovo efekt\u00edvnu vo\u013ebu pre dlhodob\u00e9 aplik\u00e1cie.<\/p>\n<p><strong>2.<\/strong><strong>V\u0161estrann\u00e9 aplik\u00e1cie<\/strong>: V s\u00fa\u010dasnosti je n\u00e1\u0161 magnetick\u00fd sp\u00edna\u010d \u0161iroko vyu\u017e\u00edvan\u00fd v r\u00f4znych sektoroch s vysok\u00fdm dopytom vr\u00e1tane:<\/p>\n<ul>\n<li><strong>Zdravotn\u00edcke vybavenie<\/strong>: N\u00e1\u0161 sp\u00edna\u010d, ktor\u00fd poskytuje presn\u00e9 a spo\u013eahliv\u00e9 ovl\u00e1danie, je d\u00f4le\u017eitou s\u00fa\u010das\u0165ou zdravotn\u00edckych zariaden\u00ed a zabezpe\u010duje bezpe\u010dnos\u0165 a spo\u013eahlivos\u0165 v zdravotn\u00edckych zariadeniach.<\/li>\n<li><strong>Be\u017eeck\u00e9 p\u00e1sy<\/strong>: N\u00e1\u0161 sp\u00edna\u010d, integrovan\u00fd do fitnes zariaden\u00ed, zaru\u010duje plynul\u00fa prev\u00e1dzku a zlep\u0161uje pou\u017e\u00edvate\u013esk\u00fd z\u00e1\u017eitok, pri\u010dom odol\u00e1 n\u00e1ro\u010dn\u00fdm po\u017eiadavk\u00e1m \u010dast\u00e9ho pou\u017e\u00edvania.<\/li>\n<\/ul>\n<h4><strong><b>Pre\u010do si vybra\u0165 n\u00e1\u0161 magnetick\u00fd sp\u00edna\u010d?<\/b><\/strong><\/h4>\n<p><strong>1.<\/strong><strong>Bezkonkuren\u010dn\u00e1 \u017eivotnos\u0165<\/strong>: Ako jedin\u00fd magnetick\u00fd sp\u00edna\u010d na dom\u00e1com trhu s \u017eivotnos\u0165ou 10 mili\u00f3nov stla\u010den\u00ed nastavujeme \u0161tandard pre odolnos\u0165.<\/p>\n<p><strong>2.<\/strong><strong>Spo\u013eahlivos\u0165 v kritick\u00fdch aplik\u00e1ci\u00e1ch<\/strong>: N\u00e1\u0161 sp\u00edna\u010d je d\u00f4veryhodn\u00fd v lek\u00e1rskych zariadeniach, kde je najd\u00f4le\u017eitej\u0161ia spo\u013eahlivos\u0165 a presnos\u0165.<\/p>\n<p><strong>3.<\/strong><strong>V\u00fdkonnos\u0165 v prostrediach s vysokou spotrebou<\/strong>: V\u010faka aplik\u00e1ci\u00e1m v be\u017eeck\u00fdch p\u00e1soch n\u00e1\u0161 sp\u00edna\u010d dokazuje svoju odolnos\u0165 pri vysokej prev\u00e1dzke a vysokej miere pou\u017e\u00edvania.<\/p>","protected":false},"excerpt":{"rendered":"<p>Predstavujeme na\u0161e pokro\u010dil\u00e9 <span class=\"Y2IQFc\" lang=\"en\">Magnetick\u00fd membr\u00e1nov\u00fd sp\u00edna\u010d<\/span>, ktor\u00fd je na trhu stelesnen\u00edm odolnosti a spo\u013eahlivosti. M\u00f4\u017ee sa pochv\u00e1li\u0165 pozoruhodnou \u017eivotnos\u0165ou v\u00fdrobku a\u017e do <strong>10 mili\u00f3nov v\u00fdtla\u010dkov<\/strong>, n\u00e1\u0161 magnetick\u00fd sp\u00edna\u010d je <strong>jedin\u00e1 svojho druhu na dom\u00e1com trhu, ktor\u00e1 pon\u00faka tak\u00fa dlh\u00fa \u017eivotnos\u0165.<\/strong>Predstavujeme v\u00e1m n\u00e1\u0161 pokro\u010dil\u00fd magnetick\u00fd sp\u00edna\u010d, ktor\u00fd je stelesnen\u00edm odolnosti a spo\u013eahlivosti na trhu. N\u00e1\u0161 magnetick\u00fd sp\u00edna\u010d, ktor\u00fd sa m\u00f4\u017ee pochv\u00e1li\u0165 pozoruhodnou \u017eivotnos\u0165ou v\u00fdrobku a\u017e 10 mili\u00f3nov stla\u010den\u00ed, je jedin\u00fdm svojho druhu na dom\u00e1com trhu, ktor\u00fd pon\u00faka tak\u00fato dlh\u00fa \u017eivotnos\u0165.<\/p>","protected":false},"featured_media":2435,"template":"","meta":[],"product_brand":[],"product_cat":[40],"product_tag":[],"class_list":{"0":"post-2274","1":"product","2":"type-product","3":"status-publish","4":"has-post-thumbnail","6":"product_cat-membrane-switch","8":"first","9":"instock","10":"shipping-taxable","11":"product-type-simple"},"_links":{"self":[{"href":"https:\/\/membraneswitchmfg.com\/sk\/wp-json\/wp\/v2\/product\/2274","targetHints":{"allow":["GET"]}}],"collection":[{"href":"https:\/\/membraneswitchmfg.com\/sk\/wp-json\/wp\/v2\/product"}],"about":[{"href":"https:\/\/membraneswitchmfg.com\/sk\/wp-json\/wp\/v2\/types\/product"}],"wp:featuredmedia":[{"embeddable":true,"href":"https:\/\/membraneswitchmfg.com\/sk\/wp-json\/wp\/v2\/media\/2435"}],"wp:attachment":[{"href":"https:\/\/membraneswitchmfg.com\/sk\/wp-json\/wp\/v2\/media?parent=2274"}],"wp:term":[{"taxonomy":"product_brand","embeddable":true,"href":"https:\/\/membraneswitchmfg.com\/sk\/wp-json\/wp\/v2\/product_brand?post=2274"},{"taxonomy":"product_cat","embeddable":true,"href":"https:\/\/membraneswitchmfg.com\/sk\/wp-json\/wp\/v2\/product_cat?post=2274"},{"taxonomy":"product_tag","embeddable":true,"href":"https:\/\/membraneswitchmfg.com\/sk\/wp-json\/wp\/v2\/product_tag?post=2274"}],"curies":[{"name":"wp","href":"https:\/\/api.w.org\/{rel}","templated":true}]}}