{"id":2438,"date":"2024-09-20T06:37:42","date_gmt":"2024-09-20T06:37:42","guid":{"rendered":"https:\/\/membraneswitchmfg.com\/?post_type=product&#038;p=2438"},"modified":"2024-09-20T06:40:01","modified_gmt":"2024-09-20T06:40:01","slug":"in-mold-electronics-ime","status":"publish","type":"product","link":"https:\/\/membraneswitchmfg.com\/sk\/manufacturer\/in-mold-electronics-ime\/","title":{"rendered":"In-Mold Electronics (IME)"},"content":{"rendered":"<h2>In-Mold Electronics (IME): Revolu\u010dn\u00e1 technol\u00f3gia<\/h2>\n<h3 data-sourcepos=\"5:1-5:24\">K\u013e\u00fa\u010dov\u00e9 v\u00fdhody In-Mold Electronics<strong>:<\/strong><\/h3>\n<ul>\n<li><span class=\"citation-2 recitation\">Zn\u00ed\u017een\u00e9 n\u00e1klady na mont\u00e1\u017e:<\/span><span class=\"citation-2 recitation citation-end-2\"> Integr\u00e1ciou elektronick\u00fdch komponentov priamo do plastov\u00e9ho dielu eliminuje IME potrebu samostatn\u00fdch mont\u00e1\u017enych krokov, \u010d\u00edm sa v\u00fdrazne zni\u017euj\u00fa v\u00fdrobn\u00e9 n\u00e1klady.<\/span><\/li>\n<li>Zv\u00fd\u0161en\u00e1 odolnos\u0165: <span class=\"citation-3 recitation citation-end-3\">IME vytv\u00e1ra siln\u00e9 spojenie medzi elektronick\u00fdmi komponentmi a plastov\u00fdm dielom, \u010d\u00edm zvy\u0161uje odolnos\u0165 a odolnos\u0165 vo\u010di environment\u00e1lnym faktorom.<\/span><\/li>\n<li>Men\u0161\u00ed tvarov\u00fd faktor: <span class=\"citation-4 recitation citation-end-4\">IME umo\u017e\u0148uje vytv\u00e1ra\u0165 ten\u0161ie a kompaktnej\u0161ie elektronick\u00e9 zariadenia, v\u010faka \u010domu s\u00fa prenosnej\u0161ie a esteticky pr\u00edjemnej\u0161ie.<\/span><\/li>\n<li>Vylep\u0161en\u00e1 estetika: IME sa d\u00e1 pou\u017ei\u0165 na vytv\u00e1ranie bez\u0161vov\u00fdch a vizu\u00e1lne pr\u00ed\u0165a\u017eliv\u00fdch dizajnov, ktor\u00e9 bezprobl\u00e9movo integruj\u00fa elektronick\u00e9 komponenty do celkov\u00e9ho vzh\u013eadu produktu.<\/li>\n<li>Zv\u00fd\u0161en\u00e1 spo\u013eahlivos\u0165: <span class=\"citation-5 recitation citation-end-5\">Elimin\u00e1ciou extern\u00fdch pripojen\u00ed a mont\u00e1\u017enych krokov m\u00f4\u017ee IME zv\u00fd\u0161i\u0165 spo\u013eahlivos\u0165 a \u017eivotnos\u0165 elektronick\u00fdch produktov.<\/span><\/li>\n<\/ul>\n<h3 data-sourcepos=\"13:1-13:24\">Aplik\u00e1cie In-Mold Electronics:<\/h3>\n<ul data-sourcepos=\"15:1-19:0\">\n<li data-sourcepos=\"15:1-15:100\">Spotrebn\u00e1 elektronika: Kl\u00e1vesnice, dia\u013ekov\u00e9 ovl\u00e1da\u010de, automobilov\u00e9 palubn\u00e9 dosky a nosite\u013en\u00e9 zariadenia.<\/li>\n<li data-sourcepos=\"16:1-16:110\">Zdravotn\u00edcke pom\u00f4cky: <span class=\"citation-6 recitation citation-end-6\">Diagnostick\u00e9 zariadenia, syst\u00e9my monitorovania pacientov a implantovate\u013en\u00e9 zariadenia.<\/span><\/li>\n<li data-sourcepos=\"16:1-16:110\">Automobilov\u00fd priemysel: <span class=\"citation-7 recitation citation-end-7\">Ovl\u00e1dacie panely, pr\u00edstrojov\u00e9 zhluky a dverov\u00e9 panely.<\/span><\/li>\n<li data-sourcepos=\"16:1-16:110\">Priemyseln\u00e1 automatiz\u00e1cia: Ovl\u00e1dacie panely, senzory a \u010fal\u0161ie automatiza\u010dn\u00e9 komponenty.<\/li>\n<\/ul>","protected":false},"excerpt":{"rendered":"<p><span class=\"citation-0 recitation\">In-Mold Electronics (IME)<\/span><span class=\"citation-0 recitation citation-end-0\"> je v\u00fdrobn\u00fd proces, ktor\u00fd integruje elektronick\u00e9 komponenty priamo do plastov\u00fdch dielov po\u010das procesu formovania.<\/span> <span class=\"citation-1 recitation citation-end-1\">T\u00e1to inovat\u00edvna technika pon\u00faka mno\u017estvo v\u00fdhod oproti tradi\u010dn\u00fdm mont\u00e1\u017enym met\u00f3dam, v\u010faka \u010domu je ob\u013e\u00fabenou vo\u013ebou pre r\u00f4zne odvetvia.<\/span><\/p>\n<p><span class=\"citation-8 recitation citation-end-8\">IME je \u0161pi\u010dkov\u00e1 technol\u00f3gia, ktor\u00e1 pon\u00faka v\u00fdznamn\u00e9 v\u00fdhody z h\u013eadiska n\u00e1kladov, trvanlivosti, dizajnu a spo\u013eahlivosti.<\/span> Ke\u010f\u017ee sa technol\u00f3gia neust\u00e1le vyv\u00edja, m\u00f4\u017eeme o\u010dak\u00e1va\u0165 e\u0161te inovat\u00edvnej\u0161ie aplik\u00e1cie v bud\u00facnosti.<\/p>","protected":false},"featured_media":2439,"template":"","meta":[],"product_brand":[],"product_cat":[40],"product_tag":[],"class_list":{"0":"post-2438","1":"product","2":"type-product","3":"status-publish","4":"has-post-thumbnail","6":"product_cat-membrane-switch","8":"first","9":"instock","10":"shipping-taxable","11":"product-type-simple"},"_links":{"self":[{"href":"https:\/\/membraneswitchmfg.com\/sk\/wp-json\/wp\/v2\/product\/2438","targetHints":{"allow":["GET"]}}],"collection":[{"href":"https:\/\/membraneswitchmfg.com\/sk\/wp-json\/wp\/v2\/product"}],"about":[{"href":"https:\/\/membraneswitchmfg.com\/sk\/wp-json\/wp\/v2\/types\/product"}],"wp:featuredmedia":[{"embeddable":true,"href":"https:\/\/membraneswitchmfg.com\/sk\/wp-json\/wp\/v2\/media\/2439"}],"wp:attachment":[{"href":"https:\/\/membraneswitchmfg.com\/sk\/wp-json\/wp\/v2\/media?parent=2438"}],"wp:term":[{"taxonomy":"product_brand","embeddable":true,"href":"https:\/\/membraneswitchmfg.com\/sk\/wp-json\/wp\/v2\/product_brand?post=2438"},{"taxonomy":"product_cat","embeddable":true,"href":"https:\/\/membraneswitchmfg.com\/sk\/wp-json\/wp\/v2\/product_cat?post=2438"},{"taxonomy":"product_tag","embeddable":true,"href":"https:\/\/membraneswitchmfg.com\/sk\/wp-json\/wp\/v2\/product_tag?post=2438"}],"curies":[{"name":"wp","href":"https:\/\/api.w.org\/{rel}","templated":true}]}}