{"id":2485,"date":"2024-11-11T06:36:37","date_gmt":"2024-11-11T06:36:37","guid":{"rendered":"https:\/\/membraneswitchmfg.com\/?page_id=2485"},"modified":"2024-11-11T08:14:44","modified_gmt":"2024-11-11T08:14:44","slug":"applications-2","status":"publish","type":"page","link":"https:\/\/membraneswitchmfg.com\/sl\/applications-2\/","title":{"rendered":"Aplikacije"},"content":{"rendered":"<div class=\"banner has-hover has-parallax\" id=\"banner-1135252600\">\n          <div class=\"banner-inner fill\">\n        <div class=\"banner-bg fill\" data-parallax=\"-3\" data-parallax-container=\".banner\" data-parallax-background>\n            <div class=\"bg fill bg-fill\"><\/div>\n                                    \n                    <\/div>\n\t\t\n        <div class=\"banner-layers container\">\n            <div class=\"fill banner-link\"><\/div>            \n   <div id=\"text-box-221094901\" class=\"text-box banner-layer x50 md-x15 lg-x15 y50 md-y10 lg-y10 res-text\">\n                     <div data-animate=\"fadeInLeft\">           <div class=\"text-box-content text dark\">\n              \n              <div class=\"text-inner text-center\">\n                  \n\t<div id=\"text-1144166408\" class=\"text\">\n\t\t\n<h1 class=\"text-uppercase page-title\">Aplikacije<\/h1>\n\t\t\n<style>\n#text-1144166408 {\n  color: #0c5af7;\n}\n#text-1144166408 > * {\n  color: #0c5af7;\n}\n<\/style>\n\t<\/div>\n\t\n              <\/div>\n           <\/div>\n       <\/div>                     \n<style>\n#text-box-221094901 {\n  width: 80%;\n}\n#text-box-221094901 .text-box-content {\n  font-size: 100%;\n}\n@media (min-width:550px) {\n  #text-box-221094901 {\n    width: 41%;\n  }\n}\n<\/style>\n    <\/div>\n \n        <\/div>\n      <\/div>\n\n            \n<style>\n#banner-1135252600 {\n  padding-top: 540px;\n}\n#banner-1135252600 .bg.bg-loaded {\n  background-image: url(https:\/\/membraneswitchmfg.com\/wp-content\/uploads\/2024\/11\/Applications.jpg);\n}\n#banner-1135252600 .overlay {\n  background-color: rgba(0, 0, 0, 0.3);\n}\n#banner-1135252600 .bg {\n  background-position: 35% 23%;\n}\n<\/style>\n  <\/div>\n\n\n\t<section class=\"section\" id=\"section_1241165011\">\n\t\t<div class=\"bg section-bg fill bg-fill  bg-loaded\" >\n\n\t\t\t\n\t\t\t\n\t\t\t\n\n\t\t<\/div>\n\n\t\t\n\n\t\t<div class=\"section-content relative\">\n\t\t\t\n<div class=\"row\"  id=\"row-1559498348\">\n\n\t<div id=\"col-1354359349\" class=\"col small-12 large-12\"  >\n\t\t\t\t<div class=\"col-inner\"  >\n\t\t\t\n\t\t\t\n<h2 style=\"text-align: center;\">Uporaba membranskega stikala<\/h2>\n<p>Absolutno! Membranska stikala so neverjetno vsestranska in se uporabljajo v \u0161tevilnih panogah in izdelkih. Tukaj je raz\u010dlenitev njihovih najpogostej\u0161ih uporab:<\/p>\n<div class=\"row\"  id=\"row-381234535\">\n\n\t<div id=\"col-756390637\" class=\"col small-12 large-12\"  >\n\t\t\t\t<div class=\"col-inner\"  >\n\t\t\t\n\t\t\t\n\t<div id=\"gap-708713865\" class=\"gap-element clearfix\" style=\"display:block; height:auto;\">\n\t\t\n<style>\n#gap-708713865 {\n  padding-top: 15px;\n}\n<\/style>\n\t<\/div>\n\t\n\n  \n    <div class=\"row large-columns-3 medium-columns-1 small-columns-1 row-xsmall\" >\n  <div class=\"col post-item\" >\n\t\t\t<div class=\"col-inner\">\n\t\t\t\t<div class=\"box box-default box-text-bottom box-blog-post has-hover\">\n            \t\t\t\t\t<div class=\"box-image\" >\n  \t\t\t\t\t\t<div class=\"image-cover\" style=\"padding-top:56.25%;\">\n\t\t\t\t\t\t\t<a href=\"https:\/\/membraneswitchmfg.com\/sl\/membrane-switche-in-industrial-control-panel\/\" class=\"plain\" aria-label=\"Pomen membranskih stikal v industrijskih nadzornih plo\u0161\u010dah\">\n\t\t\t\t\t\t\t\t<img loading=\"lazy\" decoding=\"async\" width=\"1492\" height=\"1024\" src=\"https:\/\/membraneswitchmfg.com\/wp-content\/uploads\/2024\/11\/Industrial-Control-Panel1.jpg\" class=\"attachment-original size-original wp-post-image\" alt=\"Industrijska nadzorna plo\u0161\u010da\" srcset=\"https:\/\/membraneswitchmfg.com\/wp-content\/uploads\/2024\/11\/Industrial-Control-Panel1.jpg 1492w, https:\/\/membraneswitchmfg.com\/wp-content\/uploads\/2024\/11\/Industrial-Control-Panel1-300x206.jpg 300w, https:\/\/membraneswitchmfg.com\/wp-content\/uploads\/2024\/11\/Industrial-Control-Panel1-1024x703.jpg 1024w, https:\/\/membraneswitchmfg.com\/wp-content\/uploads\/2024\/11\/Industrial-Control-Panel1-768x527.jpg 768w, https:\/\/membraneswitchmfg.com\/wp-content\/uploads\/2024\/11\/Industrial-Control-Panel1-18x12.jpg 18w, https:\/\/membraneswitchmfg.com\/wp-content\/uploads\/2024\/11\/Industrial-Control-Panel1-600x412.jpg 600w\" sizes=\"auto, (max-width: 1492px) 100vw, 1492px\" \/>\t\t\t\t\t\t\t<\/a>\n  \t\t\t\t\t\t\t  \t\t\t\t\t\t\t  \t\t\t\t\t\t<\/div>\n  \t\t\t\t\t\t  \t\t\t\t\t<\/div>\n          \t\t\t\t\t<div class=\"box-text text-center\" >\n\t\t\t\t\t<div class=\"box-text-inner blog-post-inner\">\n\n\t\t\t\t\t\n\t\t\t\t\t\t\t\t\t\t<h5 class=\"post-title is-large\">\n\t\t\t\t\t\t<a href=\"https:\/\/membraneswitchmfg.com\/sl\/membrane-switche-in-industrial-control-panel\/\" class=\"plain\">Pomen membranskih stikal v industrijskih nadzornih plo\u0161\u010dah<\/a>\n\t\t\t\t\t<\/h5>\n\t\t\t\t\t\t\t\t\t\t<div class=\"is-divider\"><\/div>\n\t\t\t\t\t\t\t\t\t\t<p class=\"from_the_blog_excerpt\">\n\t\t\t\t\t\tPredstavitev membranskih stikal v industrijskih nadzornih plo\u0161\u010dah V svetu industrijskih dejavnosti je nadzor [...]\t\t\t\t\t<\/p>\n\t\t\t\t\t                    \n\t\t\t\t\t\n\t\t\t\t\t\n\t\t\t\t\t<\/div>\n\t\t\t\t\t<\/div>\n\t\t\t\t\t\t\t\t\t<\/div>\n\t\t\t<\/div>\n\t\t<\/div><div class=\"col post-item\" >\n\t\t\t<div class=\"col-inner\">\n\t\t\t\t<div class=\"box box-default box-text-bottom box-blog-post has-hover\">\n            \t\t\t\t\t<div class=\"box-image\" >\n  \t\t\t\t\t\t<div class=\"image-cover\" style=\"padding-top:56.25%;\">\n\t\t\t\t\t\t\t<a href=\"https:\/\/membraneswitchmfg.com\/sl\/membrane-switches-in-assistive-technology\/\" class=\"plain\" aria-label=\"Vloga membranskih stikal v podporni tehnologiji\">\n\t\t\t\t\t\t\t\t<img loading=\"lazy\" decoding=\"async\" width=\"1920\" height=\"1280\" src=\"https:\/\/membraneswitchmfg.com\/wp-content\/uploads\/2024\/11\/Membrane-Switches-in-Assistive-Technology.webp\" class=\"attachment-original size-original wp-post-image\" alt=\"Membranska stikala v podporni tehnologiji\" srcset=\"https:\/\/membraneswitchmfg.com\/wp-content\/uploads\/2024\/11\/Membrane-Switches-in-Assistive-Technology.webp 1920w, https:\/\/membraneswitchmfg.com\/wp-content\/uploads\/2024\/11\/Membrane-Switches-in-Assistive-Technology-300x200.webp 300w, https:\/\/membraneswitchmfg.com\/wp-content\/uploads\/2024\/11\/Membrane-Switches-in-Assistive-Technology-1024x683.webp 1024w, https:\/\/membraneswitchmfg.com\/wp-content\/uploads\/2024\/11\/Membrane-Switches-in-Assistive-Technology-768x512.webp 768w, https:\/\/membraneswitchmfg.com\/wp-content\/uploads\/2024\/11\/Membrane-Switches-in-Assistive-Technology-1536x1024.webp 1536w, https:\/\/membraneswitchmfg.com\/wp-content\/uploads\/2024\/11\/Membrane-Switches-in-Assistive-Technology-18x12.webp 18w, https:\/\/membraneswitchmfg.com\/wp-content\/uploads\/2024\/11\/Membrane-Switches-in-Assistive-Technology-600x400.webp 600w\" sizes=\"auto, (max-width: 1920px) 100vw, 1920px\" \/>\t\t\t\t\t\t\t<\/a>\n  \t\t\t\t\t\t\t  \t\t\t\t\t\t\t  \t\t\t\t\t\t<\/div>\n  \t\t\t\t\t\t  \t\t\t\t\t<\/div>\n          \t\t\t\t\t<div class=\"box-text text-center\" >\n\t\t\t\t\t<div class=\"box-text-inner blog-post-inner\">\n\n\t\t\t\t\t\n\t\t\t\t\t\t\t\t\t\t<h5 class=\"post-title is-large\">\n\t\t\t\t\t\t<a href=\"https:\/\/membraneswitchmfg.com\/sl\/membrane-switches-in-assistive-technology\/\" class=\"plain\">Vloga membranskih stikal v podporni tehnologiji<\/a>\n\t\t\t\t\t<\/h5>\n\t\t\t\t\t\t\t\t\t\t<div class=\"is-divider\"><\/div>\n\t\t\t\t\t\t\t\t\t\t<p class=\"from_the_blog_excerpt\">\n\t\t\t\t\t\tPredstavitev membranskih stikal v podporni tehnologiji V dana\u0161njem svetu ima podporna tehnologija klju\u010dno vlogo pri razvoju [...]\t\t\t\t\t<\/p>\n\t\t\t\t\t                    \n\t\t\t\t\t\n\t\t\t\t\t\n\t\t\t\t\t<\/div>\n\t\t\t\t\t<\/div>\n\t\t\t\t\t\t\t\t\t<\/div>\n\t\t\t<\/div>\n\t\t<\/div><div class=\"col post-item\" >\n\t\t\t<div class=\"col-inner\">\n\t\t\t\t<div class=\"box box-default box-text-bottom box-blog-post has-hover\">\n            \t\t\t\t\t<div class=\"box-image\" >\n  \t\t\t\t\t\t<div class=\"image-cover\" style=\"padding-top:56.25%;\">\n\t\t\t\t\t\t\t<a href=\"https:\/\/membraneswitchmfg.com\/sl\/membrane-switches-in-medical-equipment\/\" class=\"plain\" aria-label=\"Pomen membranskih stikal v medicinski opremi\">\n\t\t\t\t\t\t\t\t<img loading=\"lazy\" decoding=\"async\" width=\"1500\" height=\"1375\" src=\"https:\/\/membraneswitchmfg.com\/wp-content\/uploads\/2024\/11\/Membrane-Switches-in-Medical-Equipment11.jpg\" class=\"attachment-original size-original wp-post-image\" alt=\"Membranska stikala v medicinski opremi\" srcset=\"https:\/\/membraneswitchmfg.com\/wp-content\/uploads\/2024\/11\/Membrane-Switches-in-Medical-Equipment11.jpg 1500w, https:\/\/membraneswitchmfg.com\/wp-content\/uploads\/2024\/11\/Membrane-Switches-in-Medical-Equipment11-300x275.jpg 300w, https:\/\/membraneswitchmfg.com\/wp-content\/uploads\/2024\/11\/Membrane-Switches-in-Medical-Equipment11-1024x939.jpg 1024w, https:\/\/membraneswitchmfg.com\/wp-content\/uploads\/2024\/11\/Membrane-Switches-in-Medical-Equipment11-768x704.jpg 768w, https:\/\/membraneswitchmfg.com\/wp-content\/uploads\/2024\/11\/Membrane-Switches-in-Medical-Equipment11-13x12.jpg 13w, https:\/\/membraneswitchmfg.com\/wp-content\/uploads\/2024\/11\/Membrane-Switches-in-Medical-Equipment11-600x550.jpg 600w\" sizes=\"auto, (max-width: 1500px) 100vw, 1500px\" \/>\t\t\t\t\t\t\t<\/a>\n  \t\t\t\t\t\t\t  \t\t\t\t\t\t\t  \t\t\t\t\t\t<\/div>\n  \t\t\t\t\t\t  \t\t\t\t\t<\/div>\n          \t\t\t\t\t<div class=\"box-text text-center\" >\n\t\t\t\t\t<div class=\"box-text-inner blog-post-inner\">\n\n\t\t\t\t\t\n\t\t\t\t\t\t\t\t\t\t<h5 class=\"post-title is-large\">\n\t\t\t\t\t\t<a href=\"https:\/\/membraneswitchmfg.com\/sl\/membrane-switches-in-medical-equipment\/\" class=\"plain\">Pomen membranskih stikal v medicinski opremi<\/a>\n\t\t\t\t\t<\/h5>\n\t\t\t\t\t\t\t\t\t\t<div class=\"is-divider\"><\/div>\n\t\t\t\t\t\t\t\t\t\t<p class=\"from_the_blog_excerpt\">\n\t\t\t\t\t\tPredstavitev membranskih stikal v medicinski opremi Na podro\u010dju zdravstvenega varstva ima medicinska oprema [...]\t\t\t\t\t<\/p>\n\t\t\t\t\t                    \n\t\t\t\t\t\n\t\t\t\t\t\n\t\t\t\t\t<\/div>\n\t\t\t\t\t<\/div>\n\t\t\t\t\t\t\t\t\t<\/div>\n\t\t\t<\/div>\n\t\t<\/div><div class=\"col post-item\" >\n\t\t\t<div class=\"col-inner\">\n\t\t\t\t<div class=\"box box-default box-text-bottom box-blog-post has-hover\">\n            \t\t\t\t\t<div class=\"box-image\" >\n  \t\t\t\t\t\t<div class=\"image-cover\" style=\"padding-top:56.25%;\">\n\t\t\t\t\t\t\t<a href=\"https:\/\/membraneswitchmfg.com\/sl\/membrane-switches-in-household-appliances\/\" class=\"plain\" aria-label=\"Vloga membranskih stikal v gospodinjskih aparatih\">\n\t\t\t\t\t\t\t\t<img loading=\"lazy\" decoding=\"async\" width=\"1500\" height=\"1247\" src=\"https:\/\/membraneswitchmfg.com\/wp-content\/uploads\/2024\/11\/Membrane-Switches-in-Household-Appliances.jpg\" class=\"attachment-original size-original wp-post-image\" alt=\"Membranska stikala v gospodinjskih aparatih\" srcset=\"https:\/\/membraneswitchmfg.com\/wp-content\/uploads\/2024\/11\/Membrane-Switches-in-Household-Appliances.jpg 1500w, https:\/\/membraneswitchmfg.com\/wp-content\/uploads\/2024\/11\/Membrane-Switches-in-Household-Appliances-300x249.jpg 300w, https:\/\/membraneswitchmfg.com\/wp-content\/uploads\/2024\/11\/Membrane-Switches-in-Household-Appliances-1024x851.jpg 1024w, https:\/\/membraneswitchmfg.com\/wp-content\/uploads\/2024\/11\/Membrane-Switches-in-Household-Appliances-768x638.jpg 768w, https:\/\/membraneswitchmfg.com\/wp-content\/uploads\/2024\/11\/Membrane-Switches-in-Household-Appliances-14x12.jpg 14w, https:\/\/membraneswitchmfg.com\/wp-content\/uploads\/2024\/11\/Membrane-Switches-in-Household-Appliances-600x499.jpg 600w\" sizes=\"auto, (max-width: 1500px) 100vw, 1500px\" \/>\t\t\t\t\t\t\t<\/a>\n  \t\t\t\t\t\t\t  \t\t\t\t\t\t\t  \t\t\t\t\t\t<\/div>\n  \t\t\t\t\t\t  \t\t\t\t\t<\/div>\n          \t\t\t\t\t<div class=\"box-text text-center\" >\n\t\t\t\t\t<div class=\"box-text-inner blog-post-inner\">\n\n\t\t\t\t\t\n\t\t\t\t\t\t\t\t\t\t<h5 class=\"post-title is-large\">\n\t\t\t\t\t\t<a href=\"https:\/\/membraneswitchmfg.com\/sl\/membrane-switches-in-household-appliances\/\" class=\"plain\">Vloga membranskih stikal v gospodinjskih aparatih<\/a>\n\t\t\t\t\t<\/h5>\n\t\t\t\t\t\t\t\t\t\t<div class=\"is-divider\"><\/div>\n\t\t\t\t\t\t\t\t\t\t<p class=\"from_the_blog_excerpt\">\n\t\t\t\t\t\tPredstavite pomen gospodinjskih aparatov v vsakdanjem \u017eivljenju Gospodinjski aparati so v na\u0161em vsakdanjem \u017eivljenju [...]\t\t\t\t\t<\/p>\n\t\t\t\t\t                    \n\t\t\t\t\t\n\t\t\t\t\t\n\t\t\t\t\t<\/div>\n\t\t\t\t\t<\/div>\n\t\t\t\t\t\t\t\t\t<\/div>\n\t\t\t<\/div>\n\t\t<\/div><div class=\"col post-item\" >\n\t\t\t<div class=\"col-inner\">\n\t\t\t\t<div class=\"box box-default box-text-bottom box-blog-post has-hover\">\n            \t\t\t\t\t<div class=\"box-image\" >\n  \t\t\t\t\t\t<div class=\"image-cover\" style=\"padding-top:56.25%;\">\n\t\t\t\t\t\t\t<a href=\"https:\/\/membraneswitchmfg.com\/sl\/membrane-switches-in-game-controllers\/\" class=\"plain\" aria-label=\"Prednosti membranskih stikal v igralnih krmilnikih\">\n\t\t\t\t\t\t\t\t<img loading=\"lazy\" decoding=\"async\" width=\"1500\" height=\"924\" src=\"https:\/\/membraneswitchmfg.com\/wp-content\/uploads\/2024\/11\/Game-Controller1.jpg\" class=\"attachment-original size-original wp-post-image\" alt=\"Igralni krmilnik\" srcset=\"https:\/\/membraneswitchmfg.com\/wp-content\/uploads\/2024\/11\/Game-Controller1.jpg 1500w, https:\/\/membraneswitchmfg.com\/wp-content\/uploads\/2024\/11\/Game-Controller1-300x185.jpg 300w, https:\/\/membraneswitchmfg.com\/wp-content\/uploads\/2024\/11\/Game-Controller1-1024x631.jpg 1024w, https:\/\/membraneswitchmfg.com\/wp-content\/uploads\/2024\/11\/Game-Controller1-768x473.jpg 768w, https:\/\/membraneswitchmfg.com\/wp-content\/uploads\/2024\/11\/Game-Controller1-18x12.jpg 18w, https:\/\/membraneswitchmfg.com\/wp-content\/uploads\/2024\/11\/Game-Controller1-600x370.jpg 600w\" sizes=\"auto, (max-width: 1500px) 100vw, 1500px\" \/>\t\t\t\t\t\t\t<\/a>\n  \t\t\t\t\t\t\t  \t\t\t\t\t\t\t  \t\t\t\t\t\t<\/div>\n  \t\t\t\t\t\t  \t\t\t\t\t<\/div>\n          \t\t\t\t\t<div class=\"box-text text-center\" >\n\t\t\t\t\t<div class=\"box-text-inner blog-post-inner\">\n\n\t\t\t\t\t\n\t\t\t\t\t\t\t\t\t\t<h5 class=\"post-title is-large\">\n\t\t\t\t\t\t<a href=\"https:\/\/membraneswitchmfg.com\/sl\/membrane-switches-in-game-controllers\/\" class=\"plain\">Prednosti membranskih stikal v igralnih krmilnikih<\/a>\n\t\t\t\t\t<\/h5>\n\t\t\t\t\t\t\t\t\t\t<div class=\"is-divider\"><\/div>\n\t\t\t\t\t\t\t\t\t\t<p class=\"from_the_blog_excerpt\">\n\t\t\t\t\t\tPredstavite membranska stikala kot klju\u010dni sestavni del krmilnikov za igre. Na podro\u010dju iger je [...]\t\t\t\t\t<\/p>\n\t\t\t\t\t                    \n\t\t\t\t\t\n\t\t\t\t\t\n\t\t\t\t\t<\/div>\n\t\t\t\t\t<\/div>\n\t\t\t\t\t\t\t\t\t<\/div>\n\t\t\t<\/div>\n\t\t<\/div><div class=\"col post-item\" >\n\t\t\t<div class=\"col-inner\">\n\t\t\t\t<div class=\"box box-default box-text-bottom box-blog-post has-hover\">\n            \t\t\t\t\t<div class=\"box-image\" >\n  \t\t\t\t\t\t<div class=\"image-cover\" style=\"padding-top:56.25%;\">\n\t\t\t\t\t\t\t<a href=\"https:\/\/membraneswitchmfg.com\/sl\/membrane-switches-in-remote-controls\/\" class=\"plain\" aria-label=\"Uporaba membranskih stikal v daljinskih upravljalnikih\">\n\t\t\t\t\t\t\t\t<img loading=\"lazy\" decoding=\"async\" width=\"1583\" height=\"931\" src=\"https:\/\/membraneswitchmfg.com\/wp-content\/uploads\/2024\/11\/Remote-Controls1.jpg\" class=\"attachment-original size-original wp-post-image\" alt=\"Daljinski upravljalniki\" srcset=\"https:\/\/membraneswitchmfg.com\/wp-content\/uploads\/2024\/11\/Remote-Controls1.jpg 1583w, https:\/\/membraneswitchmfg.com\/wp-content\/uploads\/2024\/11\/Remote-Controls1-300x176.jpg 300w, https:\/\/membraneswitchmfg.com\/wp-content\/uploads\/2024\/11\/Remote-Controls1-1024x602.jpg 1024w, https:\/\/membraneswitchmfg.com\/wp-content\/uploads\/2024\/11\/Remote-Controls1-768x452.jpg 768w, https:\/\/membraneswitchmfg.com\/wp-content\/uploads\/2024\/11\/Remote-Controls1-1536x903.jpg 1536w, https:\/\/membraneswitchmfg.com\/wp-content\/uploads\/2024\/11\/Remote-Controls1-18x12.jpg 18w, https:\/\/membraneswitchmfg.com\/wp-content\/uploads\/2024\/11\/Remote-Controls1-600x353.jpg 600w\" sizes=\"auto, (max-width: 1583px) 100vw, 1583px\" \/>\t\t\t\t\t\t\t<\/a>\n  \t\t\t\t\t\t\t  \t\t\t\t\t\t\t  \t\t\t\t\t\t<\/div>\n  \t\t\t\t\t\t  \t\t\t\t\t<\/div>\n          \t\t\t\t\t<div class=\"box-text text-center\" >\n\t\t\t\t\t<div class=\"box-text-inner blog-post-inner\">\n\n\t\t\t\t\t\n\t\t\t\t\t\t\t\t\t\t<h5 class=\"post-title is-large\">\n\t\t\t\t\t\t<a href=\"https:\/\/membraneswitchmfg.com\/sl\/membrane-switches-in-remote-controls\/\" class=\"plain\">Uporaba membranskih stikal v daljinskih upravljalnikih<\/a>\n\t\t\t\t\t<\/h5>\n\t\t\t\t\t\t\t\t\t\t<div class=\"is-divider\"><\/div>\n\t\t\t\t\t\t\t\t\t\t<p class=\"from_the_blog_excerpt\">\n\t\t\t\t\t\tV svetu sodobne elektronike imajo daljinski upravljalniki klju\u010dno vlogo pri zagotavljanju udobnega upravljanja in [...]\t\t\t\t\t<\/p>\n\t\t\t\t\t                    \n\t\t\t\t\t\n\t\t\t\t\t\n\t\t\t\t\t<\/div>\n\t\t\t\t\t<\/div>\n\t\t\t\t\t\t\t\t\t<\/div>\n\t\t\t<\/div>\n\t\t<\/div><\/div>\n\t\t<\/div>\n\t\t\t\t\t<\/div>\n\n\t\n<\/div>\n\t\t<\/div>\n\t\t\t\t\t<\/div>\n\n\t\n<\/div>\n\t\t<\/div>\n\n\t\t\n<style>\n#section_1241165011 {\n  padding-top: 30px;\n  padding-bottom: 30px;\n}\n<\/style>\n\t<\/section>","protected":false},"excerpt":{"rendered":"","protected":false},"author":1,"featured_media":0,"parent":0,"menu_order":0,"comment_status":"closed","ping_status":"closed","template":"page-blank.php","meta":{"footnotes":""},"class_list":["post-2485","page","type-page","status-publish","hentry"],"_links":{"self":[{"href":"https:\/\/membraneswitchmfg.com\/sl\/wp-json\/wp\/v2\/pages\/2485","targetHints":{"allow":["GET"]}}],"collection":[{"href":"https:\/\/membraneswitchmfg.com\/sl\/wp-json\/wp\/v2\/pages"}],"about":[{"href":"https:\/\/membraneswitchmfg.com\/sl\/wp-json\/wp\/v2\/types\/page"}],"author":[{"embeddable":true,"href":"https:\/\/membraneswitchmfg.com\/sl\/wp-json\/wp\/v2\/users\/1"}],"replies":[{"embeddable":true,"href":"https:\/\/membraneswitchmfg.com\/sl\/wp-json\/wp\/v2\/comments?post=2485"}],"version-history":[{"count":8,"href":"https:\/\/membraneswitchmfg.com\/sl\/wp-json\/wp\/v2\/pages\/2485\/revisions"}],"predecessor-version":[{"id":2523,"href":"https:\/\/membraneswitchmfg.com\/sl\/wp-json\/wp\/v2\/pages\/2485\/revisions\/2523"}],"wp:attachment":[{"href":"https:\/\/membraneswitchmfg.com\/sl\/wp-json\/wp\/v2\/media?parent=2485"}],"curies":[{"name":"wp","href":"https:\/\/api.w.org\/{rel}","templated":true}]}}