{"id":1687,"date":"2024-06-22T14:56:03","date_gmt":"2024-06-22T14:56:03","guid":{"rendered":"https:\/\/membraneswitchmfg.com\/manufacturer\/csa-high-temperature-resistant-certification-label\/"},"modified":"2024-06-26T00:55:06","modified_gmt":"2024-06-26T00:55:06","slug":"csa-high-temperature-resistant-certification-label","status":"publish","type":"product","link":"https:\/\/membraneswitchmfg.com\/sl\/manufacturer\/csa-high-temperature-resistant-certification-label\/","title":{"rendered":"Certifikacijska oznaka CSA za visoko temperaturno odpornost"},"content":{"rendered":"<h2 class=\"\" data-sourcepos=\"1:1-1:108\">CSA Visoko Temperaturno Odporne Certifikacijske Nalepke: Zagotavljanje Skladnosti in Varnosti v Te\u017ekih Okoljih<\/h2>\n<p data-sourcepos=\"3:1-3:119\">Za\u0161\u010ditite svoje izdelke in blagovno znamko s CSA-certificiranimi visoko temperaturno odpornimi nalepkami, ki prenesejo ekstremne pogoje.<\/p>\n<p data-sourcepos=\"5:1-5:51\"><strong>Neprimerljiva vzdr\u017eljivost za zahtevna okolja<\/strong><\/p>\n<p data-sourcepos=\"7:1-7:152\">Na\u0161e CSA visoko temperaturno odporne nalepke so zasnovane tako, da prenesejo najzahtevnej\u0161e pogoje, kar zagotavlja, da informacije o va\u0161em izdelku ostanejo jasne, vidne in skladne tudi ob mo\u010dni vro\u010dini, agresivnih kemikalijah in abrazivni obrabi. Izdelane iz vrhunskih materialov, te nalepke prenesejo neprekinjeno izpostavljenost temperaturam od -40 \u00b0C do 500 \u00b0C (-40 \u00b0F do 932 \u00b0F).<\/p>\n<p data-sourcepos=\"9:1-9:23\"><strong>CSA Certifikat za Brezskrbnost<\/strong><\/p>\n<p data-sourcepos=\"11:1-11:433\">Na\u0161e CSA visoko temperaturno odporne nalepke so strogo testirane in certificirane s strani Kanadskega zdru\u017eenja za standarde (CSA), globalno priznanega vodje na podro\u010dju varnostnih standardov. Ta certifikat zagotavlja, da na\u0161e nalepke izpolnjujejo najvi\u0161je standarde za vzdr\u017eljivost, u\u010dinkovitost in varnost, kar vam zagotavlja brezskrbnost, da bosta identifikacija va\u0161ega izdelka in varnostne oznake ostali nedotaknjene tudi v najzahtevnej\u0161ih okoljih.<\/p>\n<p data-sourcepos=\"13:1-13:42\"><strong>Idealno za \u0160irok Spekter Uporabe<\/strong><\/p>\n<p data-sourcepos=\"15:1-15:91\">Na\u0161e CSA visoko temperaturno odporne nalepke so idealne za uporabo v \u0161irokem spektru aplikacij, vklju\u010dno z:<\/p>\n<ul data-sourcepos=\"17:1-22:0\">\n<li data-sourcepos=\"17:1-17:36\">Industrijski stroji in oprema<\/li>\n<li data-sourcepos=\"18:1-18:37\">Avtomobilski in letalski sestavni deli<\/li>\n<li data-sourcepos=\"19:1-19:28\">Aparati in elektronika<\/li>\n<li data-sourcepos=\"20:1-20:17\">Medicinski pripomo\u010dki<\/li>\n<li data-sourcepos=\"21:1-22:0\">Zunanja signalizacija in nalepke<\/li>\n<\/ul>\n<p data-sourcepos=\"23:1-23:89\"><strong>Partnerstvo s kitajskimi dobavitelji tiskalnikov \u010drtnih kod za vrhunsko kakovost in strokovno znanje<\/strong><\/p>\n<p data-sourcepos=\"25:1-25:353\">Pri China Label Barcode Printer Suppliers smo zavezani zagotavljanju na\u0161im strankam najvi\u0161je kakovosti CSA visoko temperaturno odpornih nalepk in strokovnega znanja za izpolnjevanje njihovih specifi\u010dnih potreb. Na\u0161a ekipa izku\u0161enih strokovnjakov vam lahko pomaga izbrati pravi material za nalepke, lepilo in mo\u017enosti tiskanja za va\u0161e edinstvene zahteve.<\/p>\n<p data-sourcepos=\"27:1-27:181\"><strong>Stopite v stik z nami \u0161e danes<\/strong> \u010de \u017eelite izvedeti ve\u010d o na\u0161ih CSA visoko temperaturno odpornih nalepkah in o tem, kako vam lahko pomagamo za\u0161\u010dititi va\u0161e izdelke in blagovno znamko tudi v najzahtevnej\u0161ih okoljih.<\/p>","protected":false},"excerpt":{"rendered":"<p>Oznaka CSA za certificiranje odpornosti na visoke temperature pomeni, da je izdelek testiran in certificiran s strani CSA (Canadian Standards Association) za u\u010dinkovito in varno prena\u0161anje visokih temperatur.<\/p>","protected":false},"featured_media":1653,"template":"","meta":[],"product_brand":[],"product_cat":[15],"product_tag":[],"class_list":{"0":"post-1687","1":"product","2":"type-product","3":"status-publish","4":"has-post-thumbnail","6":"product_cat-print-label","8":"first","9":"instock","10":"shipping-taxable","11":"product-type-simple"},"_links":{"self":[{"href":"https:\/\/membraneswitchmfg.com\/sl\/wp-json\/wp\/v2\/product\/1687","targetHints":{"allow":["GET"]}}],"collection":[{"href":"https:\/\/membraneswitchmfg.com\/sl\/wp-json\/wp\/v2\/product"}],"about":[{"href":"https:\/\/membraneswitchmfg.com\/sl\/wp-json\/wp\/v2\/types\/product"}],"wp:featuredmedia":[{"embeddable":true,"href":"https:\/\/membraneswitchmfg.com\/sl\/wp-json\/wp\/v2\/media\/1653"}],"wp:attachment":[{"href":"https:\/\/membraneswitchmfg.com\/sl\/wp-json\/wp\/v2\/media?parent=1687"}],"wp:term":[{"taxonomy":"product_brand","embeddable":true,"href":"https:\/\/membraneswitchmfg.com\/sl\/wp-json\/wp\/v2\/product_brand?post=1687"},{"taxonomy":"product_cat","embeddable":true,"href":"https:\/\/membraneswitchmfg.com\/sl\/wp-json\/wp\/v2\/product_cat?post=1687"},{"taxonomy":"product_tag","embeddable":true,"href":"https:\/\/membraneswitchmfg.com\/sl\/wp-json\/wp\/v2\/product_tag?post=1687"}],"curies":[{"name":"wp","href":"https:\/\/api.w.org\/{rel}","templated":true}]}}