{"id":1689,"date":"2024-06-22T14:56:03","date_gmt":"2024-06-22T14:56:03","guid":{"rendered":"https:\/\/membraneswitchmfg.com\/manufacturer\/outdoor-warning-signs\/"},"modified":"2024-06-26T00:53:33","modified_gmt":"2024-06-26T00:53:33","slug":"outdoor-warning-signs","status":"publish","type":"product","link":"https:\/\/membraneswitchmfg.com\/sl\/manufacturer\/outdoor-warning-signs\/","title":{"rendered":"Opozorilni znaki na prostem"},"content":{"rendered":"<h2 class=\"\" data-sourcepos=\"1:1-1:84\">Zunanji opozorilni znaki: Izbolj\u0161anje varnosti in komunikacije v zunanjih okoljih<\/h2>\n<p data-sourcepos=\"3:1-3:144\">U\u010dinkovito sporo\u010dajte morebitne nevarnosti in pomembne informacije v zunanjih okoljih z na\u0161imi trpe\u017enimi in prilagodljivimi zunanjimi opozorilnimi znaki. Na\u0161i znaki so zasnovani tako, da prenesejo te\u017eke zunanje razmere, in zagotavljajo, da va\u0161a sporo\u010dila ostanejo jasna, vidna in pritegnejo pozornost, tudi v te\u017ekih vremenskih razmerah.<\/p>\n<p data-sourcepos=\"5:1-5:49\"><strong>Neprekosljiva vzdr\u017eljivost za zunanja okolja<\/strong><\/p>\n<p data-sourcepos=\"7:1-7:133\">Na\u0161i zunanji opozorilni znaki so izdelani iz visokokakovostnih materialov in z uporabo naprednih tehnik tiskanja, zato so narejeni tako, da trajajo. So odporni na bledenje, trganje in kemi\u010dno razgradnjo, kar zagotavlja, da va\u0161a sporo\u010dila ostanejo vidna in u\u010dinkovita \u0161e leta.<\/p>\n<p data-sourcepos=\"9:1-9:44\"><strong>Prilagodljivost za izpolnjevanje va\u0161ih specifi\u010dnih potreb<\/strong><\/p>\n<p data-sourcepos=\"11:1-11:86\">Ponujamo \u0161tevilne mo\u017enosti prilagajanja, ki ustrezajo va\u0161im posebnim potrebam, vklju\u010dno z:<\/p>\n<ul data-sourcepos=\"13:1-17:0\">\n<li data-sourcepos=\"13:1-13:60\"><strong>Razli\u010dne velikosti in oblike za prilagoditev vsakemu sporo\u010dilu<\/strong><\/li>\n<li data-sourcepos=\"14:1-14:49\"><strong>Barvni tisk za vizualne elemente z velikim u\u010dinkom<\/strong><\/li>\n<li data-sourcepos=\"15:1-15:67\"><strong>Prilagodljivo besedilo in grafika za jasno posredovanje va\u0161ega sporo\u010dila<\/strong><\/li>\n<li data-sourcepos=\"16:1-17:0\"><strong>Izbira materialov, ki ustrezajo va\u0161emu okolju<\/strong><\/li>\n<\/ul>\n<p data-sourcepos=\"18:1-18:50\"><strong>Idealno za \u0161irok spekter zunanjih aplikacij<\/strong><\/p>\n<p data-sourcepos=\"20:1-20:80\">Na\u0161i zunanji opozorilni znaki so idealni za \u0161irok spekter aplikacij, vklju\u010dno z:<\/p>\n<ul data-sourcepos=\"22:1-22:10\">\n<li data-sourcepos=\"22:1-22:10\"><strong>Varnostna opozorila in navodila<\/strong><\/li>\n<li data-sourcepos=\"23:1-23:36\"><strong>Oznake skladnosti s predpisi<\/strong><\/li>\n<li data-sourcepos=\"24:1-24:47\"><strong>Identifikacija nevarnosti in opozorilna signalizacija<\/strong><\/li>\n<li data-sourcepos=\"25:1-25:43\"><strong>Smerna in informativna signalizacija<\/strong><\/li>\n<li data-sourcepos=\"26:1-27:0\"><strong>Signalizacija gradbi\u0161\u010d<\/strong><\/li>\n<\/ul>\n<p data-sourcepos=\"28:1-28:89\"><strong>Partnerstvo s kitajskimi dobavitelji tiskalnikov \u010drtnih kod za vrhunsko kakovost in strokovno znanje<\/strong><\/p>\n<p data-sourcepos=\"30:1-30:309\">Pri China Label Barcode Printer Suppliers smo zavezani, da na\u0161im strankam zagotovimo najkakovostnej\u0161e zunanje opozorilne znake in strokovno znanje za izpolnjevanje njihovih specifi\u010dnih potreb. Na\u0161a ekipa izku\u0161enih strokovnjakov vam lahko pomaga pri oblikovanju in ustvarjanju popolnih znakov za va\u0161e edinstvene zahteve.<\/p>\n<p data-sourcepos=\"32:1-32:148\"><strong>Stopite v stik z nami \u0161e danes<\/strong> \u010de \u017eelite izvedeti ve\u010d o na\u0161ih zunanjih opozorilnih znakih in o tem, kako vam lahko pomagamo izbolj\u0161ati varnost in komunikacijo v zunanjih okoljih.<\/p>","protected":false},"excerpt":{"rendered":"<p>Zunanji opozorilni znaki so posebej oblikovani znaki, name\u0161\u010deni v zunanjem okolju za sporo\u010danje nevarnosti, dajanje navodil ali posredovanje pomembnih informacij. Ti znaki so klju\u010dni za ohranjanje varnosti in reda na obmo\u010djih, kjer okoljski dejavniki in potencialne nevarnosti predstavljajo tveganje za ljudi ali premo\u017eenje.<\/p>","protected":false},"featured_media":1656,"template":"","meta":[],"product_brand":[],"product_cat":[15],"product_tag":[],"class_list":{"0":"post-1689","1":"product","2":"type-product","3":"status-publish","4":"has-post-thumbnail","6":"product_cat-print-label","8":"first","9":"instock","10":"shipping-taxable","11":"product-type-simple"},"_links":{"self":[{"href":"https:\/\/membraneswitchmfg.com\/sl\/wp-json\/wp\/v2\/product\/1689","targetHints":{"allow":["GET"]}}],"collection":[{"href":"https:\/\/membraneswitchmfg.com\/sl\/wp-json\/wp\/v2\/product"}],"about":[{"href":"https:\/\/membraneswitchmfg.com\/sl\/wp-json\/wp\/v2\/types\/product"}],"wp:featuredmedia":[{"embeddable":true,"href":"https:\/\/membraneswitchmfg.com\/sl\/wp-json\/wp\/v2\/media\/1656"}],"wp:attachment":[{"href":"https:\/\/membraneswitchmfg.com\/sl\/wp-json\/wp\/v2\/media?parent=1689"}],"wp:term":[{"taxonomy":"product_brand","embeddable":true,"href":"https:\/\/membraneswitchmfg.com\/sl\/wp-json\/wp\/v2\/product_brand?post=1689"},{"taxonomy":"product_cat","embeddable":true,"href":"https:\/\/membraneswitchmfg.com\/sl\/wp-json\/wp\/v2\/product_cat?post=1689"},{"taxonomy":"product_tag","embeddable":true,"href":"https:\/\/membraneswitchmfg.com\/sl\/wp-json\/wp\/v2\/product_tag?post=1689"}],"curies":[{"name":"wp","href":"https:\/\/api.w.org\/{rel}","templated":true}]}}