{"id":1691,"date":"2024-06-22T14:56:03","date_gmt":"2024-06-22T14:56:03","guid":{"rendered":"https:\/\/membraneswitchmfg.com\/manufacturer\/anti-counterfeiting-anti-theft-label\/"},"modified":"2024-06-26T00:51:33","modified_gmt":"2024-06-26T00:51:33","slug":"anti-counterfeiting-anti-theft-label","status":"publish","type":"product","link":"https:\/\/membraneswitchmfg.com\/sl\/manufacturer\/anti-counterfeiting-anti-theft-label\/","title":{"rendered":"Nalepka proti ponarejanju in kraji"},"content":{"rendered":"<h2 class=\"\" data-sourcepos=\"1:1-1:76\">Etikete proti ponarejanju in kraji: Za\u0161\u010dita va\u0161ih izdelkov in blagovne znamke<\/h2>\n<p data-sourcepos=\"3:1-3:90\">Za\u0161\u010ditite svoje izdelke in ugled blagovne znamke z na\u0161imi inovativnimi etiketami proti ponarejanju in kraji. Te napredne etikete so zasnovane tako, da odvra\u010dajo ponarejanje, prepre\u010dujejo krajo in zagotavljajo pristnost va\u0161ih izdelkov, kar zagotavlja brezskrbnost tako vam kot va\u0161im strankam.<\/p>\n<p data-sourcepos=\"5:1-5:31\"><strong>Neprekosljive varnostne funkcije<\/strong><\/p>\n<p data-sourcepos=\"7:1-7:110\">Na\u0161e etikete proti ponarejanju in kraji vklju\u010dujejo razli\u010dne sofisticirane varnostne funkcije, vklju\u010dno z:<\/p>\n<ul data-sourcepos=\"9:1-11:15\">\n<li data-sourcepos=\"9:1-9:85\"><strong>Edinstveni modeli, ki so o\u010ditni ob posegu<\/strong> ki se ob odstranitvi zlomijo ali razkrijejo skrita sporo\u010dila<\/li>\n<li data-sourcepos=\"10:1-10:66\"><strong>Vgrajeno mikro-besedilo<\/strong> ki je viden le pod pove\u010davo<\/li>\n<li data-sourcepos=\"11:1-11:15\"><strong>Holografske slike<\/strong> ki jih ni mogo\u010de ponoviti<\/li>\n<li data-sourcepos=\"12:1-13:0\"><strong>Specializirana \u010drnila<\/strong> ki reagirajo na specifi\u010dne kemikalije ali topila<\/li>\n<\/ul>\n<p data-sourcepos=\"14:1-14:152\">Te funkcije ponarejevalcem prakti\u010dno onemogo\u010dajo, da bi ponovili va\u0161e etikete, s \u010dimer \u0161\u010ditijo va\u0161e izdelke in blagovno znamko pred nepoobla\u0161\u010denim posnemanjem.<\/p>\n<p data-sourcepos=\"16:1-16:49\"><strong>Vsestranska uporaba za za\u0161\u010dito izdelkov<\/strong><\/p>\n<p data-sourcepos=\"18:1-18:99\">Na\u0161e etikete proti ponarejanju in kraji so primerne za \u0161iroko paleto aplikacij, vklju\u010dno z:<\/p>\n<ul data-sourcepos=\"20:1-23:1\">\n<li data-sourcepos=\"20:1-20:45\"><strong>Farmacevtski in zdravstveni izdelki<\/strong><\/li>\n<li data-sourcepos=\"21:1-21:36\"><strong>Elektronika in potro\u0161ni\u0161ko blago<\/strong><\/li>\n<li data-sourcepos=\"22:1-22:32\"><strong>Luksuzni predmeti in kozmetika<\/strong><\/li>\n<li data-sourcepos=\"23:1-23:1\"><strong>Industrijske komponente in stroji<\/strong><\/li>\n<li data-sourcepos=\"24:1-25:0\"><strong>Programska in digitalni izdelki<\/strong><\/li>\n<\/ul>\n<p data-sourcepos=\"26:1-26:166\">Z uporabo na\u0161ih etiket na va\u0161ih izdelkih lahko odvra\u010date ponarejanje, prepre\u010dujete krajo in zagotovite, da va\u0161e stranke prejmejo originalne izdelke iz poobla\u0161\u010denih virov.<\/p>\n<p data-sourcepos=\"28:1-28:89\"><strong>Partnerstvo s kitajskimi dobavitelji tiskalnikov \u010drtnih kod za vrhunsko kakovost in strokovno znanje<\/strong><\/p>\n<p data-sourcepos=\"30:1-30:362\">Pri China Label Barcode Printer Suppliers smo zavezani, da na\u0161im strankam zagotovimo najkakovostnej\u0161e etikete proti ponarejanju in kraji ter strokovno znanje za izpolnjevanje njihovih specifi\u010dnih potreb. Na\u0161a ekipa izku\u0161enih strokovnjakov vam lahko pomaga izbrati pravi material za etikete, varnostne funkcije in mo\u017enosti tiskanja za va\u0161e edinstvene zahteve.<\/p>\n<p data-sourcepos=\"32:1-32:169\"><strong>Stopite v stik z nami \u0161e danes<\/strong> \u010de \u017eelite izvedeti ve\u010d o na\u0161ih etiketah proti ponarejanju in kraji ter o tem, kako vam lahko pomagamo za\u0161\u010dititi va\u0161e izdelke in blagovno znamko pred ponarejanjem in krajo.<\/p>\n<p data-sourcepos=\"34:1-34:80\"><strong>Dodatne klju\u010dne besede:<\/strong> etikete za tiskalnike, podjetje za tiskanje etiket proti ponarejanju<\/p>","protected":false},"excerpt":{"rendered":"<p>Etikete proti ponarejanju in kraji so specializirane varnostne oznake in ozna\u010dbe, zasnovane za za\u0161\u010dito izdelkov in sredstev pred nepoobla\u0161\u010denim razmno\u017eevanjem, krajo in poseganjem. Te etikete vklju\u010dujejo napredne tehnologije za preverjanje pristnosti, prepre\u010devanje ponarejanja in odvra\u010danje od kraje, kar zagotavlja celovitost in varnost blaga v razli\u010dnih panogah.<\/p>","protected":false},"featured_media":1652,"template":"","meta":[],"product_brand":[],"product_cat":[15],"product_tag":[],"class_list":{"0":"post-1691","1":"product","2":"type-product","3":"status-publish","4":"has-post-thumbnail","6":"product_cat-print-label","8":"first","9":"instock","10":"shipping-taxable","11":"product-type-simple"},"_links":{"self":[{"href":"https:\/\/membraneswitchmfg.com\/sl\/wp-json\/wp\/v2\/product\/1691","targetHints":{"allow":["GET"]}}],"collection":[{"href":"https:\/\/membraneswitchmfg.com\/sl\/wp-json\/wp\/v2\/product"}],"about":[{"href":"https:\/\/membraneswitchmfg.com\/sl\/wp-json\/wp\/v2\/types\/product"}],"wp:featuredmedia":[{"embeddable":true,"href":"https:\/\/membraneswitchmfg.com\/sl\/wp-json\/wp\/v2\/media\/1652"}],"wp:attachment":[{"href":"https:\/\/membraneswitchmfg.com\/sl\/wp-json\/wp\/v2\/media?parent=1691"}],"wp:term":[{"taxonomy":"product_brand","embeddable":true,"href":"https:\/\/membraneswitchmfg.com\/sl\/wp-json\/wp\/v2\/product_brand?post=1691"},{"taxonomy":"product_cat","embeddable":true,"href":"https:\/\/membraneswitchmfg.com\/sl\/wp-json\/wp\/v2\/product_cat?post=1691"},{"taxonomy":"product_tag","embeddable":true,"href":"https:\/\/membraneswitchmfg.com\/sl\/wp-json\/wp\/v2\/product_tag?post=1691"}],"curies":[{"name":"wp","href":"https:\/\/api.w.org\/{rel}","templated":true}]}}