{"id":1692,"date":"2024-06-22T14:56:03","date_gmt":"2024-06-22T14:56:03","guid":{"rendered":"https:\/\/membraneswitchmfg.com\/manufacturer\/variability-qr-code-label\/"},"modified":"2024-06-26T00:51:06","modified_gmt":"2024-06-26T00:51:06","slug":"variability-qr-code-label","status":"publish","type":"product","link":"https:\/\/membraneswitchmfg.com\/sl\/manufacturer\/variability-qr-code-label\/","title":{"rendered":"Oznaka kode QR za variabilnost"},"content":{"rendered":"<div class=\"response-container ng-tns-c1921205209-93 ng-star-inserted response-container-has-multiple-responses\">\n<div class=\"presented-response-container ng-tns-c1921205209-93\">\n<div class=\"response-container-content ng-tns-c1921205209-93 tunable-selection-with-avatar\">\n<div class=\"response-content ng-tns-c1921205209-93\">\n<div class=\"markdown markdown-main-panel\" dir=\"ltr\">\n<h2 class=\"\" data-sourcepos=\"1:1-1:69\">Spremenljive QR kode nalepke: Dinami\u010dni podatki in neprimerljiva vsestranskost<\/h2>\n<p data-sourcepos=\"3:1-3:133\">Izbolj\u0161ajte svoje zmo\u017enosti ozna\u010devanja in upravljanja podatkov z na\u0161imi inovativnimi spremenljivimi QR kode nalepkami. Te vsestranske nalepke ponujajo edinstveno re\u0161itev za aplikacije, ki zahtevajo dinami\u010dne podatke in prilagojene informacije, ter zagotavljajo mo\u010dno orodje za \u0161irok spekter industrij.<\/p>\n<p data-sourcepos=\"5:1-5:50\"><strong>Neprimerljiva vsestranskost za razli\u010dne aplikacije<\/strong><\/p>\n<p data-sourcepos=\"7:1-7:175\">Spremenljive QR kode nalepke so idealne za aplikacije, kjer morajo biti podatki edinstveni ali se pogosto spreminjajo. Vsaka nalepka vsebuje edinstveno QR kodo, ki jo je mogo\u010de povezati s specifi\u010dno bazo podatkov ali spletno stranjo, kar vam omogo\u010da shranjevanje in dostop do velike koli\u010dine dinami\u010dnih informacij. Zaradi tega so popolne za:<\/p>\n<ul data-sourcepos=\"9:1-10:1\">\n<li data-sourcepos=\"9:1-9:47\"><strong>Sledenje izdelkom in upravljanje zalog<\/strong><\/li>\n<li data-sourcepos=\"10:1-10:1\"><strong>Marketin\u0161ke kampanje in prilagojene promocije<\/strong><\/li>\n<li data-sourcepos=\"11:1-11:39\"><strong>Sledenje sredstvom in identifikacija<\/strong><\/li>\n<li data-sourcepos=\"12:1-12:43\"><strong>Upravljanje dobavne verige in logistika<\/strong><\/li>\n<li data-sourcepos=\"13:1-14:0\"><strong>Ukrepi za preverjanje pristnosti in boj proti ponarejanju<\/strong><\/li>\n<\/ul>\n<p data-sourcepos=\"15:1-15:89\"><strong>Partnerstvo s kitajskimi dobavitelji tiskalnikov \u010drtnih kod za vrhunsko kakovost in strokovno znanje<\/strong><\/p>\n<p data-sourcepos=\"17:1-17:348\">Pri China Label Barcode Printer Suppliers smo zavezani, da na\u0161im strankam zagotovimo najkakovostnej\u0161e spremenljive QR kode nalepke in strokovno znanje za izpolnjevanje njihovih specifi\u010dnih potreb aplikacij. Na\u0161a ekipa izku\u0161enih strokovnjakov vam lahko pomaga izbrati pravi material za nalepke, format QR kode in mo\u017enosti tiskanja za va\u0161e edinstvene zahteve.<\/p>\n<p data-sourcepos=\"19:1-19:127\"><strong>Stopite v stik z nami \u0161e danes<\/strong> \u010de \u017eelite izvedeti ve\u010d o na\u0161ih spremenljivih QR kode nalepkah in kako vam lahko pomagamo poenostaviti upravljanje podatkov in izbolj\u0161ati va\u0161e zmo\u017enosti ozna\u010devanja.<\/p>\n<\/div>\n<\/div>\n<\/div>\n<\/div>\n<\/div>","protected":false},"excerpt":{"rendered":"<p>Spremenljive etikete s QR kodo so specializirane etikete, ki imajo edinstvene kode za hitri odziv (QR) na vsaki posamezni etiketi. Te kode QR vsebujejo spremenljive podatke, kar pomeni, da lahko vsaka koda shrani razli\u010dne informacije, zaradi \u010desar so idealne za aplikacije, ki zahtevajo edinstvene identifikatorje, sledljive podatke ali prilagojene informacije.<\/p>","protected":false},"featured_media":1661,"template":"","meta":[],"product_brand":[],"product_cat":[15],"product_tag":[],"class_list":{"0":"post-1692","1":"product","2":"type-product","3":"status-publish","4":"has-post-thumbnail","6":"product_cat-print-label","8":"first","9":"instock","10":"shipping-taxable","11":"product-type-simple"},"_links":{"self":[{"href":"https:\/\/membraneswitchmfg.com\/sl\/wp-json\/wp\/v2\/product\/1692","targetHints":{"allow":["GET"]}}],"collection":[{"href":"https:\/\/membraneswitchmfg.com\/sl\/wp-json\/wp\/v2\/product"}],"about":[{"href":"https:\/\/membraneswitchmfg.com\/sl\/wp-json\/wp\/v2\/types\/product"}],"wp:featuredmedia":[{"embeddable":true,"href":"https:\/\/membraneswitchmfg.com\/sl\/wp-json\/wp\/v2\/media\/1661"}],"wp:attachment":[{"href":"https:\/\/membraneswitchmfg.com\/sl\/wp-json\/wp\/v2\/media?parent=1692"}],"wp:term":[{"taxonomy":"product_brand","embeddable":true,"href":"https:\/\/membraneswitchmfg.com\/sl\/wp-json\/wp\/v2\/product_brand?post=1692"},{"taxonomy":"product_cat","embeddable":true,"href":"https:\/\/membraneswitchmfg.com\/sl\/wp-json\/wp\/v2\/product_cat?post=1692"},{"taxonomy":"product_tag","embeddable":true,"href":"https:\/\/membraneswitchmfg.com\/sl\/wp-json\/wp\/v2\/product_tag?post=1692"}],"curies":[{"name":"wp","href":"https:\/\/api.w.org\/{rel}","templated":true}]}}