{"id":1693,"date":"2024-06-22T14:56:03","date_gmt":"2024-06-22T14:56:03","guid":{"rendered":"https:\/\/membraneswitchmfg.com\/manufacturer\/removable-non-residual-electrostatic-film-label\/"},"modified":"2024-06-25T14:49:18","modified_gmt":"2024-06-25T14:49:18","slug":"removable-non-residual-electrostatic-film-label","status":"publish","type":"product","link":"https:\/\/membraneswitchmfg.com\/sl\/manufacturer\/removable-non-residual-electrostatic-film-label\/","title":{"rendered":"Odstranljiva nalepka iz elektrostati\u010dne folije, ki se ne uporablja za enkratno uporabo"},"content":{"rendered":"<h2 class=\"\" data-sourcepos=\"3:1-3:94\">Odstranljive elektrostati\u010dne folije brez ostankov: vsestranske in ponovno uporabne re\u0161itve za ozna\u010devanje<\/h2>\n<p data-sourcepos=\"5:1-5:318\">Izkoristite priro\u010dnost ponovno uporabnega ozna\u010devanja z na\u0161imi odstranljivimi elektrostati\u010dnimi folijami brez ostankov. Te vsestranske etikete ponujajo re\u0161itev brez te\u017eav za za\u010dasne napise, identifikacijo izdelkov in promocijska sporo\u010dila, saj se varno prilepijo na \u0161irok spekter povr\u0161in, ne da bi za seboj pustile lepljive ostanke.<\/p>\n<p data-sourcepos=\"7:1-7:52\"><strong>Neprimerljiva vsestranskost za za\u010dasne aplikacije<\/strong><\/p>\n<p data-sourcepos=\"9:1-9:162\">Na\u0161e odstranljive elektrostati\u010dne folije brez ostankov so idealne za aplikacije, kjer je treba etikete pogosto odstranjevati in prestavljati. Popolne so za:<\/p>\n<ul data-sourcepos=\"11:1-16:0\">\n<li data-sourcepos=\"11:1-11:36\"><strong>Maloprodajne in promocijske napise<\/strong><\/li>\n<li data-sourcepos=\"12:1-12:38\"><strong>Ozna\u010devanje skladi\u0161\u010d in inventarja<\/strong><\/li>\n<li data-sourcepos=\"13:1-13:40\"><strong>Za\u010dasne pisarni\u0161ke in prireditvene napise<\/strong><\/li>\n<li data-sourcepos=\"14:1-14:41\"><strong>Ozna\u010devanje in identifikacijo izdelkov<\/strong><\/li>\n<li data-sourcepos=\"15:1-16:0\"><strong>Izobra\u017eevalne in pou\u010dne napise<\/strong><\/li>\n<\/ul>\n<p data-sourcepos=\"17:1-17:29\"><strong>Ponovno uporabne in brez ostankov<\/strong><\/p>\n<p data-sourcepos=\"19:1-19:284\">Te etikete, izdelane iz visokokakovostne elektrostati\u010dne folije, se varno prilepijo na gladke povr\u0161ine brez potrebe po lepilih. Enostavno jih je mogo\u010de odstraniti in prestaviti, ne da bi za seboj pustile lepljive ostanke, zaradi \u010desar so trajnostna in okolju prijazna izbira za ozna\u010devanje.<\/p>\n<p data-sourcepos=\"21:1-21:2\"><strong>Zdru\u017eljive s \u0161iroko paleto tiskalnikov<\/strong><\/p>\n<p data-sourcepos=\"23:1-23:243\">Na\u0161e odstranljive elektrostati\u010dne folije brez ostankov so zdru\u017eljive s \u0161iroko paleto brizgalnih in laserskih tiskalnikov, kar vam omogo\u010da, da ustvarite etikete po meri v lastni re\u017eiji. Na voljo so v razli\u010dnih velikostih in oblikah, ki ustrezajo va\u0161im specifi\u010dnim potrebam.<\/p>\n<p data-sourcepos=\"25:1-25:89\"><strong>Partnerstvo s kitajskimi dobavitelji tiskalnikov \u010drtnih kod za vrhunsko kakovost in strokovno znanje<\/strong><\/p>\n<p data-sourcepos=\"27:1-27:360\">Pri China Label Barcode Printer Suppliers smo zavezani, da na\u0161im strankam zagotovimo najkakovostnej\u0161e odstranljive elektrostati\u010dne folije brez ostankov in strokovno znanje za izpolnjevanje njihovih specifi\u010dnih potreb. Na\u0161a ekipa izku\u0161enih strokovnjakov vam lahko pomaga izbrati pravi material za etikete, velikost in mo\u017enosti tiskanja za va\u0161e edinstvene zahteve.<\/p>\n<p data-sourcepos=\"29:1-29:170\"><strong>Stopite v stik z nami \u0161e danes<\/strong> \u010de \u017eelite izvedeti ve\u010d o na\u0161ih odstranljivih elektrostati\u010dnih folijah brez ostankov in o tem, kako vam lahko pomagamo poenostaviti va\u0161e postopke ozna\u010devanja in zmanj\u0161ati koli\u010dino odpadkov.<\/p>","protected":false},"excerpt":{"rendered":"<p>Odstranljive elektrostati\u010dne folijske nalepke brez ostankov so vrsta nalepk, ki se na povr\u0161ine pritrdijo s stati\u010dno elektriko in ne z lepilom. Ta edinstvena lastnost omogo\u010da enostavno namestitev in odstranitev brez pu\u0161\u010danja lepljivih ostankov ali po\u0161kodb.<\/p>","protected":false},"featured_media":1658,"template":"","meta":[],"product_brand":[],"product_cat":[15],"product_tag":[],"class_list":{"0":"post-1693","1":"product","2":"type-product","3":"status-publish","4":"has-post-thumbnail","6":"product_cat-print-label","8":"first","9":"instock","10":"shipping-taxable","11":"product-type-simple"},"_links":{"self":[{"href":"https:\/\/membraneswitchmfg.com\/sl\/wp-json\/wp\/v2\/product\/1693","targetHints":{"allow":["GET"]}}],"collection":[{"href":"https:\/\/membraneswitchmfg.com\/sl\/wp-json\/wp\/v2\/product"}],"about":[{"href":"https:\/\/membraneswitchmfg.com\/sl\/wp-json\/wp\/v2\/types\/product"}],"wp:featuredmedia":[{"embeddable":true,"href":"https:\/\/membraneswitchmfg.com\/sl\/wp-json\/wp\/v2\/media\/1658"}],"wp:attachment":[{"href":"https:\/\/membraneswitchmfg.com\/sl\/wp-json\/wp\/v2\/media?parent=1693"}],"wp:term":[{"taxonomy":"product_brand","embeddable":true,"href":"https:\/\/membraneswitchmfg.com\/sl\/wp-json\/wp\/v2\/product_brand?post=1693"},{"taxonomy":"product_cat","embeddable":true,"href":"https:\/\/membraneswitchmfg.com\/sl\/wp-json\/wp\/v2\/product_cat?post=1693"},{"taxonomy":"product_tag","embeddable":true,"href":"https:\/\/membraneswitchmfg.com\/sl\/wp-json\/wp\/v2\/product_tag?post=1693"}],"curies":[{"name":"wp","href":"https:\/\/api.w.org\/{rel}","templated":true}]}}