{"id":1772,"date":"2024-06-24T05:57:57","date_gmt":"2024-06-24T05:57:57","guid":{"rendered":"https:\/\/membraneswitchmfg.com\/manufacturer\/high-life-membrane-switches-with-5-million-times\/"},"modified":"2024-06-25T13:24:08","modified_gmt":"2024-06-25T13:24:08","slug":"high-life-membrane-switches-with-5-million-times","status":"publish","type":"product","link":"https:\/\/membraneswitchmfg.com\/sl\/manufacturer\/high-life-membrane-switches-with-5-million-times\/","title":{"rendered":"Membranska stikala z visoko \u017eivljenjsko dobo s 5 milijoni ponovitev"},"content":{"rendered":"<h2><strong><b>Membranska stikala z visoko \u017eivljenjsko dobo in 5 milijonkratno \u017eivljenjsko dobo<\/b><\/strong><\/h2>\n<p><strong>Trajnost in zanesljivost brez primere<\/strong><\/p>\n<p>Na\u0161a membranska stikala z visoko \u017eivljenjsko dobo so zasnovana tako, da zdr\u017eijo:<\/p>\n<ul>\n<li><strong>Robustna konstrukcija z vrhunskimi materiali<\/strong><\/li>\n<li><strong>Natan\u010dno izdelane komponente za dosledno delovanje<\/strong><\/li>\n<li><strong>Strogo testiranje za zagotavljanje dolgotrajne zanesljivosti<\/strong><\/li>\n<\/ul>\n<p><strong>Do\u017eivite razliko<\/strong><\/p>\n<p>Z na\u0161imi membranskimi stikali z visoko \u017eivljenjsko dobo lahko pri\u010dakujete:<\/p>\n<ul>\n<li><strong>Manj\u0161i stro\u0161ki vzdr\u017eevanja in izpadi<\/strong><\/li>\n<li><strong>Ve\u010dje zadovoljstvo uporabnikov in ugled izdelka<\/strong><\/li>\n<li><strong>Mirno vest, da bo va\u0161 izdelek deloval dolga leta<\/strong><\/li>\n<\/ul>\n<p><strong>Aplikacije<\/strong><\/p>\n<p>Na\u0161a membranska stikala z visoko \u017eivljenjsko dobo so primerna za \u0161tevilne aplikacije, vklju\u010dno z:<\/p>\n<ul>\n<li><strong>Industrijske nadzorne plo\u0161\u010de<\/strong><\/li>\n<li><strong>Medicinski pripomo\u010dki<\/strong><\/li>\n<li><strong>Potro\u0161ni\u0161ka elektronika<\/strong><\/li>\n<li><strong>Prevozna oprema<\/strong><\/li>\n<li><strong>In \u0161e veliko ve\u010d<\/strong><\/li>\n<\/ul>\n<p><strong>Prilagodljive re\u0161itve<\/strong><\/p>\n<p>Ponujamo \u0161tevilne mo\u017enosti prilagajanja, ki ustrezajo va\u0161im posebnim potrebam, vklju\u010dno z:<\/p>\n<ul>\n<li><strong>Razli\u010dne velikosti in konfiguracije stikal<\/strong><\/li>\n<li><strong>grafike po meri in osvetlitev ozadja<\/strong><\/li>\n<li><strong>Mo\u017enosti taktilnih povratnih informacij<\/strong><\/li>\n<li><strong>Okoljsko tesnjenje in za\u0161\u010dita<\/strong><\/li>\n<\/ul>\n<p><strong>Partnerstvo z izku\u0161enim proizvajalcem membranskih stikal<\/strong><\/p>\n<p>Z dolgoletnimi izku\u0161njami in zavezanostjo kakovosti smo zanesljiv vir membranskih stikal z visoko \u017eivljenjsko dobo. Na\u0161a ekipa strokovnjakov vam lahko pomaga pri na\u010drtovanju in izdelavi popolnih stikal za va\u0161o aplikacijo.<\/p>\n<p><strong>Stopite v stik z nami \u0161e danes<\/strong>\u00a0\u010de \u017eelite izvedeti ve\u010d o na\u0161ih membranskih stikalih z visoko \u017eivljenjsko dobo in kako vam lahko pomagamo izbolj\u0161ati zmogljivost in zanesljivost va\u0161ega izdelka.<\/p>","protected":false},"excerpt":{"rendered":"<p>Z na\u0161imi membranskimi stikali z visoko \u017eivljenjsko dobo, zasnovanimi tako, da zdr\u017eijo do 5 milijonov zagonov, izbolj\u0161ajte zmogljivost svojega izdelka in uporabni\u0161ko izku\u0161njo. Ta vzdr\u017eljiva stikala zagotavljajo izjemno zanesljivost in dolgotrajno delovanje, zato so idealna za zahtevne aplikacije.<\/p>","protected":false},"featured_media":1761,"template":"","meta":[],"product_brand":[],"product_cat":[40],"product_tag":[],"class_list":{"0":"post-1772","1":"product","2":"type-product","3":"status-publish","4":"has-post-thumbnail","6":"product_cat-membrane-switch","8":"first","9":"instock","10":"shipping-taxable","11":"product-type-simple"},"_links":{"self":[{"href":"https:\/\/membraneswitchmfg.com\/sl\/wp-json\/wp\/v2\/product\/1772","targetHints":{"allow":["GET"]}}],"collection":[{"href":"https:\/\/membraneswitchmfg.com\/sl\/wp-json\/wp\/v2\/product"}],"about":[{"href":"https:\/\/membraneswitchmfg.com\/sl\/wp-json\/wp\/v2\/types\/product"}],"wp:featuredmedia":[{"embeddable":true,"href":"https:\/\/membraneswitchmfg.com\/sl\/wp-json\/wp\/v2\/media\/1761"}],"wp:attachment":[{"href":"https:\/\/membraneswitchmfg.com\/sl\/wp-json\/wp\/v2\/media?parent=1772"}],"wp:term":[{"taxonomy":"product_brand","embeddable":true,"href":"https:\/\/membraneswitchmfg.com\/sl\/wp-json\/wp\/v2\/product_brand?post=1772"},{"taxonomy":"product_cat","embeddable":true,"href":"https:\/\/membraneswitchmfg.com\/sl\/wp-json\/wp\/v2\/product_cat?post=1772"},{"taxonomy":"product_tag","embeddable":true,"href":"https:\/\/membraneswitchmfg.com\/sl\/wp-json\/wp\/v2\/product_tag?post=1772"}],"curies":[{"name":"wp","href":"https:\/\/api.w.org\/{rel}","templated":true}]}}