{"id":1773,"date":"2024-06-24T05:57:57","date_gmt":"2024-06-24T05:57:57","guid":{"rendered":"https:\/\/membraneswitchmfg.com\/manufacturer\/silver-flex-membrane-switch\/"},"modified":"2024-06-25T13:26:16","modified_gmt":"2024-06-25T13:26:16","slug":"silver-flex-membrane-switch","status":"publish","type":"product","link":"https:\/\/membraneswitchmfg.com\/sl\/manufacturer\/silver-flex-membrane-switch\/","title":{"rendered":"Srebrno membransko stikalo Flex"},"content":{"rendered":"<h2><strong><b>Srebrna fleksibilna membranska stikala: Zanesljive in stro\u0161kovno u\u010dinkovite re\u0161itve<\/b><\/strong><\/h2>\n<p><strong>Neprimerljiva vsestranskost in zmogljivost<\/strong><\/p>\n<p>Srebrna fleksibilna membranska stikala so znana po:<\/p>\n<ul>\n<li><strong>Tanka in fleksibilna zasnova za enostavno integracijo<\/strong><\/li>\n<li><strong>Taktilna povratna informacija za izbolj\u0161ano uporabni\u0161ko izku\u0161njo<\/strong><\/li>\n<li><strong>Dolga \u017eivljenjska doba z milijoni spro\u017eenj<\/strong><\/li>\n<li><strong>Odpornost na vlago, prah in ostra okolja<\/strong><\/li>\n<\/ul>\n<p><strong>Stro\u0161kovno u\u010dinkovite re\u0161itve za va\u0161e potrebe<\/strong><\/p>\n<p>Srebrna fleksibilna membranska stikala ponujajo stro\u0161kovno u\u010dinkovito re\u0161itev brez ogro\u017eanja kakovosti. Idealna so za aplikacije, kjer:<\/p>\n<ul>\n<li><strong>Prora\u010dun je glavna skrb.<\/strong><\/li>\n<li><strong>Potrebne so velike koli\u010dine<\/strong><\/li>\n<li><strong>Prostorske omejitve so dejavnik<\/strong><\/li>\n<\/ul>\n<p><strong>Aplikacije<\/strong><\/p>\n<p>Srebrna fleksibilna membranska stikala se pogosto uporabljajo v razli\u010dnih panogah, vklju\u010dno z:<\/p>\n<ul>\n<li><strong>Potro\u0161ni\u0161ka elektronika<\/strong><\/li>\n<li><strong>Medicinski pripomo\u010dki<\/strong><\/li>\n<li><strong>Industrijske nadzorne plo\u0161\u010de<\/strong><\/li>\n<li><strong>Naprave<\/strong><\/li>\n<li><strong>In \u0161e veliko ve\u010d<\/strong><\/li>\n<\/ul>\n<p><strong>Prilagodljive mo\u017enosti<\/strong><\/p>\n<p>Ponujamo \u0161tevilne mo\u017enosti prilagajanja, ki ustrezajo va\u0161im posebnim potrebam, vklju\u010dno z:<\/p>\n<ul>\n<li><strong>Razli\u010dne velikosti in konfiguracije stikal<\/strong><\/li>\n<li><strong>grafike po meri in osvetlitev ozadja<\/strong><\/li>\n<li><strong>Mo\u017enosti taktilnih povratnih informacij<\/strong><\/li>\n<li><strong>Okoljsko tesnjenje in za\u0161\u010dita<\/strong><\/li>\n<\/ul>\n<p><strong>Sodelujte z zaupanja vrednim dobaviteljem vodoodpornih membranskih stikal<\/strong><\/p>\n<p>Z dolgoletnimi izku\u0161njami in predanostjo kakovosti smo va\u0161 zaupanja vreden dobavitelj srebrnih fleksibilnih membranskih stikal. Na\u0161a ekipa strokovnjakov vam lahko pomaga pri na\u010drtovanju in izdelavi popolnih stikal za va\u0161o aplikacijo.<\/p>\n<p><strong>Stopite v stik z nami \u0161e danes<\/strong>\u00a0\u010de \u017eelite izvedeti ve\u010d o na\u0161ih srebrnih fleksibilnih membranskih stikalih in kako vam lahko pomagamo dose\u010di va\u0161e cilje izdelka, hkrati pa ostati znotraj prora\u010duna.<\/p>","protected":false},"excerpt":{"rendered":"<p>Izkusite popolno ravnovesje med zmogljivostjo in dostopnostjo z na\u0161imi membranskimi stikali Silver Flex. Ta vsestranska stikala ponujajo otipljiv, odziven ob\u010dutek in dolgotrajno vzdr\u017eljivost, zaradi \u010desar so idealna izbira za \u0161irok spekter aplikacij.<\/p>","protected":false},"featured_media":1759,"template":"","meta":[],"product_brand":[],"product_cat":[40],"product_tag":[],"class_list":{"0":"post-1773","1":"product","2":"type-product","3":"status-publish","4":"has-post-thumbnail","6":"product_cat-membrane-switch","8":"first","9":"instock","10":"shipping-taxable","11":"product-type-simple"},"_links":{"self":[{"href":"https:\/\/membraneswitchmfg.com\/sl\/wp-json\/wp\/v2\/product\/1773","targetHints":{"allow":["GET"]}}],"collection":[{"href":"https:\/\/membraneswitchmfg.com\/sl\/wp-json\/wp\/v2\/product"}],"about":[{"href":"https:\/\/membraneswitchmfg.com\/sl\/wp-json\/wp\/v2\/types\/product"}],"wp:featuredmedia":[{"embeddable":true,"href":"https:\/\/membraneswitchmfg.com\/sl\/wp-json\/wp\/v2\/media\/1759"}],"wp:attachment":[{"href":"https:\/\/membraneswitchmfg.com\/sl\/wp-json\/wp\/v2\/media?parent=1773"}],"wp:term":[{"taxonomy":"product_brand","embeddable":true,"href":"https:\/\/membraneswitchmfg.com\/sl\/wp-json\/wp\/v2\/product_brand?post=1773"},{"taxonomy":"product_cat","embeddable":true,"href":"https:\/\/membraneswitchmfg.com\/sl\/wp-json\/wp\/v2\/product_cat?post=1773"},{"taxonomy":"product_tag","embeddable":true,"href":"https:\/\/membraneswitchmfg.com\/sl\/wp-json\/wp\/v2\/product_tag?post=1773"}],"curies":[{"name":"wp","href":"https:\/\/api.w.org\/{rel}","templated":true}]}}