{"id":1776,"date":"2024-06-24T05:57:57","date_gmt":"2024-06-24T05:57:57","guid":{"rendered":"https:\/\/membraneswitchmfg.com\/manufacturer\/rubber-keypad-membrane-switch\/"},"modified":"2024-06-25T13:32:14","modified_gmt":"2024-06-25T13:32:14","slug":"rubber-keypad-membrane-switch","status":"publish","type":"product","link":"https:\/\/membraneswitchmfg.com\/sl\/manufacturer\/rubber-keypad-membrane-switch\/","title":{"rendered":"Gumijasta tipkovnica z membranskim stikalom"},"content":{"rendered":"<h2><strong><b>Gumijasta tipkovnica Membransko stikalo: Pove\u010dana vzdr\u017eljivost in taktilna povratna informacija<\/b><\/strong><\/h2>\n<p><strong>Neprimerljiva vzdr\u017eljivost in taktilni odziv<\/strong><\/p>\n<p>Membranska stikala z gumijasto tipkovnico so zasnovana za odli\u010dnost, saj jih odlikujejo:<\/p>\n<ul>\n<li><strong>Visokokakovostna silikonska guma za izjemno vzdr\u017eljivost in pro\u017enost<\/strong><\/li>\n<li><strong>Taktilne kupole za zadovoljiv in odziven pritisk na tipko<\/strong><\/li>\n<li><strong>Odpornost na vlago, prah in ostra okolja<\/strong><\/li>\n<li><strong>Dolga \u017eivljenjska doba z milijoni spro\u017eenj<\/strong><\/li>\n<\/ul>\n<p><strong>Izkusite prednosti<\/strong><\/p>\n<p>Pri membranskih stikalih z gumijasto tipkovnico lahko pri\u010dakujete:<\/p>\n<ul>\n<li><strong>Zmanj\u0161ani izpadi in stro\u0161ki vzdr\u017eevanja<\/strong><\/li>\n<li><strong>Ve\u010dje zadovoljstvo uporabnikov in ve\u010dja uporabnost izdelkov<\/strong><\/li>\n<li><strong>Izbolj\u0161ana zmogljivost in zanesljivost izdelka<\/strong><\/li>\n<\/ul>\n<p><strong>Aplikacije<\/strong><\/p>\n<p>Membranska stikala z gumijasto tipkovnico so primerna za \u0161irok nabor aplikacij, vklju\u010dno z:<\/p>\n<ul>\n<li><strong>Potro\u0161ni\u0161ka elektronika<\/strong><\/li>\n<li><strong>Medicinski pripomo\u010dki<\/strong><\/li>\n<li><strong>Industrijske nadzorne plo\u0161\u010de<\/strong><\/li>\n<li><strong>Telekomunikacijska oprema<\/strong><\/li>\n<li><strong>In \u0161e veliko ve\u010d<\/strong><\/li>\n<\/ul>\n<p><strong>Prilagodljive re\u0161itve<\/strong><\/p>\n<p>Ponujamo \u0161tevilne mo\u017enosti prilagajanja, ki ustrezajo va\u0161im posebnim potrebam, vklju\u010dno z:<\/p>\n<ul>\n<li><strong>Razli\u010dne velikosti in konfiguracije stikal<\/strong><\/li>\n<li><strong>grafike po meri in osvetlitev ozadja<\/strong><\/li>\n<li><strong>Mo\u017enosti taktilnih povratnih informacij<\/strong><\/li>\n<li><strong>Okoljsko tesnjenje in za\u0161\u010dita<\/strong><\/li>\n<\/ul>\n<p><strong>Partnerstvo z izku\u0161enim dobaviteljem stikal s silikonsko membrano<\/strong><\/p>\n<p>Z dolgoletnim strokovnim znanjem in predanostjo kakovosti smo va\u0161 zanesljiv vir za gumijasta membranska stikala s tipkovnico. Na\u0161a ekipa strokovnjakov vam lahko pomaga pri na\u010drtovanju in izdelavi popolnih stikal za va\u0161o uporabo.<\/p>\n<p><strong>Stopite v stik z nami \u0161e danes<\/strong>\u00a0\u010de \u017eelite izvedeti ve\u010d o na\u0161ih membranskih stikalih z gumijasto tipkovnico in o tem, kako vam lahko pomagamo dose\u010di vrhunsko zmogljivost, vzdr\u017eljivost in zadovoljstvo uporabnikov va\u0161ih izdelkov.<\/p>","protected":false},"excerpt":{"rendered":"<p>Z na\u0161imi gumijastimi membranskimi stikali s tipkovnico do\u017eivite popolno kombinacijo vzdr\u017eljivosti in otipljivih povratnih informacij. Ta vsestranska stikala zagotavljajo udobno uporabni\u0161ko izku\u0161njo, dolgotrajno delovanje in stro\u0161kovno u\u010dinkovite re\u0161itve za \u0161tevilne aplikacije.<\/p>","protected":false},"featured_media":1758,"template":"","meta":[],"product_brand":[],"product_cat":[40],"product_tag":[],"class_list":{"0":"post-1776","1":"product","2":"type-product","3":"status-publish","4":"has-post-thumbnail","6":"product_cat-membrane-switch","8":"first","9":"instock","10":"shipping-taxable","11":"product-type-simple"},"_links":{"self":[{"href":"https:\/\/membraneswitchmfg.com\/sl\/wp-json\/wp\/v2\/product\/1776","targetHints":{"allow":["GET"]}}],"collection":[{"href":"https:\/\/membraneswitchmfg.com\/sl\/wp-json\/wp\/v2\/product"}],"about":[{"href":"https:\/\/membraneswitchmfg.com\/sl\/wp-json\/wp\/v2\/types\/product"}],"wp:featuredmedia":[{"embeddable":true,"href":"https:\/\/membraneswitchmfg.com\/sl\/wp-json\/wp\/v2\/media\/1758"}],"wp:attachment":[{"href":"https:\/\/membraneswitchmfg.com\/sl\/wp-json\/wp\/v2\/media?parent=1776"}],"wp:term":[{"taxonomy":"product_brand","embeddable":true,"href":"https:\/\/membraneswitchmfg.com\/sl\/wp-json\/wp\/v2\/product_brand?post=1776"},{"taxonomy":"product_cat","embeddable":true,"href":"https:\/\/membraneswitchmfg.com\/sl\/wp-json\/wp\/v2\/product_cat?post=1776"},{"taxonomy":"product_tag","embeddable":true,"href":"https:\/\/membraneswitchmfg.com\/sl\/wp-json\/wp\/v2\/product_tag?post=1776"}],"curies":[{"name":"wp","href":"https:\/\/api.w.org\/{rel}","templated":true}]}}