{"id":1781,"date":"2024-06-24T05:57:57","date_gmt":"2024-06-24T05:57:57","guid":{"rendered":"https:\/\/membraneswitchmfg.com\/manufacturer\/membrane-switch-back-support\/"},"modified":"2024-07-25T08:37:56","modified_gmt":"2024-07-25T08:37:56","slug":"membrane-switch-back-support","status":"publish","type":"product","link":"https:\/\/membraneswitchmfg.com\/sl\/manufacturer\/membrane-switch-back-support\/","title":{"rendered":"Membransko stikalo + podpora za hrbet"},"content":{"rendered":"<h2><strong><b>Membransko stikalo + podpora za hrbet: Pove\u010dana vzdr\u017eljivost in funkcionalnost<\/b><\/strong><\/h2>\n<p><strong>Pove\u010dana trajnost in stabilnost<\/strong><\/p>\n<p>Hrbtna opora zagotavlja trdno podlago za membransko stikalo, kar znatno izbolj\u0161a njegovo vzdr\u017eljivost in \u017eivljenjsko dobo. To je \u0161e posebej koristno v okoljih, kjer je stikalo izpostavljeno pogosti uporabi ali te\u017ekim razmeram.<\/p>\n<ul>\n<li><strong>Odpornost na deformacije in obrabo<\/strong><\/li>\n<li><strong>Za\u0161\u010dita stikala pred udarci in tresljaji<\/strong><\/li>\n<li><strong>Podalj\u0161a \u017eivljenjsko dobo stikala<\/strong><\/li>\n<\/ul>\n<p><strong>Izbolj\u0161ana funkcionalnost in mo\u017enosti namestitve<\/strong><\/p>\n<p>Hrbtna opora omogo\u010da varno in natan\u010dno namestitev membranskega stikala, kar zagotavlja pravilno poravnavo in delovanje. Omogo\u010da tudi vgradnjo dodatnih komponent, kot so LED diode in priklju\u010dki.<\/p>\n<ul>\n<li><strong>Omogo\u010da vgradnjo v ravnino ali v vi\u0161ino<\/strong><\/li>\n<li><strong>Zagotavlja luknje za pritrditev in \u010depe<\/strong><\/li>\n<li><strong>Omogo\u010da integracijo elektronike<\/strong><\/li>\n<\/ul>\n<p><strong>Izbolj\u0161ana estetika in profesionalni videz<\/strong><\/p>\n<p>Hrbtna podpora izbolj\u0161a splo\u0161no estetiko membranskega stikala, kar zagotavlja bolj profesionalen in vizualno privla\u010den videz. Prilagodite jo lahko z barvami, teksturami in zaklju\u010dki, da se ujema z zasnovo naprave.<\/p>\n<ul>\n<li><strong>Elegantna in sodobna zasnova<\/strong><\/li>\n<li><strong>Razli\u010dne barve in obdelave<\/strong><\/li>\n<li><strong>Prilagodljive grafike in logotipi<\/strong><\/li>\n<\/ul>\n<p><strong>Aplikacije<\/strong><\/p>\n<p>Membranska stikala s hrbtno podporo se pogosto uporabljajo v razli\u010dnih aplikacijah, med drugim:<\/p>\n<ul>\n<li><strong>Industrijske nadzorne plo\u0161\u010de<\/strong><\/li>\n<li><strong>Medicinski pripomo\u010dki<\/strong><\/li>\n<li><strong>Potro\u0161ni\u0161ka elektronika<\/strong><\/li>\n<li><strong>Telekomunikacijska oprema<\/strong><\/li>\n<li><strong>Transportne konzole<\/strong><\/li>\n<\/ul>\n<p><strong>Prilagodljive re\u0161itve<\/strong><\/p>\n<p>Ponujamo \u0161tevilne mo\u017enosti prilagajanja, ki ustrezajo va\u0161im posebnim potrebam, vklju\u010dno z:<\/p>\n<ul>\n<li><strong>Razli\u010dni materiali za podporo hrbta (aluminij, plastika itd.)<\/strong><\/li>\n<li><strong>Dimenzije in oblike po meri<\/strong><\/li>\n<li><strong>Izrezi in luknje za sestavne dele<\/strong><\/li>\n<li><strong>Povr\u0161inska obdelava in zaklju\u010dki<\/strong><\/li>\n<\/ul>\n<p><strong>Partnerstvo z izku\u0161enim proizvajalcem membranskih stikal<\/strong><\/p>\n<p>Z dolgoletnim strokovnim znanjem in predanostjo kakovosti smo zanesljiv vir za membranska stikala po meri s podporo za hrbet. Na\u0161a ekipa strokovnjakov vam lahko pomaga pri oblikovanju in izdelavi popolnih stikal za izbolj\u0161anje vzdr\u017eljivosti, funkcionalnosti in estetske privla\u010dnosti va\u0161ega izdelka.<\/p>\n<p><strong>Stopite v stik z nami \u0161e danes<\/strong>\u00a0\u010de \u017eelite izvedeti ve\u010d o na\u0161ih re\u0161itvah membranskih stikal s podporo za hrbet in o tem, kako vam lahko pomagamo izbolj\u0161ati va\u0161e izdelke.<\/p>\n<p><strong>Dodatne klju\u010dne besede:<\/strong>\u00a0fleksibilno membransko stikalo, membransko stikalo za vklop in izklop<\/p>","protected":false},"excerpt":{"rendered":"<p>Membranska stikala v kombinaciji s hrbtno oporo so robustna in vsestranska re\u0161itev za uporabni\u0161ke vmesnike, ki zdru\u017euje otipne povratne informacije membranskih stikal s strukturno celovitostjo hrbtne plo\u0161\u010de. Ta integracija izbolj\u0161a vzdr\u017eljivost, funkcionalnost in estetsko privla\u010dnost stikala, zato je idealno za \u0161irok nabor aplikacij.<\/p>","protected":false},"featured_media":1754,"template":"","meta":[],"product_brand":[],"product_cat":[40],"product_tag":[],"class_list":{"0":"post-1781","1":"product","2":"type-product","3":"status-publish","4":"has-post-thumbnail","6":"product_cat-membrane-switch","8":"first","9":"instock","10":"shipping-taxable","11":"product-type-simple"},"_links":{"self":[{"href":"https:\/\/membraneswitchmfg.com\/sl\/wp-json\/wp\/v2\/product\/1781","targetHints":{"allow":["GET"]}}],"collection":[{"href":"https:\/\/membraneswitchmfg.com\/sl\/wp-json\/wp\/v2\/product"}],"about":[{"href":"https:\/\/membraneswitchmfg.com\/sl\/wp-json\/wp\/v2\/types\/product"}],"wp:featuredmedia":[{"embeddable":true,"href":"https:\/\/membraneswitchmfg.com\/sl\/wp-json\/wp\/v2\/media\/1754"}],"wp:attachment":[{"href":"https:\/\/membraneswitchmfg.com\/sl\/wp-json\/wp\/v2\/media?parent=1781"}],"wp:term":[{"taxonomy":"product_brand","embeddable":true,"href":"https:\/\/membraneswitchmfg.com\/sl\/wp-json\/wp\/v2\/product_brand?post=1781"},{"taxonomy":"product_cat","embeddable":true,"href":"https:\/\/membraneswitchmfg.com\/sl\/wp-json\/wp\/v2\/product_cat?post=1781"},{"taxonomy":"product_tag","embeddable":true,"href":"https:\/\/membraneswitchmfg.com\/sl\/wp-json\/wp\/v2\/product_tag?post=1781"}],"curies":[{"name":"wp","href":"https:\/\/api.w.org\/{rel}","templated":true}]}}