{"id":1782,"date":"2024-06-24T05:57:57","date_gmt":"2024-06-24T05:57:57","guid":{"rendered":"https:\/\/membraneswitchmfg.com\/manufacturer\/membrane-switch-touch-screen\/"},"modified":"2024-06-25T13:51:39","modified_gmt":"2024-06-25T13:51:39","slug":"membrane-switch-touch-screen","status":"publish","type":"product","link":"https:\/\/membraneswitchmfg.com\/sl\/manufacturer\/membrane-switch-touch-screen\/","title":{"rendered":"Membransko stikalo + zaslon na dotik"},"content":{"rendered":"<h2><strong><b>Membransko stikalo + zaslon na dotik: Brezhibna integracija za bolj\u0161o uporabni\u0161ko izku\u0161njo<\/b><\/strong><\/h2>\n<p><strong>Izbolj\u0161ana uporabni\u0161ka izku\u0161nja in dostopnost<\/strong><\/p>\n<p>Membranska stikala z zasloni na dotik zagotavljajo bolj intuitiven in uporabniku prijazen vmesnik, saj:<\/p>\n<ul>\n<li><strong>Zdru\u017eevanje taktilnih povratnih informacij z vizualnimi napotki<\/strong><\/li>\n<li><strong>Omogo\u010danje enostavne navigacije in izbire<\/strong><\/li>\n<li><strong>Upo\u0161tevanje \u0161ir\u0161ega razpona \u017eelja uporabnikov<\/strong><\/li>\n<\/ul>\n<p><strong>Ve\u010dja funkcionalnost in prilagajanje<\/strong><\/p>\n<p>Ta integracija omogo\u010da vklju\u010ditev naprednih funkcij, kot so:<\/p>\n<ul>\n<li><strong>Prilagodljive grafike in ikone<\/strong><\/li>\n<li><strong>Interaktivni meniji in zasloni<\/strong><\/li>\n<li><strong>Vnos in nadzor podatkov<\/strong><\/li>\n<\/ul>\n<p><strong>Razli\u010dne mo\u017enosti oblikovanja<\/strong><\/p>\n<p>Membranska stikala z zasloni na dotik je mogo\u010de prilagoditi posebnim zahtevam glede zasnove, vklju\u010dno z:<\/p>\n<ul>\n<li><strong>Razli\u010dne velikosti in konfiguracije stikal<\/strong><\/li>\n<li><strong>Velikosti in tehnologije zaslona na dotik<\/strong><\/li>\n<li><strong>Mo\u017enosti osvetlitve ozadja in osvetlitve<\/strong><\/li>\n<li><strong>Estetska integracija z zasnovo naprave<\/strong><\/li>\n<\/ul>\n<p><strong>Aplikacije<\/strong><\/p>\n<p>Membranska stikala z zasloni na dotik se pogosto uporabljajo v razli\u010dnih aplikacijah, vklju\u010dno z:<\/p>\n<ul>\n<li><strong>Industrijske nadzorne plo\u0161\u010de<\/strong><\/li>\n<li><strong>Medicinski pripomo\u010dki<\/strong><\/li>\n<li><strong>Potro\u0161ni\u0161ka elektronika<\/strong><\/li>\n<li><strong>Gospodinjski aparati<\/strong><\/li>\n<li><strong>Javni kioski<\/strong><\/li>\n<\/ul>\n<p><strong>Prilagodljive re\u0161itve<\/strong><\/p>\n<p>Ponujamo \u0161tevilne mo\u017enosti prilagajanja, ki ustrezajo va\u0161im posebnim potrebam, vklju\u010dno z:<\/p>\n<ul>\n<li><strong>Izbira materialov in stilov membranskih stikal<\/strong><\/li>\n<li><strong>Tehnologija in lo\u010dljivost zaslona na dotik<\/strong><\/li>\n<li><strong>Oblikovanje grafike in uporabni\u0161kega vmesnika po meri<\/strong><\/li>\n<li><strong>Integracija z dodatnimi komponentami<\/strong><\/li>\n<\/ul>\n<p><strong>Partnerstvo z izku\u0161enim proizvajalcem membranskih stikal in zaslonov na dotik<\/strong><\/p>\n<p>Z dolgoletnim strokovnim znanjem in predanostjo kakovosti smo zanesljiv vir za membranska stikala z zasloni na dotik po meri. Na\u0161a ekipa strokovnjakov vam lahko pomaga pri oblikovanju in izdelavi popolne re\u0161itve za izbolj\u0161anje uporabni\u0161ke izku\u0161nje, funkcionalnosti in estetske privla\u010dnosti va\u0161ega izdelka.<\/p>\n<p><strong>Stopite v stik z nami \u0161e danes<\/strong>\u00a0da bi izvedeli ve\u010d o na\u0161ih re\u0161itvah za membranska stikala in zaslone na dotik ter o tem, kako vam lahko pomagamo izbolj\u0161ati va\u0161e izdelke.<\/p>","protected":false},"excerpt":{"rendered":"<p>Membranska stikala in zaslone na dotik je mogo\u010de brezhibno povezati v uporabni\u0161ki vmesnik, ki zdru\u017euje otipne povratne informacije membranskih stikal in vizualno interaktivnost zaslonov na dotik. Ta inovativna kombinacija ponuja vsestransko in uporabniku prijazno re\u0161itev za \u0161irok nabor aplikacij.<\/p>","protected":false},"featured_media":1762,"template":"","meta":[],"product_brand":[],"product_cat":[40],"product_tag":[],"class_list":{"0":"post-1782","1":"product","2":"type-product","3":"status-publish","4":"has-post-thumbnail","6":"product_cat-membrane-switch","8":"first","9":"instock","10":"shipping-taxable","11":"product-type-simple"},"_links":{"self":[{"href":"https:\/\/membraneswitchmfg.com\/sl\/wp-json\/wp\/v2\/product\/1782","targetHints":{"allow":["GET"]}}],"collection":[{"href":"https:\/\/membraneswitchmfg.com\/sl\/wp-json\/wp\/v2\/product"}],"about":[{"href":"https:\/\/membraneswitchmfg.com\/sl\/wp-json\/wp\/v2\/types\/product"}],"wp:featuredmedia":[{"embeddable":true,"href":"https:\/\/membraneswitchmfg.com\/sl\/wp-json\/wp\/v2\/media\/1762"}],"wp:attachment":[{"href":"https:\/\/membraneswitchmfg.com\/sl\/wp-json\/wp\/v2\/media?parent=1782"}],"wp:term":[{"taxonomy":"product_brand","embeddable":true,"href":"https:\/\/membraneswitchmfg.com\/sl\/wp-json\/wp\/v2\/product_brand?post=1782"},{"taxonomy":"product_cat","embeddable":true,"href":"https:\/\/membraneswitchmfg.com\/sl\/wp-json\/wp\/v2\/product_cat?post=1782"},{"taxonomy":"product_tag","embeddable":true,"href":"https:\/\/membraneswitchmfg.com\/sl\/wp-json\/wp\/v2\/product_tag?post=1782"}],"curies":[{"name":"wp","href":"https:\/\/api.w.org\/{rel}","templated":true}]}}