{"id":1783,"date":"2024-06-24T05:57:57","date_gmt":"2024-06-24T05:57:57","guid":{"rendered":"https:\/\/membraneswitchmfg.com\/manufacturer\/oca-membrane-switch-keypad\/"},"modified":"2024-06-25T14:00:06","modified_gmt":"2024-06-25T14:00:06","slug":"oca-membrane-switch-keypad","status":"publish","type":"product","link":"https:\/\/membraneswitchmfg.com\/sl\/manufacturer\/oca-membrane-switch-keypad\/","title":{"rendered":"Tipkovnica membranskega stikala OCA"},"content":{"rendered":"<h2><strong><b>OCA Membranska Stikalna Tipkovnica: Izbolj\u0161ana Vzdr\u017eljivost in Takti\u010dni Odziv<\/b><\/strong><\/h2>\n<p><strong>Izbolj\u0161ana Vzdr\u017eljivost in Vodoodpornost<\/strong><\/p>\n<p>OCA membranske stikalne tipkovnice so izjemno vzdr\u017eljive, saj prenesejo te\u017eke pogoje in pogosto uporabo. Plast OCA zagotavlja za\u0161\u010ditno pregrado pred vlago, prahom in onesna\u017eevalci, kar podalj\u0161uje \u017eivljenjsko dobo tipkovnice.<\/p>\n<ul>\n<li><strong>Odporna na vodo, kemikalije in UV \u017earke<\/strong><\/li>\n<li><strong>Prenese ekstremne temperature in vibracije<\/strong><\/li>\n<li><strong>Primerna za zunanja in industrijska okolja<\/strong><\/li>\n<\/ul>\n<p><strong>Vrhunski Takti\u010dni Odziv in Jasna Povratna Informacija<\/strong><\/p>\n<p>OCA membranske stikalne tipkovnice zagotavljajo natan\u010den in dosleden takti\u010dni odziv, kar zagotavlja natan\u010den in zanesljiv vnos uporabnika. Plast OCA izbolj\u0161a hod tipke in zagotavlja jasen klik za pozitivno potrditev uporabnika.<\/p>\n<ul>\n<li><strong>Natan\u010dno in dosledno aktiviranje tipk<\/strong><\/li>\n<li><strong>Jasen klik za taktilno potrditev<\/strong><\/li>\n<li><strong>Zmanj\u0161uje napake in izbolj\u0161uje uporabni\u0161ko izku\u0161njo<\/strong><\/li>\n<\/ul>\n<p><strong>Izbolj\u0161ana Vizualna Jasnost in Mo\u017enosti Osvetlitve Ozadja<\/strong><\/p>\n<p>OCA membranske stikalne tipkovnice ponujajo izjemno vizualno jasnost, z jasnimi legendami in simboli, ki so enostavni za branje tudi pri \u0161ibki svetlobi. Plast OCA omogo\u010da enakomerno osvetlitev ozadja, kar zagotavlja jasno vidljivost v slabih svetlobnih pogojih.<\/p>\n<ul>\n<li><strong>Jasne in \u010ditljive legende in simboli<\/strong><\/li>\n<li><strong>Enakomerne mo\u017enosti osvetlitve ozadja za izbolj\u0161ano vidljivost<\/strong><\/li>\n<li><strong>Prilagodljiva grafika in elementi blagovne znamke<\/strong><\/li>\n<\/ul>\n<p><strong>Aplikacije<\/strong><\/p>\n<p>OCA membranske stikalne tipkovnice se pogosto uporabljajo v razli\u010dnih aplikacijah, vklju\u010dno z:<\/p>\n<ul>\n<li><strong>Industrijske nadzorne plo\u0161\u010de<\/strong><\/li>\n<li><strong>Medicinski pripomo\u010dki<\/strong><\/li>\n<li><strong>Potro\u0161ni\u0161ka elektronika<\/strong><\/li>\n<li><strong>Telekomunikacijska oprema<\/strong><\/li>\n<li><strong>Transportne konzole<\/strong><\/li>\n<\/ul>\n<p><strong>Prilagodljive re\u0161itve<\/strong><\/p>\n<p>Ponujamo \u0161tevilne mo\u017enosti prilagajanja, ki ustrezajo va\u0161im posebnim potrebam, vklju\u010dno z:<\/p>\n<ul>\n<li><strong>Razli\u010dne velikosti tipk, postavitve in konfiguracije<\/strong><\/li>\n<li><strong>Grafike po meri, legende in elementi blagovne znamke<\/strong><\/li>\n<li><strong>Mo\u017enosti osvetlitve ozadja in barve<\/strong><\/li>\n<li><strong>Integracija z dodatnimi komponentami<\/strong><\/li>\n<\/ul>\n<p><strong>Sodelujte z izku\u0161enim proizvajalcem OCA membranskih stikalnih tipkovnic<\/strong><\/p>\n<p>Z dolgoletnimi izku\u0161njami in predanostjo kakovosti smo va\u0161 zaupanja vreden vir za prilagojene OCA membranske stikalne tipkovnice. Na\u0161a ekipa strokovnjakov vam lahko pomaga pri oblikovanju in izdelavi popolnih tipkovnic za izbolj\u0161anje vzdr\u017eljivosti, taktilnega odziva, vizualne jasnosti in splo\u0161ne u\u010dinkovitosti va\u0161ega izdelka.<\/p>\n<p><strong>Stopite v stik z nami \u0161e danes<\/strong>\u00a0da izveste ve\u010d o na\u0161ih re\u0161itvah za OCA membranske stikalne tipkovnice in kako vam lahko pomagamo izbolj\u0161ati va\u0161e izdelke.<\/p>","protected":false},"excerpt":{"rendered":"<p>Membranske tipkovnice OCA (Opti\u010dno prozorno lepilo) ponujajo vrhunsko alternativo tradicionalnim membranskim tipkovnicam, saj zagotavljajo ve\u010djo vzdr\u017eljivost, taktilni odziv in vizualno jasnost. Te inovativne tipkovnice so idealne za aplikacije, ki zahtevajo visoko zmogljivost in zanesljivost v zahtevnih okoljih.<\/p>","protected":false},"featured_media":1756,"template":"","meta":[],"product_brand":[],"product_cat":[40],"product_tag":[],"class_list":{"0":"post-1783","1":"product","2":"type-product","3":"status-publish","4":"has-post-thumbnail","6":"product_cat-membrane-switch","8":"first","9":"instock","10":"shipping-taxable","11":"product-type-simple"},"_links":{"self":[{"href":"https:\/\/membraneswitchmfg.com\/sl\/wp-json\/wp\/v2\/product\/1783","targetHints":{"allow":["GET"]}}],"collection":[{"href":"https:\/\/membraneswitchmfg.com\/sl\/wp-json\/wp\/v2\/product"}],"about":[{"href":"https:\/\/membraneswitchmfg.com\/sl\/wp-json\/wp\/v2\/types\/product"}],"wp:featuredmedia":[{"embeddable":true,"href":"https:\/\/membraneswitchmfg.com\/sl\/wp-json\/wp\/v2\/media\/1756"}],"wp:attachment":[{"href":"https:\/\/membraneswitchmfg.com\/sl\/wp-json\/wp\/v2\/media?parent=1783"}],"wp:term":[{"taxonomy":"product_brand","embeddable":true,"href":"https:\/\/membraneswitchmfg.com\/sl\/wp-json\/wp\/v2\/product_brand?post=1783"},{"taxonomy":"product_cat","embeddable":true,"href":"https:\/\/membraneswitchmfg.com\/sl\/wp-json\/wp\/v2\/product_cat?post=1783"},{"taxonomy":"product_tag","embeddable":true,"href":"https:\/\/membraneswitchmfg.com\/sl\/wp-json\/wp\/v2\/product_tag?post=1783"}],"curies":[{"name":"wp","href":"https:\/\/api.w.org\/{rel}","templated":true}]}}