{"id":1784,"date":"2024-06-24T05:57:57","date_gmt":"2024-06-24T05:57:57","guid":{"rendered":"https:\/\/membraneswitchmfg.com\/manufacturer\/digital-printing-graphic-overlay\/"},"modified":"2024-06-25T13:50:44","modified_gmt":"2024-06-25T13:50:44","slug":"digital-printing-graphic-overlay","status":"publish","type":"product","link":"https:\/\/membraneswitchmfg.com\/sl\/manufacturer\/digital-printing-graphic-overlay\/","title":{"rendered":"Digitalno tiskanje Grafi\u010dno prekrivanje"},"content":{"rendered":"<h2><strong><b>Digitalno Natisnjene Grafi\u010dne Prevleke: Izbolj\u0161anje Estetike in Funkcionalnosti Izdelka<\/b><\/strong><\/h2>\n<p><strong>Izbolj\u0161ajte Estetiko Izdelka<\/strong><\/p>\n<p>Grafi\u010dne prevleke lahko znatno izbolj\u0161ajo videz izdelka z:<\/p>\n<ul>\n<li><strong>Vklju\u010devanjem logotipov podjetja, elementov blagovne znamke in grafike izdelka<\/strong><\/li>\n<li><strong>Creating a cohesive and professional brand image<\/strong><\/li>\n<li><strong>Dodajanjem pridiha elegance in prefinjenosti<\/strong><\/li>\n<\/ul>\n<p><strong>Izbolj\u0161ajte Funkcionalnost Izdelka<\/strong><\/p>\n<p>Grafi\u010dne prevleke lahko izbolj\u0161ajo tudi funkcionalnost izdelka z:<\/p>\n<ul>\n<li><strong>Zagotavljanjem jasnih navodil in uporabni\u0161kih smernic<\/strong><\/li>\n<li><strong>Prepoznavanjem gumbov, stikal in drugih kontrol<\/strong><\/li>\n<li><strong>Prikazovanjem indikatorjev stanja in opozorilnih simbolov<\/strong><\/li>\n<\/ul>\n<p>Digitalno natisnjena grafi\u010dna prevleka<\/p>\n<p>Digitalno natisnjene grafi\u010dne prevleke se lahko nanesejo na razli\u010dne materiale, vklju\u010dno z:<\/p>\n<ul>\n<li><strong>Plastiko<\/strong><\/li>\n<li><strong>Kovinami<\/strong><\/li>\n<li><strong>Steklom<\/strong><\/li>\n<li><strong>Lesom<\/strong><\/li>\n<\/ul>\n<p>Te prevleke so tudi zelo trpe\u017ene, saj prenesejo te\u017eke pogoje in pogosto uporabo.<\/p>\n<p><strong>Aplikacije<\/strong><\/p>\n<p>Grafi\u010dne prevleke se pogosto uporabljajo v razli\u010dnih aplikacijah, vklju\u010dno z:<\/p>\n<ul>\n<li><strong>Industrijske nadzorne plo\u0161\u010de<\/strong><\/li>\n<li><strong>Medicinski pripomo\u010dki<\/strong><\/li>\n<li><strong>Potro\u0161ni\u0161ka elektronika<\/strong><\/li>\n<li><strong>Naprave<\/strong><\/li>\n<li><strong>Stroji in oprema<\/strong><\/li>\n<\/ul>\n<p><strong>Prilagodljive re\u0161itve<\/strong><\/p>\n<p>Ponujamo \u0161tevilne mo\u017enosti prilagajanja, ki ustrezajo va\u0161im posebnim potrebam, vklju\u010dno z:<\/p>\n<ul>\n<li><strong>Razli\u010dni materiali, zaklju\u010dki in debeline<\/strong><\/li>\n<li><strong>Grafike, dizajni in besedila po meri<\/strong><\/li>\n<li><strong>Mo\u017enosti osvetlitve ozadja in osvetlitve<\/strong><\/li>\n<li><strong>Izrezovanje in zapletene oblike<\/strong><\/li>\n<\/ul>\n<p><strong>Partner with an Experienced Graphic Overlay Manufacturer<\/strong><\/p>\n<p>Z dolgoletnimi izku\u0161njami in predanostjo kakovosti smo va\u0161 zaupanja vreden vir za digitalno natisnjene grafi\u010dne prevleke po meri. Na\u0161a ekipa strokovnjakov vam lahko pomaga pri oblikovanju in izdelavi popolnih prevlek za izbolj\u0161anje estetike, funkcionalnosti in splo\u0161ne privla\u010dnosti va\u0161ega izdelka.<\/p>\n<p><strong>Stopite v stik z nami \u0161e danes<\/strong>\u00a0to learn more about our graphic overlay solutions and how we can help you elevate your products.<\/p>","protected":false},"excerpt":{"rendered":"<p>Digitalno natisnjene grafi\u010dne prekrivne plasti so vsestranska in stro\u0161kovno u\u010dinkovita re\u0161itev za izbolj\u0161anje estetike in funkcionalnosti \u0161iroke palete izdelkov. Te trpe\u017ene prekrivne plasti so natisnjene po meri z grafiko visoke lo\u010dljivosti, logotipi in besedilom, ki navadne povr\u0161ine spreminjajo v vizualno privla\u010dne in informativne vmesnike.<\/p>","protected":false},"featured_media":1748,"template":"","meta":[],"product_brand":[],"product_cat":[40],"product_tag":[],"class_list":{"0":"post-1784","1":"product","2":"type-product","3":"status-publish","4":"has-post-thumbnail","6":"product_cat-membrane-switch","8":"first","9":"instock","10":"shipping-taxable","11":"product-type-simple"},"_links":{"self":[{"href":"https:\/\/membraneswitchmfg.com\/sl\/wp-json\/wp\/v2\/product\/1784","targetHints":{"allow":["GET"]}}],"collection":[{"href":"https:\/\/membraneswitchmfg.com\/sl\/wp-json\/wp\/v2\/product"}],"about":[{"href":"https:\/\/membraneswitchmfg.com\/sl\/wp-json\/wp\/v2\/types\/product"}],"wp:featuredmedia":[{"embeddable":true,"href":"https:\/\/membraneswitchmfg.com\/sl\/wp-json\/wp\/v2\/media\/1748"}],"wp:attachment":[{"href":"https:\/\/membraneswitchmfg.com\/sl\/wp-json\/wp\/v2\/media?parent=1784"}],"wp:term":[{"taxonomy":"product_brand","embeddable":true,"href":"https:\/\/membraneswitchmfg.com\/sl\/wp-json\/wp\/v2\/product_brand?post=1784"},{"taxonomy":"product_cat","embeddable":true,"href":"https:\/\/membraneswitchmfg.com\/sl\/wp-json\/wp\/v2\/product_cat?post=1784"},{"taxonomy":"product_tag","embeddable":true,"href":"https:\/\/membraneswitchmfg.com\/sl\/wp-json\/wp\/v2\/product_tag?post=1784"}],"curies":[{"name":"wp","href":"https:\/\/api.w.org\/{rel}","templated":true}]}}