{"id":1789,"date":"2024-06-24T05:57:57","date_gmt":"2024-06-24T05:57:57","guid":{"rendered":"https:\/\/membraneswitchmfg.com\/manufacturer\/screen-printed-graphics\/"},"modified":"2024-06-25T13:37:37","modified_gmt":"2024-06-25T13:37:37","slug":"screen-printed-graphics","status":"publish","type":"product","link":"https:\/\/membraneswitchmfg.com\/sl\/manufacturer\/screen-printed-graphics\/","title":{"rendered":"Sitotiskane grafike"},"content":{"rendered":"<h2><strong><b>Sitotisk Grafika: Trajne in stro\u0161kovno u\u010dinkovite re\u0161itve za prekrivne membrane stikal<\/b><\/strong><\/h2>\n<p><strong>Trpe\u017ena in dolgotrajna<\/strong><\/p>\n<p>Sitotisk grafika je znana po izjemni trpe\u017enosti, saj je odporna na te\u017eka okolja, pogosto uporabo in agresivna \u010distilna sredstva. \u010crnilo se trdno oprime materiala prekrivne plasti, je odporno na bledenje, praske in kemikalije.<\/p>\n<ul>\n<li><strong>Dolgotrajne barve in legende<\/strong><\/li>\n<li><strong>Primerno za zunanjo in industrijsko uporabo<\/strong><\/li>\n<li><strong>Odporno na obrabo<\/strong><\/li>\n<\/ul>\n<p><strong>Stro\u0161kovno u\u010dinkovito za obse\u017eno proizvodnjo<\/strong><\/p>\n<p>Sitotisk je \u0161e posebej stro\u0161kovno u\u010dinkovit za obse\u017ene proizvodne serije, saj se stro\u0161ki priprave porazdelijo na veliko \u0161tevilo enot. Zaradi tega je idealna izbira za aplikacije, ki zahtevajo dosledno blagovno znamko in visoko stopnjo vzdr\u017eljivosti.<\/p>\n<ul>\n<li><strong>Ni\u017eji stro\u0161ki na enoto za velika naro\u010dila<\/strong><\/li>\n<li><strong>Dosledna kakovost in videz<\/strong><\/li>\n<li><strong>Primerno za mno\u017ei\u010dno proizvodnjo<\/strong><\/li>\n<\/ul>\n<p><strong>Vsestranskost in mo\u017enosti oblikovanja<\/strong><\/p>\n<p>Sitotisk se lahko uporablja s \u0161iroko paleto materialov, vklju\u010dno s plastiko, kovinami in tkaninami. Ponuja tudi razli\u010dne mo\u017enosti oblikovanja, vklju\u010dno z:<\/p>\n<ul>\n<li><strong>Jasno in \u010disto besedilo in simboli<\/strong><\/li>\n<li><strong>\u017divahne in dosledne barve<\/strong><\/li>\n<li><strong>Zapleteni vzorci in teksture<\/strong><\/li>\n<\/ul>\n<p><strong>Aplikacije<\/strong><\/p>\n<p>Sitotisk grafika se pogosto uporablja v razli\u010dnih aplikacijah, vklju\u010dno z:<\/p>\n<ul>\n<li><strong>Prekrivne membrane stikal<\/strong><\/li>\n<li><strong>Nadzorne plo\u0161\u010de<\/strong><\/li>\n<li><strong>Medicinski pripomo\u010dki<\/strong><\/li>\n<li><strong>Potro\u0161ni\u0161ka elektronika<\/strong><\/li>\n<li><strong>Naprave<\/strong><\/li>\n<\/ul>\n<p><strong>Sodelujte z izku\u0161enim proizvajalcem sitotiska in membranskih stikal<\/strong><\/p>\n<p>Z dolgoletnimi izku\u0161njami v sitotisku in tehnologiji membranskih stikal smo va\u0161 zaupanja vreden vir visokokakovostnih, po meri natisnjenih prekrivnih membranskih stikal. Na\u0161a ekipa strokovnjakov bo tesno sodelovala z vami, da zagotovimo natan\u010dno reprodukcijo va\u0161ih modelov in da va\u0161a membranska stikala izpolnjujejo va\u0161e specifi\u010dne zahteve glede zmogljivosti in vzdr\u017eljivosti.<\/p>\n<p><strong>Stopite v stik z nami \u0161e danes<\/strong>\u00a0\u010de \u017eelite izvedeti ve\u010d o na\u0161ih zmogljivostih sitotiska in kako vam lahko pomagamo ustvariti trpe\u017ene in stro\u0161kovno u\u010dinkovite prekrivne membrane stikal.<\/p>","protected":false},"excerpt":{"rendered":"<p>Sitotisk grafika ponuja preizku\u0161eno in stro\u0161kovno u\u010dinkovito metodo za ustvarjanje trpe\u017enih in vizualno privla\u010dnih prekrivnih slojev za membranska stikala. Ta vsestranska tehnika tiskanja uporablja \u0161ablone in \u010drnila za prenos dizajnov na razli\u010dne materiale, kar zagotavlja natan\u010dne in dosledne rezultate.<\/p>","protected":false},"featured_media":1765,"template":"","meta":[],"product_brand":[],"product_cat":[40],"product_tag":[],"class_list":{"0":"post-1789","1":"product","2":"type-product","3":"status-publish","4":"has-post-thumbnail","6":"product_cat-membrane-switch","8":"first","9":"instock","10":"shipping-taxable","11":"product-type-simple"},"_links":{"self":[{"href":"https:\/\/membraneswitchmfg.com\/sl\/wp-json\/wp\/v2\/product\/1789","targetHints":{"allow":["GET"]}}],"collection":[{"href":"https:\/\/membraneswitchmfg.com\/sl\/wp-json\/wp\/v2\/product"}],"about":[{"href":"https:\/\/membraneswitchmfg.com\/sl\/wp-json\/wp\/v2\/types\/product"}],"wp:featuredmedia":[{"embeddable":true,"href":"https:\/\/membraneswitchmfg.com\/sl\/wp-json\/wp\/v2\/media\/1765"}],"wp:attachment":[{"href":"https:\/\/membraneswitchmfg.com\/sl\/wp-json\/wp\/v2\/media?parent=1789"}],"wp:term":[{"taxonomy":"product_brand","embeddable":true,"href":"https:\/\/membraneswitchmfg.com\/sl\/wp-json\/wp\/v2\/product_brand?post=1789"},{"taxonomy":"product_cat","embeddable":true,"href":"https:\/\/membraneswitchmfg.com\/sl\/wp-json\/wp\/v2\/product_cat?post=1789"},{"taxonomy":"product_tag","embeddable":true,"href":"https:\/\/membraneswitchmfg.com\/sl\/wp-json\/wp\/v2\/product_tag?post=1789"}],"curies":[{"name":"wp","href":"https:\/\/api.w.org\/{rel}","templated":true}]}}