{"id":1791,"date":"2024-06-24T05:57:58","date_gmt":"2024-06-24T05:57:58","guid":{"rendered":"https:\/\/membraneswitchmfg.com\/manufacturer\/anti-glare-membrane-switch\/"},"modified":"2024-06-25T13:10:23","modified_gmt":"2024-06-25T13:10:23","slug":"anti-glare-membrane-switch","status":"publish","type":"product","link":"https:\/\/membraneswitchmfg.com\/sl\/manufacturer\/anti-glare-membrane-switch\/","title":{"rendered":"Membransko stikalo proti ble\u0161\u010danju"},"content":{"rendered":"<h2><strong><b>Membranska stikala proti ble\u0161\u010danju: Izbolj\u0161anje vidljivosti in uporabni\u0161ke izku\u0161nje v svetlih okoljih<\/b><\/strong><\/h2>\n<p><strong>Boj proti ble\u0161\u010danju in odbojem<\/strong><\/p>\n<p>Membranska stikala proti ble\u0161\u010danju imajo edinstveno povr\u0161insko teksturo ali premaz, ki razpr\u0161i svetlobo, zmanj\u0161uje intenzivnost odbojev in zmanj\u0161uje ble\u0161\u010danje. To uporabnikom omogo\u010da enostavno branje legend in ikon, tudi v mo\u010dno osvetljenih pogojih.<\/p>\n<ul>\n<li><strong>Izbolj\u0161ana vidljivost pri neposredni son\u010dni svetlobi ali mo\u010dni osvetlitvi<\/strong><\/li>\n<li><strong>Zmanj\u0161ana obremenitev in utrujenost o\u010di<\/strong><\/li>\n<li><strong>Izbolj\u0161ano udobje in produktivnost uporabnika<\/strong><\/li>\n<\/ul>\n<p><strong>Primerno za raznolika okolja<\/strong><\/p>\n<p>Membranska stikala proti ble\u0161\u010danju so \u0161e posebej primerna za aplikacije, kjer je ble\u0161\u010danje pogosta te\u017eava, kot so:<\/p>\n<ul>\n<li><strong>Industrijske nadzorne plo\u0161\u010de<\/strong><\/li>\n<li><strong>Medical equipment<\/strong><\/li>\n<li><strong>Zunanji kioski in napisi<\/strong><\/li>\n<li><strong>Maloprodajne in komercialne nastavitve<\/strong><\/li>\n<li><strong>Transportne konzole<\/strong><\/li>\n<\/ul>\n<p><strong>Trpe\u017ena in funkcionalna zasnova<\/strong><\/p>\n<p>Kljub lastnostim proti ble\u0161\u010danju membranska stikala proti ble\u0161\u010danju ohranjajo vzdr\u017eljivost in funkcionalnost, ki se pri\u010dakujeta od standardnih membranskih stikal. So odporna na praske, kemikalije in UV \u017earke, kar zagotavlja dolgotrajno delovanje.<\/p>\n<ul>\n<li><strong>Jasne in odzivne taktilne povratne informacije<\/strong><\/li>\n<li><strong>Odpornost na praske, kemikalije in UV \u017earke<\/strong><\/li>\n<li><strong>Dolgotrajno delovanje v zahtevnih okoljih<\/strong><\/li>\n<\/ul>\n<p><strong>Aplikacije<\/strong><\/p>\n<p>Membranska stikala proti ble\u0161\u010danju se pogosto uporabljajo v razli\u010dnih aplikacijah, kjer sta jasna vidljivost in uporabni\u0161ka izku\u0161nja klju\u010dnega pomena, vklju\u010dno z:<\/p>\n<ul>\n<li><strong>Industrijske nadzorne plo\u0161\u010de:<\/strong>Tovarne, skladi\u0161\u010da, elektrarne<\/li>\n<li><strong>Medical equipment:<\/strong>Monitorji za paciente, kirur\u0161ke konzole, diagnosti\u010dne naprave<\/li>\n<li><strong>Zunanji kioski in napisi:<\/strong>Bankomati, informacijski kioski, digitalne ozna\u010devalne table<\/li>\n<li><strong>Maloprodajne in komercialne nastavitve:<\/strong>POS terminali, blagajne, prodajni avtomati<\/li>\n<li><strong>Transportne konzole:<\/strong>Pilotske kabine letal, nadzorne plo\u0161\u010de vlakov, armaturne plo\u0161\u010de avtobusov<\/li>\n<\/ul>\n<p><strong>Sodelujte z izku\u0161enim proizvajalcem membranskih stikal proti ble\u0161\u010danju<\/strong><\/p>\n<p>Z dolgoletnimi izku\u0161njami na podro\u010dju tehnologije proti ble\u0161\u010danju in proizvodnje membranskih stikal smo va\u0161 zaupanja vreden vir visokokakovostnih membranskih stikal proti ble\u0161\u010danju. Na\u0161a ekipa strokovnjakov bo tesno sodelovala z vami, da bi razumela va\u0161e specifi\u010dne potrebe in zagotovila re\u0161itve po meri, ki izbolj\u0161ujejo vidljivost in uporabni\u0161ko izku\u0161njo.<\/p>\n<p><strong>Stopite v stik z nami \u0161e danes<\/strong>\u00a0\u010de \u017eelite izvedeti ve\u010d o na\u0161ih re\u0161itvah membranskih stikal proti ble\u0161\u010danju in o tem, kako vam lahko pomagamo ustvariti jasne, uporabniku prijazne vmesnike za va\u0161e izdelke.<\/p>","protected":false},"excerpt":{"rendered":"<p>V okoljih z mo\u010dno osvetlitvijo ali neposredno son\u010dno svetlobo lahko obi\u010dajne membranske tipkovnice trpijo zaradi ble\u0161\u010danja in zmanj\u0161ane vidljivosti, zaradi \u010desar uporabniki te\u017eko u\u010dinkovito upravljajo z njimi. Membranske tipkovnice proti ble\u0161\u010danju re\u0161ujejo ta izziv z vklju\u010ditvijo specializiranih materialov in povr\u0161inskih obdelav, ki zmanj\u0161ujejo ble\u0161\u010danje in odseve, kar zagotavlja jasno vidljivost in optimalno uporabni\u0161ko izku\u0161njo.<\/p>","protected":false},"featured_media":1767,"template":"","meta":[],"product_brand":[],"product_cat":[40],"product_tag":[],"class_list":{"0":"post-1791","1":"product","2":"type-product","3":"status-publish","4":"has-post-thumbnail","6":"product_cat-membrane-switch","8":"first","9":"instock","10":"shipping-taxable","11":"product-type-simple"},"_links":{"self":[{"href":"https:\/\/membraneswitchmfg.com\/sl\/wp-json\/wp\/v2\/product\/1791","targetHints":{"allow":["GET"]}}],"collection":[{"href":"https:\/\/membraneswitchmfg.com\/sl\/wp-json\/wp\/v2\/product"}],"about":[{"href":"https:\/\/membraneswitchmfg.com\/sl\/wp-json\/wp\/v2\/types\/product"}],"wp:featuredmedia":[{"embeddable":true,"href":"https:\/\/membraneswitchmfg.com\/sl\/wp-json\/wp\/v2\/media\/1767"}],"wp:attachment":[{"href":"https:\/\/membraneswitchmfg.com\/sl\/wp-json\/wp\/v2\/media?parent=1791"}],"wp:term":[{"taxonomy":"product_brand","embeddable":true,"href":"https:\/\/membraneswitchmfg.com\/sl\/wp-json\/wp\/v2\/product_brand?post=1791"},{"taxonomy":"product_cat","embeddable":true,"href":"https:\/\/membraneswitchmfg.com\/sl\/wp-json\/wp\/v2\/product_cat?post=1791"},{"taxonomy":"product_tag","embeddable":true,"href":"https:\/\/membraneswitchmfg.com\/sl\/wp-json\/wp\/v2\/product_tag?post=1791"}],"curies":[{"name":"wp","href":"https:\/\/api.w.org\/{rel}","templated":true}]}}