{"id":1792,"date":"2024-06-24T05:57:58","date_gmt":"2024-06-24T05:57:58","guid":{"rendered":"https:\/\/membraneswitchmfg.com\/manufacturer\/anti-ultraviolet-membrane-switch\/"},"modified":"2024-06-25T13:20:26","modified_gmt":"2024-06-25T13:20:26","slug":"anti-ultraviolet-membrane-switch","status":"publish","type":"product","link":"https:\/\/membraneswitchmfg.com\/sl\/manufacturer\/anti-ultraviolet-membrane-switch\/","title":{"rendered":"Membransko stikalo proti ultravijoli\u010dnim \u017earkom"},"content":{"rendered":"<h2><strong><b>Anti-Ultraviolet Membranska Stikala: Trajna U\u010dinkovitost v Te\u017ekih Pogojih<\/b><\/strong><\/h2>\n<p><strong>Za\u0161\u010dita Pred UV Sevanjem<\/strong><\/p>\n<p>Anti-ultravijoli\u010dna membranska stikala vklju\u010dujejo UV-odporne materiale in premaze, ki u\u010dinkovito absorbirajo in blokirajo UV \u017earke, s \u010dimer prepre\u010dujejo, da bi ti po\u0161kodovali komponente in grafike stikala. Ta za\u0161\u010dita zagotavlja, da stikala ohranijo svojo funkcionalnost, videz in \u017eivljenjsko dobo.<\/p>\n<ul>\n<li><strong>Prepre\u010dite bledenje in razbarvanje legend in grafik<\/strong><\/li>\n<li><strong>Ohranite funkcionalnost stikala in taktilni odziv<\/strong><\/li>\n<li><strong>Podalj\u0161ajte \u017eivljenjsko dobo membranskih stikal v zunanjih aplikacijah<\/strong><\/li>\n<\/ul>\n<p><strong>Trpe\u017ena in Primerna za Zunanjo Uporabo<\/strong><\/p>\n<p>Anti-ultravijoli\u010dna membranska stikala niso samo UV-odporna, ampak so tudi zasnovana tako, da prenesejo te\u017eke vremenske razmere, vklju\u010dno z ekstremnimi temperaturami, vlago in prahom. Primerna so za zunanjo uporabo, kjer sta vzdr\u017eljivost in zanesljivost najpomembnej\u0161i.<\/p>\n<ul>\n<li><strong>Odpornost na praske, kemikalije in UV \u017earke<\/strong><\/li>\n<li><strong>Obmo\u010dje delovne temperature od -40 \u00b0C do 85 \u00b0C<\/strong><\/li>\n<li><strong>Primerno za zunanje kioske, industrijske nadzorne plo\u0161\u010de in ozna\u010devalne table<\/strong><\/li>\n<\/ul>\n<p><strong>Aplikacije<\/strong><\/p>\n<p>Anti-ultravijoli\u010dna membranska stikala se pogosto uporabljajo v razli\u010dnih zunanjih aplikacijah, vklju\u010dno z:<\/p>\n<ul>\n<li><strong>Zunanji kioski:<\/strong>Bankomati, informacijski kioski, digitalne ozna\u010devalne table<\/li>\n<li><strong>Industrijske nadzorne plo\u0161\u010de:<\/strong>Prometni signali, namakalni sistemi, son\u010dne celice<\/li>\n<li><strong>Prometne ozna\u010devalne table:<\/strong>Cestni znaki, \u017eelezni\u0161ki signali, letali\u0161ke ozna\u010devalne table<\/li>\n<li><strong>Pomorske aplikacije:<\/strong>Kontrole \u010dolnov, navigacijske plo\u0161\u010de, komunikacijski sistemi<\/li>\n<li><strong>Kmetijska oprema:<\/strong>Traktorji, kombajni, namakalni sistemi<\/li>\n<\/ul>\n<p><strong>Sodelujte z Izku\u0161enim Proizvajalcem Anti-Ultravijoli\u010dnih Membranskih Stikal<\/strong><\/p>\n<p>Z dolgoletnimi izku\u0161njami z UV-odpornimi materiali in proizvodnjo membranskih stikal smo va\u0161 zaupanja vreden vir visokokakovostnih anti-ultravijoli\u010dnih membranskih stikal. Na\u0161a ekipa strokovnjakov bo tesno sodelovala z vami, da bi razumela va\u0161e specifi\u010dne potrebe in zagotovila prilagojene re\u0161itve, ki zagotavljajo dolgotrajno delovanje v te\u017ekih zunanjih okoljih.<\/p>\n<p><strong>Stopite v stik z nami \u0161e danes<\/strong>\u00a0\u010de \u017eelite izvedeti ve\u010d o na\u0161ih anti-ultravijoli\u010dnih re\u0161itvah za membranska stikala in o tem, kako vam lahko pomagamo ustvariti trpe\u017ene, zanesljive in vizualno privla\u010dne vmesnike za va\u0161e zunanje aplikacije.<\/p>","protected":false},"excerpt":{"rendered":"<p>V zunanjih okoljih in aplikacijah, ki so izpostavljene neposredni son\u010dni svetlobi, se lahko membranska stikala zaradi ultravijoli\u010dnega (UV) sevanja razgradijo in razbarvajo. Anti-ultravijoli\u010dna membranska stikala so zasnovana tako, da prenesejo mo\u010dno UV izpostavljenost, kar zagotavlja dolgotrajno delovanje in ohranja njihovo vizualno celovitost tudi v ekstremnih pogojih.<\/p>","protected":false},"featured_media":1768,"template":"","meta":[],"product_brand":[],"product_cat":[40],"product_tag":[],"class_list":{"0":"post-1792","1":"product","2":"type-product","3":"status-publish","4":"has-post-thumbnail","6":"product_cat-membrane-switch","8":"first","9":"instock","10":"shipping-taxable","11":"product-type-simple"},"_links":{"self":[{"href":"https:\/\/membraneswitchmfg.com\/sl\/wp-json\/wp\/v2\/product\/1792","targetHints":{"allow":["GET"]}}],"collection":[{"href":"https:\/\/membraneswitchmfg.com\/sl\/wp-json\/wp\/v2\/product"}],"about":[{"href":"https:\/\/membraneswitchmfg.com\/sl\/wp-json\/wp\/v2\/types\/product"}],"wp:featuredmedia":[{"embeddable":true,"href":"https:\/\/membraneswitchmfg.com\/sl\/wp-json\/wp\/v2\/media\/1768"}],"wp:attachment":[{"href":"https:\/\/membraneswitchmfg.com\/sl\/wp-json\/wp\/v2\/media?parent=1792"}],"wp:term":[{"taxonomy":"product_brand","embeddable":true,"href":"https:\/\/membraneswitchmfg.com\/sl\/wp-json\/wp\/v2\/product_brand?post=1792"},{"taxonomy":"product_cat","embeddable":true,"href":"https:\/\/membraneswitchmfg.com\/sl\/wp-json\/wp\/v2\/product_cat?post=1792"},{"taxonomy":"product_tag","embeddable":true,"href":"https:\/\/membraneswitchmfg.com\/sl\/wp-json\/wp\/v2\/product_tag?post=1792"}],"curies":[{"name":"wp","href":"https:\/\/api.w.org\/{rel}","templated":true}]}}