{"id":1793,"date":"2024-06-24T05:57:58","date_gmt":"2024-06-24T05:57:58","guid":{"rendered":"https:\/\/membraneswitchmfg.com\/manufacturer\/ip68-waterproof-membrane-switch\/"},"modified":"2024-06-25T12:29:03","modified_gmt":"2024-06-25T12:29:03","slug":"ip68-waterproof-membrane-switch","status":"publish","type":"product","link":"https:\/\/membraneswitchmfg.com\/sl\/manufacturer\/ip68-waterproof-membrane-switch\/","title":{"rendered":"Vodoodporno membransko stikalo IP68"},"content":{"rendered":"<h2><strong><b>Vodoodporna membranska stikala IP68: Zagotavljanje zanesljivega delovanja v zahtevnih okoljih<\/b><\/strong><\/h2>\n<p><strong>Neprekosljiva vodoodporna za\u0161\u010dita<\/strong><\/p>\n<p>Vodotesna membranska stikala IP68 so skrbno zatesnjena in izdelana tako, da prepre\u010dujejo vdor vode, prahu ali drugih onesna\u017eevalcev. Zaradi te izjemne stopnje za\u0161\u010dite so idealna za uporabo v zahtevnih okoljih, kot so:<\/p>\n<ul>\n<li><strong>Uporaba na prostem:<\/strong>Kioski, ozna\u010devalne table, industrijske nadzorne plo\u0161\u010de<\/li>\n<li><strong>Morska okolja:<\/strong>Krmiljenje \u010dolna, navigacijski sistemi, komunikacijska oprema<\/li>\n<li><strong>\u017eivilskopredelovalna industrija in industrija pija\u010d:<\/strong>Prostori za umivanje, nadzor strojev, oprema za pakiranje<\/li>\n<li><strong>Medicinska in laboratorijska okolja:<\/strong>Sterilna okolja, kirur\u0161ka oprema, diagnosti\u010dne naprave<\/li>\n<\/ul>\n<p><strong>Trajnost in zanesljivost<\/strong><\/p>\n<p>Vodotesna membranska stikala IP68 so poleg svoje vodotesnosti zasnovana tudi za izjemno vzdr\u017eljivost, saj prenesejo te\u017eke delovne pogoje, pogosto uporabo in agresivna \u010distila. To zagotavlja dolgotrajno delovanje in nizke skupne stro\u0161ke lastni\u0161tva.<\/p>\n<ul>\n<li><strong>Odpornost na praske, kemikalije in UV \u017earke<\/strong><\/li>\n<li><strong>\u0160iroko obmo\u010dje delovne temperature<\/strong><\/li>\n<li><strong>Dolga \u017eivljenjska doba tudi v zahtevnih okoljih<\/strong><\/li>\n<\/ul>\n<p><strong>Prilagodljive re\u0161itve<\/strong><\/p>\n<p>Za vodotesna membranska stikala IP68 ponujamo \u0161tevilne mo\u017enosti prilagajanja, vklju\u010dno z:<\/p>\n<ul>\n<li><strong>Razli\u010dne velikosti in slogi stikal<\/strong><\/li>\n<li><strong>Grafike in legende po meri<\/strong><\/li>\n<li><strong>Mo\u017enosti osvetlitve ozadja in osvetlitve<\/strong><\/li>\n<li><strong>Vklju\u010devanje dodatnih komponent<\/strong><\/li>\n<\/ul>\n<p><strong>Sodelujte z izku\u0161enim proizvajalcem vodotesnih membranskih stikal IP68<\/strong><\/p>\n<p>Z dolgoletnim strokovnim znanjem na podro\u010dju tehnologije vodoodpornih membranskih stikal in zavezanostjo kakovosti smo va\u0161 zanesljiv vir za prilagojena vodoodporna membranska stikala IP68. Na\u0161a ekipa strokovnjakov bo tesno sodelovala z vami, da bi razumela va\u0161e posebne potrebe in zagotovila re\u0161itve, ki zagotavljajo zanesljivo delovanje in dolgotrajno u\u010dinkovitost tudi v najzahtevnej\u0161ih okoljih.<\/p>\n<p><strong>Stopite v stik z nami \u0161e danes<\/strong>\u00a0\u010de \u017eelite izvedeti ve\u010d o na\u0161ih re\u0161itvah vodotesnih membranskih stikal IP68 in kako vam lahko pomagamo za\u0161\u010dititi va\u0161o kriti\u010dno opremo ter zagotoviti nemoteno delovanje v vsakem okolju.<\/p>","protected":false},"excerpt":{"rendered":"<p>Vodotesna membranska stikala IP68 zagotavljajo vrhunsko za\u0161\u010dito v aplikacijah, kjer je izpostavljenost vodi, prahu in drugim te\u017ekim razmeram problemati\u010dna. Ta robustna stikala so zasnovana tako, da izpolnjujejo stroge zahteve standarda za\u0161\u010dite pred vdorom IP68, kar zagotavlja zanesljivo delovanje, tudi \u010de so potopljena v vodo ali izpostavljena ekstremnemu vdoru prahu in umazanije.<\/p>","protected":false},"featured_media":1769,"template":"","meta":[],"product_brand":[],"product_cat":[40],"product_tag":[],"class_list":{"0":"post-1793","1":"product","2":"type-product","3":"status-publish","4":"has-post-thumbnail","6":"product_cat-membrane-switch","8":"first","9":"instock","10":"shipping-taxable","11":"product-type-simple"},"_links":{"self":[{"href":"https:\/\/membraneswitchmfg.com\/sl\/wp-json\/wp\/v2\/product\/1793","targetHints":{"allow":["GET"]}}],"collection":[{"href":"https:\/\/membraneswitchmfg.com\/sl\/wp-json\/wp\/v2\/product"}],"about":[{"href":"https:\/\/membraneswitchmfg.com\/sl\/wp-json\/wp\/v2\/types\/product"}],"wp:featuredmedia":[{"embeddable":true,"href":"https:\/\/membraneswitchmfg.com\/sl\/wp-json\/wp\/v2\/media\/1769"}],"wp:attachment":[{"href":"https:\/\/membraneswitchmfg.com\/sl\/wp-json\/wp\/v2\/media?parent=1793"}],"wp:term":[{"taxonomy":"product_brand","embeddable":true,"href":"https:\/\/membraneswitchmfg.com\/sl\/wp-json\/wp\/v2\/product_brand?post=1793"},{"taxonomy":"product_cat","embeddable":true,"href":"https:\/\/membraneswitchmfg.com\/sl\/wp-json\/wp\/v2\/product_cat?post=1793"},{"taxonomy":"product_tag","embeddable":true,"href":"https:\/\/membraneswitchmfg.com\/sl\/wp-json\/wp\/v2\/product_tag?post=1793"}],"curies":[{"name":"wp","href":"https:\/\/api.w.org\/{rel}","templated":true}]}}