{"id":1795,"date":"2024-06-24T05:57:58","date_gmt":"2024-06-24T05:57:58","guid":{"rendered":"https:\/\/membraneswitchmfg.com\/manufacturer\/membrane-keypads-and-keyboards\/"},"modified":"2024-06-25T12:34:01","modified_gmt":"2024-06-25T12:34:01","slug":"membrane-keypads-and-keyboards","status":"publish","type":"product","link":"https:\/\/membraneswitchmfg.com\/sl\/manufacturer\/membrane-keypads-and-keyboards\/","title":{"rendered":"Membranske tipkovnice in tipkovnice"},"content":{"rendered":"<h2><strong><b>Membranske tipkovnice in klaviature: Zanesljive in stro\u0161kovno u\u010dinkovite vhodne re\u0161itve<\/b><\/strong><\/h2>\n<p><strong>Trpe\u017ene in stro\u0161kovno u\u010dinkovite<\/strong><\/p>\n<p>Membranske tipkovnice in klaviature so znane po svoji trpe\u017enosti in dostopnosti. Enostavna konstrukcija in odsotnost gibljivih delov jih naredita manj dovzetne za obrabo, kar podalj\u0161uje njihovo \u017eivljenjsko dobo. Poleg tega je proizvodni proces razmeroma poceni, kar povzro\u010da ni\u017eje stro\u0161ke v primerjavi z drugimi vhodnimi napravami.<\/p>\n<ul>\n<li><strong>Dolga \u017eivljenjska doba z minimalnim vzdr\u017eevanjem<\/strong><\/li>\n<li><strong>Stro\u0161kovno u\u010dinkovita re\u0161itev za aplikacije z velikim obsegom<\/strong><\/li>\n<li><strong>Primerno za te\u017eka okolja in pogosto uporabo<\/strong><\/li>\n<\/ul>\n<p><strong>Vsestranske aplikacije<\/strong><\/p>\n<p>Membranske tipkovnice in klaviature so vsestranske vhodne naprave, primerne za razli\u010dne aplikacije, vklju\u010dno z:<\/p>\n<ul>\n<li><strong>Industrijske nadzorne plo\u0161\u010de<\/strong><\/li>\n<li><strong>Medicinski pripomo\u010dki<\/strong><\/li>\n<li><strong>Potro\u0161ni\u0161ka elektronika<\/strong><\/li>\n<li><strong>Naprave<\/strong><\/li>\n<li><strong>Prodajni avtomati<\/strong><\/li>\n<li><strong>Bankomati (ATM)<\/strong><\/li>\n<\/ul>\n<p><strong>Prilagodljive mo\u017enosti<\/strong><\/p>\n<p>Membranske tipkovnice in klaviature je mogo\u010de prilagoditi posebnim zahtevam, vklju\u010dno z:<\/p>\n<ul>\n<li><strong>Razli\u010dne postavitve in velikosti tipk<\/strong><\/li>\n<li><strong>Grafike in legende po meri<\/strong><\/li>\n<li><strong>Mo\u017enosti osvetlitve ozadja in osvetlitve<\/strong><\/li>\n<li><strong>Vklju\u010devanje dodatnih komponent<\/strong><\/li>\n<\/ul>\n<p><strong>Sodelujte z izku\u0161enim proizvajalcem membranskih tipkovnic in klaviatur<\/strong><\/p>\n<p>Z dolgoletnimi izku\u0161njami v tehnologiji membranskih tipkovnic in klaviatur smo va\u0161 zaupanja vreden vir visokokakovostnih, prilagojenih vhodnih re\u0161itev. Na\u0161a ekipa strokovnjakov bo tesno sodelovala z vami, da bi razumela va\u0161e specifi\u010dne potrebe in zagotovila re\u0161itve, ki zagotavljajo zanesljivo delovanje, stro\u0161kovno u\u010dinkovitost in vsestranskost.<\/p>\n<p><strong><a href=\"https:\/\/membraneswitchmfg.com\/sl\/contact\/\">Pi\u0161ite nam <\/a>danes<\/strong>\u00a0\u010de \u017eelite izvedeti ve\u010d o na\u0161ih re\u0161itvah za membranske tipkovnice in klaviature ter o tem, kako vam lahko pomagamo ustvariti uporabniku prijazne in trpe\u017ene vhodne naprave za va\u0161e aplikacije.<\/p>","protected":false},"excerpt":{"rendered":"<p>Membranske tipkovnice in klaviature ponujajo zanesljivo in stro\u0161kovno u\u010dinkovito re\u0161itev za \u0161irok spekter vhodnih aplikacij. Te vhodne naprave uporabljajo edinstveno zasnovo, ki uporablja na pritisk ob\u010dutljive membrane in prevodne sledi za registracijo pritiskov na tipke, kar zagotavlja taktilni odziv in dolgotrajno delovanje.<\/p>","protected":false},"featured_media":1751,"template":"","meta":[],"product_brand":[],"product_cat":[40],"product_tag":[],"class_list":{"0":"post-1795","1":"product","2":"type-product","3":"status-publish","4":"has-post-thumbnail","6":"product_cat-membrane-switch","8":"first","9":"instock","10":"shipping-taxable","11":"product-type-simple"},"_links":{"self":[{"href":"https:\/\/membraneswitchmfg.com\/sl\/wp-json\/wp\/v2\/product\/1795","targetHints":{"allow":["GET"]}}],"collection":[{"href":"https:\/\/membraneswitchmfg.com\/sl\/wp-json\/wp\/v2\/product"}],"about":[{"href":"https:\/\/membraneswitchmfg.com\/sl\/wp-json\/wp\/v2\/types\/product"}],"wp:featuredmedia":[{"embeddable":true,"href":"https:\/\/membraneswitchmfg.com\/sl\/wp-json\/wp\/v2\/media\/1751"}],"wp:attachment":[{"href":"https:\/\/membraneswitchmfg.com\/sl\/wp-json\/wp\/v2\/media?parent=1795"}],"wp:term":[{"taxonomy":"product_brand","embeddable":true,"href":"https:\/\/membraneswitchmfg.com\/sl\/wp-json\/wp\/v2\/product_brand?post=1795"},{"taxonomy":"product_cat","embeddable":true,"href":"https:\/\/membraneswitchmfg.com\/sl\/wp-json\/wp\/v2\/product_cat?post=1795"},{"taxonomy":"product_tag","embeddable":true,"href":"https:\/\/membraneswitchmfg.com\/sl\/wp-json\/wp\/v2\/product_tag?post=1795"}],"curies":[{"name":"wp","href":"https:\/\/api.w.org\/{rel}","templated":true}]}}