{"id":1975,"date":"2024-06-30T14:12:55","date_gmt":"2024-06-30T14:12:55","guid":{"rendered":"https:\/\/membraneswitchmfg.com\/?post_type=product&#038;p=1975"},"modified":"2024-06-30T14:19:38","modified_gmt":"2024-06-30T14:19:38","slug":"pc-print-label","status":"publish","type":"product","link":"https:\/\/membraneswitchmfg.com\/sl\/manufacturer\/pc-print-label\/","title":{"rendered":"Tiskanje nalepke na ra\u010dunalniku"},"content":{"rendered":"<p data-sourcepos=\"3:1-3:59\"><strong>PC Print Label:<\/strong> Omogo\u010danje u\u010dinkovitih re\u0161itev za ozna\u010devanje<\/p>\n<p data-sourcepos=\"5:1-5:8\">PC Print Label je celovita programska re\u0161itev, ki poenostavlja postopek ustvarjanja in tiskanja etiket za \u0161irok spekter aplikacij. Ne glede na to, ali morate ozna\u010diti izdelke, po\u0161iljati pakete ali organizirati inventar, PC Print Label ponuja orodja in prilagodljivost za enostavno upravljanje va\u0161ih nalog ozna\u010devanja.<\/p>\n<p data-sourcepos=\"7:1-7:17\"><strong>Klju\u010dne lastnosti:<\/strong><\/p>\n<ul data-sourcepos=\"9:1-9:23\">\n<li data-sourcepos=\"9:1-9:23\">\n<p data-sourcepos=\"9:3-9:144\"><strong>Intuitivna zasnova:<\/strong> PC Print Label se pona\u0161a z uporabniku prijaznim vmesnikom, ki olaj\u0161a oblikovanje in prilagajanje etiket tudi za\u010detnikom.<\/p>\n<\/li>\n<li data-sourcepos=\"11:1-11:46\">\n<p data-sourcepos=\"11:3-11:46\"><strong>Vsestranske predloge etiket:<\/strong> Izbirajte med \u0161irokim izborom vnaprej oblikovanih predlog etiket ali ustvarite svoje edinstvene modele z zmogljivim urejevalnikom etiket.<\/p>\n<\/li>\n<li data-sourcepos=\"13:1-14:0\">\n<p data-sourcepos=\"13:3-13:189\"><strong>Dinami\u010dna integracija podatkov:<\/strong> Uvozite podatke iz razli\u010dnih virov, kot so preglednice ali baze podatkov, da prilagodite etikete z informacijami o izdelku, podrobnostmi o strankah ali naslovi za po\u0161iljanje.<\/p>\n<\/li>\n<li data-sourcepos=\"15:1-16:0\">\n<p data-sourcepos=\"15:3-15:116\"><strong>Generiranje \u010drtne kode:<\/strong> Ustvarite in natisnite \u010drtne kode za u\u010dinkovito identifikacijo izdelkov in upravljanje zalog.<\/p>\n<\/li>\n<li data-sourcepos=\"17:1-17:140\">\n<p data-sourcepos=\"17:3-17:140\"><strong>Prilagodljive mo\u017enosti tiskanja:<\/strong> Natisnite etikete na razli\u010dnih tiskalnikih etiket, vklju\u010dno s standardnimi namiznimi tiskalniki, namenskimi tiskalniki etiket in industrijskimi tiskalniki etiket.<\/p>\n<\/li>\n<\/ul>","protected":false},"excerpt":{"rendered":"<p>S svojimi obse\u017enimi funkcijami in uporabniku prijaznim vmesnikom je PC Print Label nepogre\u0161ljivo orodje za podjetja in posameznike, ki se zana\u0161ajo na u\u010dinkovite in natan\u010dne re\u0161itve za ozna\u010devanje. Izbolj\u0161ajte svojo produktivnost in organizacijo ozna\u010devanja s PC Print Label.<\/p>","protected":false},"featured_media":1976,"template":"","meta":[],"product_brand":[],"product_cat":[15],"product_tag":[],"class_list":{"0":"post-1975","1":"product","2":"type-product","3":"status-publish","4":"has-post-thumbnail","6":"product_cat-print-label","8":"first","9":"instock","10":"shipping-taxable","11":"product-type-simple"},"_links":{"self":[{"href":"https:\/\/membraneswitchmfg.com\/sl\/wp-json\/wp\/v2\/product\/1975","targetHints":{"allow":["GET"]}}],"collection":[{"href":"https:\/\/membraneswitchmfg.com\/sl\/wp-json\/wp\/v2\/product"}],"about":[{"href":"https:\/\/membraneswitchmfg.com\/sl\/wp-json\/wp\/v2\/types\/product"}],"wp:featuredmedia":[{"embeddable":true,"href":"https:\/\/membraneswitchmfg.com\/sl\/wp-json\/wp\/v2\/media\/1976"}],"wp:attachment":[{"href":"https:\/\/membraneswitchmfg.com\/sl\/wp-json\/wp\/v2\/media?parent=1975"}],"wp:term":[{"taxonomy":"product_brand","embeddable":true,"href":"https:\/\/membraneswitchmfg.com\/sl\/wp-json\/wp\/v2\/product_brand?post=1975"},{"taxonomy":"product_cat","embeddable":true,"href":"https:\/\/membraneswitchmfg.com\/sl\/wp-json\/wp\/v2\/product_cat?post=1975"},{"taxonomy":"product_tag","embeddable":true,"href":"https:\/\/membraneswitchmfg.com\/sl\/wp-json\/wp\/v2\/product_tag?post=1975"}],"curies":[{"name":"wp","href":"https:\/\/api.w.org\/{rel}","templated":true}]}}