{"id":2225,"date":"2024-07-22T14:19:03","date_gmt":"2024-07-22T14:19:03","guid":{"rendered":"https:\/\/membraneswitchmfg.com\/manufacturer\/silicone-keypad\/"},"modified":"2024-07-25T05:39:12","modified_gmt":"2024-07-25T05:39:12","slug":"silicone-keypad","status":"publish","type":"product","link":"https:\/\/membraneswitchmfg.com\/sl\/manufacturer\/silicone-keypad\/","title":{"rendered":"Silikonska tipkovnica"},"content":{"rendered":"<h3><strong>Silikonska tipkovnica Klju\u010dne lastnosti:<\/strong><\/h3>\n<p>1.Durability: Na\u0161e tipkovnice so izdelane iz visokokakovostne silikonske gume in so odporne na ekstremne temperature, vlago in obrabo, kar zagotavlja dolgotrajno in zanesljivo re\u0161itev za vsako okolje.<\/p>\n<p>\u017divljenjska doba na\u0161e silikonske tipkovnice lahko dose\u017ee:<\/p>\n<ul>\n<li>1000-krat<\/li>\n<li>2000K krat<\/li>\n<li>5000K krat <strong>(najdalj\u0161a \u017eivljenjska doba v industriji)<\/strong><\/li>\n<\/ul>\n<p>2.Tactile Feedback: Te tipkovnice so zasnovane za natan\u010dnost in zagotavljajo odli\u010dne taktilne povratne informacije, kar izbolj\u0161a uporabni\u0161ko izku\u0161njo, saj se ob vsakem pritisku odzovejo na dotik, ki je zadovoljiv.<\/p>\n<p>3.Customizability: Na\u0161e silikonske tipkovnice je mogo\u010de prilagoditi posebnim potrebam va\u0161ega projekta: na voljo so v razli\u010dnih oblikah, velikostih in barvah. Na voljo so tudi legende po meri, mo\u017enosti osvetlitve ozadja in razli\u010dne stopnje trdote.Celotne mere ustrezajo industrijskim standardom M1, M2 in M3.<\/p>\n<p>4.Vsestranskost: Vsestranskost: idealna za uporabo v potro\u0161ni\u0161ki elektroniki, medicinskih napravah, industrijskih krmilnih napravah, avtomobilskih sistemih in \u0161e kje. Silikonski material zagotavlja odli\u010dno prilagodljivost, zato je primeren za kompleksne zasnove in postavitve.<\/p>\n<p>5.Easy Integracija: Na\u0161e tipkovnice so zasnovane za brezhibno integracijo in so zdru\u017eljive z razli\u010dnimi vrstami vmesnikov, vklju\u010dno z re\u0161itvami, name\u0161\u010denimi na tiskanem vezju, in sklopi membranskih stikal.<\/p>\n<p>6.Zero-defect \u010drne to\u010dke nadzor: S pomo\u010djo naprednih proizvodnih postopkov in strogih sistemov nadzora kakovosti na\u0161e silikonske tipkovnice dosegajo videz brez napak, kar zagotavlja, da vsak izdelek dosega najvi\u0161je standarde kakovosti videza.<\/p>\n<p>&nbsp;<\/p>\n<h3><strong>Uporaba silikonske tipkovnice:<\/strong><\/h3>\n<p>1.Potro\u0161ni\u0161ka elektronika: Za daljinske upravljalnike, igralne naprave in ro\u010dne pripomo\u010dke: Odli\u010dno za daljinske upravljalnike, igralne naprave in ro\u010dne pripomo\u010dke.<\/p>\n<p>2.Medicinski pripomo\u010dki: Idealno za bolni\u0161ke monitorje, diagnosti\u010dno opremo in nosljivo zdravstveno tehnologijo.<\/p>\n<p>3.Industrijski nadzor: Dovolj trpe\u017een za krmiljenje strojev, instrumentalne plo\u0161\u010de in zunanjo opremo.<\/p>\n<p>4.Avtomobilski sistemi: Avtomobilski sistemi: zanesljivi za upravljanje armaturne plo\u0161\u010de, infozabavnih sistemov in sistemov za vstop brez klju\u010da.<\/p>","protected":false},"excerpt":{"rendered":"<p>Z na\u0161imi silikonskimi tipkovnicami izkusite vrhunec zadovoljstva na otip in funkcionalnosti. Te tipkovnice so zasnovane za \u0161iroko paleto aplikacij, od zabavne elektronike do industrijskih strojev, in ponujajo neprimerljivo zmogljivost, zanesljivost in prilagodljivost.Ne glede na to, ali se uporabljajo v zabavni elektroniki, medicinski opremi ali industrijskem nadzoru, se lahko zanesete na na\u0161e silikonske tipkovnice, saj zagotavljajo brezhiben videz in vrhunsko uporabni\u0161ko izku\u0161njo.<\/p>","protected":false},"featured_media":1735,"template":"","meta":[],"product_brand":[],"product_cat":[39],"product_tag":[],"class_list":{"0":"post-2225","1":"product","2":"type-product","3":"status-publish","4":"has-post-thumbnail","6":"product_cat-silicone-rubber","8":"first","9":"instock","10":"shipping-taxable","11":"product-type-simple"},"_links":{"self":[{"href":"https:\/\/membraneswitchmfg.com\/sl\/wp-json\/wp\/v2\/product\/2225","targetHints":{"allow":["GET"]}}],"collection":[{"href":"https:\/\/membraneswitchmfg.com\/sl\/wp-json\/wp\/v2\/product"}],"about":[{"href":"https:\/\/membraneswitchmfg.com\/sl\/wp-json\/wp\/v2\/types\/product"}],"wp:featuredmedia":[{"embeddable":true,"href":"https:\/\/membraneswitchmfg.com\/sl\/wp-json\/wp\/v2\/media\/1735"}],"wp:attachment":[{"href":"https:\/\/membraneswitchmfg.com\/sl\/wp-json\/wp\/v2\/media?parent=2225"}],"wp:term":[{"taxonomy":"product_brand","embeddable":true,"href":"https:\/\/membraneswitchmfg.com\/sl\/wp-json\/wp\/v2\/product_brand?post=2225"},{"taxonomy":"product_cat","embeddable":true,"href":"https:\/\/membraneswitchmfg.com\/sl\/wp-json\/wp\/v2\/product_cat?post=2225"},{"taxonomy":"product_tag","embeddable":true,"href":"https:\/\/membraneswitchmfg.com\/sl\/wp-json\/wp\/v2\/product_tag?post=2225"}],"curies":[{"name":"wp","href":"https:\/\/api.w.org\/{rel}","templated":true}]}}