{"id":2226,"date":"2024-07-22T14:19:04","date_gmt":"2024-07-22T14:19:04","guid":{"rendered":"https:\/\/membraneswitchmfg.com\/manufacturer\/silicone-protectors\/"},"modified":"2024-07-25T08:30:07","modified_gmt":"2024-07-25T08:30:07","slug":"silicone-protectors","status":"publish","type":"product","link":"https:\/\/membraneswitchmfg.com\/sl\/manufacturer\/silicone-protectors\/","title":{"rendered":"Silikonski \u0161\u010ditniki"},"content":{"rendered":"<h2><strong>Klju\u010dne lastnosti silikonskih za\u0161\u010dit:<\/strong><\/h2>\n<p>1. Natan\u010den nadzor tolerance barv: Z uporabo visoko natan\u010dnih barvnih spektrofotometrov nadzorujemo toleranco barv znotraj industrijskih standardov Delta 1, Delta 2 in Delta 3, kar zagotavlja barvno konsistenco v vsaki seriji izdelkov.<\/p>\n<p>2. Visokokakovosten silikonski material: Izdelani iz vrhunskega silikonskega materiala, na\u0161e etuiji nudijo odli\u010dno vzdr\u017eljivost, fleksibilnost in odpornost proti staranju, kar zagotavlja dolgotrajno za\u0161\u010dito.<\/p>\n<p>3. \u0160irok nabor barvnih mo\u017enosti: Ponujamo bogat izbor barv, ki ustrezajo razli\u010dnim potrebam strank. Ne glede na to, ali gre za \u017eivahne barve ali umirjene nevtralne, vsaka ohranja dosleden odtenek in vizualni u\u010dinek.<\/p>\n<p>4. Odli\u010dna za\u0161\u010dita: Zasnovani za tesno prileganje, na\u0161i etuiji zagotavljajo celovito za\u0161\u010dito, u\u010dinkovito prepre\u010dujejo praske, udarce in obrabo ter tako podalj\u0161ujejo \u017eivljenjsko dobo va\u0161ih naprav.<\/p>\n<p>5. Udoben ob\u010dutek: Povr\u0161ina silikonskega etuija je gladka in zagotavlja udoben oprijem. Protizdrsna zasnova pove\u010duje stabilnost dr\u017eanja.<\/p>\n<h3><strong>Uporaba silikonskih za\u0161\u010dit:<\/strong><\/h3>\n<p>1. Potro\u0161ni\u0161ka elektronika: Idealno za pametne telefone, tabli\u010dne ra\u010dunalnike in druge ro\u010dne naprave, ki nudijo zanesljivo za\u0161\u010dito in eleganten videz.<\/p>\n<p>2. Gospodinjski aparati: Primerno za daljinske upravljalnike, pametne gospodinjske naprave in drugo, ki jih \u0161\u010diti pred vsakodnevno obrabo.<\/p>\n<p>3. Medicinski pripomo\u010dki: Varen, nestrupen silikonski material je primeren za za\u0161\u010dito medicinskih pripomo\u010dkov, kar zagotavlja \u010disto\u010do in varnost.<\/p>\n<p>4. Industrijska uporaba: Primerno za razli\u010dno industrijsko opremo, ki zahteva za\u0161\u010dito, zagotavlja zanesljivo za\u0161\u010dito in vzdr\u017eljivost.<\/p>","protected":false},"excerpt":{"rendered":"<p>Na\u0161i silikonski za\u0161\u010ditni elementi ne izstopajo samo po za\u0161\u010ditni funkciji, temve\u010d tudi po doseganju vodilne barvne konsistence v industriji. Z uporabo napredne barvne spektrofotometrije zagotavljamo, da je barvna toleranca vsakega ohi\u0161ja nadzorovana v skladu z industrijskimi standardi, kar zagotavlja vizualno popolno enotnost in visokokakovosten videz. Zavezani smo k zagotavljanju najkakovostnej\u0161ih silikonskih za\u0161\u010ditnih elementov, ki zagotavljajo, da vsak izdelek izpolnjuje va\u0161a pri\u010dakovanja. Z napredno proizvodno tehnologijo in strogimi sistemi nadzora kakovosti ponujamo barvno konsistentne, trpe\u017ene in funkcionalne za\u0161\u010ditne etuije. Ne glede na to, ali potrebujete standardne izdelke ali re\u0161itve po meri, lahko izpolnimo va\u0161e potrebe in pomagamo, da va\u0161e naprave ostanejo v optimalnem stanju.<\/p>","protected":false},"featured_media":2212,"template":"","meta":[],"product_brand":[],"product_cat":[39],"product_tag":[],"class_list":{"0":"post-2226","1":"product","2":"type-product","3":"status-publish","4":"has-post-thumbnail","6":"product_cat-silicone-rubber","8":"first","9":"instock","10":"shipping-taxable","11":"product-type-simple"},"_links":{"self":[{"href":"https:\/\/membraneswitchmfg.com\/sl\/wp-json\/wp\/v2\/product\/2226","targetHints":{"allow":["GET"]}}],"collection":[{"href":"https:\/\/membraneswitchmfg.com\/sl\/wp-json\/wp\/v2\/product"}],"about":[{"href":"https:\/\/membraneswitchmfg.com\/sl\/wp-json\/wp\/v2\/types\/product"}],"wp:featuredmedia":[{"embeddable":true,"href":"https:\/\/membraneswitchmfg.com\/sl\/wp-json\/wp\/v2\/media\/2212"}],"wp:attachment":[{"href":"https:\/\/membraneswitchmfg.com\/sl\/wp-json\/wp\/v2\/media?parent=2226"}],"wp:term":[{"taxonomy":"product_brand","embeddable":true,"href":"https:\/\/membraneswitchmfg.com\/sl\/wp-json\/wp\/v2\/product_brand?post=2226"},{"taxonomy":"product_cat","embeddable":true,"href":"https:\/\/membraneswitchmfg.com\/sl\/wp-json\/wp\/v2\/product_cat?post=2226"},{"taxonomy":"product_tag","embeddable":true,"href":"https:\/\/membraneswitchmfg.com\/sl\/wp-json\/wp\/v2\/product_tag?post=2226"}],"curies":[{"name":"wp","href":"https:\/\/api.w.org\/{rel}","templated":true}]}}