{"id":2227,"date":"2024-07-22T14:19:04","date_gmt":"2024-07-22T14:19:04","guid":{"rendered":"https:\/\/membraneswitchmfg.com\/manufacturer\/silicone-gasket\/"},"modified":"2024-07-25T06:04:54","modified_gmt":"2024-07-25T06:04:54","slug":"silicone-gasket","status":"publish","type":"product","link":"https:\/\/membraneswitchmfg.com\/sl\/manufacturer\/silicone-gasket\/","title":{"rendered":"Silikonsko tesnilo"},"content":{"rendered":"<h2><strong>Klju\u010dne lastnosti:<\/strong><\/h2>\n<p>1. Visoka temperaturna odpornost: Na\u0161a silikonska tesnila lahko prenesejo ekstremne temperature, ki segajo od -60 \u00b0C do 230 \u00b0C, zaradi \u010desar so primerna za okolja z visoko vro\u010dino in zmrzovanjem.<\/p>\n<p>2. Odli\u010dna fleksibilnost in elasti\u010dnost: Naravna fleksibilnost silikona omogo\u010da, da se na\u0161a tesnila prilagodijo nepravilnim povr\u0161inam, kar zagotavlja tesno in zanesljivo tesnjenje tudi pri visokem tlaku.<\/p>\n<p>3. Vrhunska kemi\u010dna odpornost: Na\u0161a silikonska tesnila so odporna na \u0161iroko paleto kemikalij, olj in topil, zato ohranjajo svojo celovitost in u\u010dinkovitost v najzahtevnej\u0161ih okoljih.<\/p>\n<p>4. Dolgotrajna vzdr\u017eljivost: Ta tesnila so zasnovana za dolgo \u017eivljenjsko dobo in so odporna na staranje, vremenske vplive in izpostavljenost UV \u017earkom, kar zagotavlja podalj\u0161ano \u017eivljenjsko dobo z minimalnim vzdr\u017eevanjem.<\/p>\n<p>5. Mo\u017enosti FDA in medicinske kakovosti: Na\u0161a silikonska tesnila so na voljo v razli\u010dicah za \u017eivila in medicinske namene, zato so varna za uporabo v predelavi hrane, farmacevtskih izdelkih in zdravstvenih aplikacijah.<\/p>\n<h2><strong>Uporaba silikonskih tesnil:<\/strong><\/h2>\n<p>1. Avtomobilska industrija: Idealno za motorje, menjalnike in izpu\u0161ne sisteme, saj zagotavlja zanesljivo tesnjenje v ekstremnih pogojih.<\/p>\n<p>2. Industrijska oprema: Primerno za \u010drpalke, kompresorje in stroje, prepre\u010duje pu\u0161\u010danje in zagotavlja u\u010dinkovito delovanje.<\/p>\n<p>3. Hrana in pija\u010da: Popolno za tesnjenje v opremi za predelavo hrane, kar zagotavlja higieno in varnostne standarde.<\/p>\n<p>4. Medicinski pripomo\u010dki: Varno za uporabo v medicinskih pripomo\u010dkih in opremi, kar zagotavlja zanesljivo tesnjenje v kriti\u010dnih aplikacijah.<\/p>\n<p>5. Elektronika: U\u010dinkovito za tesnjenje v elektronskih ohi\u0161jih, \u0161\u010diti ob\u010dutljive komponente pred vlago in prahom.<\/p>","protected":false},"excerpt":{"rendered":"<p>Odkrijte vrhunsko re\u0161itev za tesnjenje z na\u0161imi vrhunskimi silikonskimi tesnili. Zasnovana za izjemno u\u010dinkovitost, so ta tesnila zasnovana tako, da izpolnjujejo stroge zahteve razli\u010dnih industrij in zagotavljajo popolno tesnjenje vsaki\u010d. Ne glede na to, ali \u017eelite izbolj\u0161ati vzdr\u017eljivost va\u0161e opreme ali zagotoviti okolje, ki ne pu\u0161\u010da, so na\u0161a silikonska tesnila idealna izbira. Na\u0161a zavezanost kakovosti in inovativnosti zagotavlja, da na\u0161a silikonska tesnila izpolnjujejo najvi\u0161je industrijske standarde. Ponujamo \u0161iroko paleto velikosti, oblik in mo\u017enosti po meri, ki ustrezajo va\u0161im specifi\u010dnim potrebam. Z na\u0161o strokovno ekipo in naprednimi proizvodnimi procesi zagotavljamo tesnila, ki zagotavljajo dosledno u\u010dinkovitost in zanesljivost.<\/p>","protected":false},"featured_media":2216,"template":"","meta":[],"product_brand":[],"product_cat":[39],"product_tag":[],"class_list":{"0":"post-2227","1":"product","2":"type-product","3":"status-publish","4":"has-post-thumbnail","6":"product_cat-silicone-rubber","8":"first","9":"instock","10":"shipping-taxable","11":"product-type-simple"},"_links":{"self":[{"href":"https:\/\/membraneswitchmfg.com\/sl\/wp-json\/wp\/v2\/product\/2227","targetHints":{"allow":["GET"]}}],"collection":[{"href":"https:\/\/membraneswitchmfg.com\/sl\/wp-json\/wp\/v2\/product"}],"about":[{"href":"https:\/\/membraneswitchmfg.com\/sl\/wp-json\/wp\/v2\/types\/product"}],"wp:featuredmedia":[{"embeddable":true,"href":"https:\/\/membraneswitchmfg.com\/sl\/wp-json\/wp\/v2\/media\/2216"}],"wp:attachment":[{"href":"https:\/\/membraneswitchmfg.com\/sl\/wp-json\/wp\/v2\/media?parent=2227"}],"wp:term":[{"taxonomy":"product_brand","embeddable":true,"href":"https:\/\/membraneswitchmfg.com\/sl\/wp-json\/wp\/v2\/product_brand?post=2227"},{"taxonomy":"product_cat","embeddable":true,"href":"https:\/\/membraneswitchmfg.com\/sl\/wp-json\/wp\/v2\/product_cat?post=2227"},{"taxonomy":"product_tag","embeddable":true,"href":"https:\/\/membraneswitchmfg.com\/sl\/wp-json\/wp\/v2\/product_tag?post=2227"}],"curies":[{"name":"wp","href":"https:\/\/api.w.org\/{rel}","templated":true}]}}