{"id":2228,"date":"2024-07-22T14:19:04","date_gmt":"2024-07-22T14:19:04","guid":{"rendered":"https:\/\/membraneswitchmfg.com\/manufacturer\/silicon-pad\/"},"modified":"2024-07-25T08:35:32","modified_gmt":"2024-07-25T08:35:32","slug":"silicone-pad","status":"publish","type":"product","link":"https:\/\/membraneswitchmfg.com\/sl\/manufacturer\/silicone-pad\/","title":{"rendered":"Silikonska podloga"},"content":{"rendered":"<h2><strong>Klju\u010dne lastnosti silikonske podloge:<\/strong><\/h2>\n<p>1. Vrhunska vzdr\u017eljivost: Izdelane iz visokokakovostne silikonske gume, so na\u0161e podloge odporne na ekstremne temperature, UV sevanje in obrabo, kar zagotavlja dolgotrajno delovanje tudi v najzahtevnej\u0161ih okoljih.<\/p>\n<p>2. Odli\u010dna fleksibilnost: Naravna fleksibilnost silikona omogo\u010da, da se na\u0161e podloge prilagodijo nepravilnim povr\u0161inam in ohranijo svojo obliko, kar zagotavlja dosledno za\u0161\u010dito in bla\u017eenje.<\/p>\n<p>3. Toplotno upravljanje: Z izjemnimi lastnostmi toplotne prevodnosti so na\u0161e silikonske podloge idealne za aplikacije, ki zahtevajo u\u010dinkovito odvajanje toplote, kot so elektronika in LED osvetlitev.<\/p>\n<p>4. Du\u0161enje vibracij: Na\u0161e podloge, zasnovane za absorpcijo in du\u0161enje vibracij, zmanj\u0161ujejo hrup in mehanske udarce, \u0161\u010ditijo ob\u010dutljive komponente in izbolj\u0161ujejo \u017eivljenjsko dobo va\u0161e opreme.<\/p>\n<p>5. Prilagodljive mo\u017enosti: Na\u0161e silikonske podloge so na voljo v razli\u010dnih debelinah, velikostih in stopnjah trdote, zato jih je mogo\u010de prilagoditi posebnim potrebam va\u0161ega projekta. Na voljo so tudi oblike po meri in mo\u017enosti izsekovanja.<\/p>\n<p>6. Kemi\u010dna odpornost: Na\u0161e silikonske podloge so odporne na \u0161irok spekter kemikalij, olj in topil ter ohranjajo svojo celovitost in u\u010dinkovitost v te\u017ekih okoljih.<\/p>\n<h2><strong>Uporaba silikonskih podlog:<\/strong><\/h2>\n<p>1. Elektronika: Idealno za toplotno upravljanje v elektronskih napravah, zagotavlja u\u010dinkovit prenos toplote in za\u0161\u010dito ob\u010dutljivih komponent.<\/p>\n<p>2. Avtomobilska industrija: Primerno za uporabo v motorjih, menjalnikih in drugih avtomobilskih sistemih, nudi du\u0161enje vibracij in toplotno upravljanje.<\/p>\n<p>3. Industrijska oprema: Popolno za stroje in opremo, ki zahtevajo bla\u017eenje, zmanj\u0161anje hrupa in za\u0161\u010dito pred mehanskimi udarci.<\/p>\n<p>4. Medicinski pripomo\u010dki: Varno za uporabo v medicinski opremi, nudi zanesljivo bla\u017eenje in za\u0161\u010dito ob\u010dutljivih instrumentov.<\/p>\n<p>5. Potro\u0161ni\u0161ko blago: Idealno za gospodinjske aparate, pohi\u0161tvo in druge potro\u0161ni\u0161ke izdelke, zagotavlja bla\u017eenje in za\u0161\u010dito.<\/p>","protected":false},"excerpt":{"rendered":"<p>Na\u0161e silikonske blazinice ponujajo popolno kombinacijo trpe\u017enosti, fleksibilnosti in visoko zmogljivega bla\u017eenja za \u0161irok spekter uporabe. Ne glede na to, ali potrebujete zanesljivo toplotno upravljanje, du\u0161enje vibracij ali za\u0161\u010ditno oblazinjenje, so na\u0161e silikonske blazinice zasnovane tako, da izpolnjujejo va\u0161e specifi\u010dne zahteve z izjemno kakovostjo in doslednostjo. Na\u0161a zavezanost kakovosti in inovativnosti zagotavlja, da na\u0161e silikonske blazinice izpolnjujejo najvi\u0161je industrijske standarde. Ponujamo \u0161iroko paleto mo\u017enosti, ki ustrezajo va\u0161im specifi\u010dnim potrebam, in na\u0161a strokovna ekipa je predana zagotavljanju izdelkov, ki presegajo va\u0161a pri\u010dakovanja. Ne glede na to, ali potrebujete standardne blazinice ali popolnoma prilagojene re\u0161itve, imamo strokovno znanje in vire za zagotavljanje popolne re\u0161itve za bla\u017eenje za va\u0161o uporabo.<\/p>","protected":false},"featured_media":2220,"template":"","meta":[],"product_brand":[],"product_cat":[39],"product_tag":[],"class_list":{"0":"post-2228","1":"product","2":"type-product","3":"status-publish","4":"has-post-thumbnail","6":"product_cat-silicone-rubber","8":"first","9":"instock","10":"shipping-taxable","11":"product-type-simple"},"_links":{"self":[{"href":"https:\/\/membraneswitchmfg.com\/sl\/wp-json\/wp\/v2\/product\/2228","targetHints":{"allow":["GET"]}}],"collection":[{"href":"https:\/\/membraneswitchmfg.com\/sl\/wp-json\/wp\/v2\/product"}],"about":[{"href":"https:\/\/membraneswitchmfg.com\/sl\/wp-json\/wp\/v2\/types\/product"}],"wp:featuredmedia":[{"embeddable":true,"href":"https:\/\/membraneswitchmfg.com\/sl\/wp-json\/wp\/v2\/media\/2220"}],"wp:attachment":[{"href":"https:\/\/membraneswitchmfg.com\/sl\/wp-json\/wp\/v2\/media?parent=2228"}],"wp:term":[{"taxonomy":"product_brand","embeddable":true,"href":"https:\/\/membraneswitchmfg.com\/sl\/wp-json\/wp\/v2\/product_brand?post=2228"},{"taxonomy":"product_cat","embeddable":true,"href":"https:\/\/membraneswitchmfg.com\/sl\/wp-json\/wp\/v2\/product_cat?post=2228"},{"taxonomy":"product_tag","embeddable":true,"href":"https:\/\/membraneswitchmfg.com\/sl\/wp-json\/wp\/v2\/product_tag?post=2228"}],"curies":[{"name":"wp","href":"https:\/\/api.w.org\/{rel}","templated":true}]}}