{"id":2274,"date":"2024-07-26T02:52:22","date_gmt":"2024-07-26T02:52:22","guid":{"rendered":"https:\/\/membraneswitchmfg.com\/?post_type=product&#038;p=2274"},"modified":"2024-09-19T12:54:44","modified_gmt":"2024-09-19T12:54:44","slug":"magnetic-switch","status":"publish","type":"product","link":"https:\/\/membraneswitchmfg.com\/sl\/manufacturer\/magnetic-switch\/","title":{"rendered":"Magnetno stikalo"},"content":{"rendered":"<h4><strong><b>Klju\u010dne lastnosti:<\/b><\/strong><\/h4>\n<p><strong>1.<\/strong><strong>Izjemna vzdr\u017eljivost<\/strong>: Zasnovan za vzdr\u017eljivost do 10 milijonov pritiskov, na\u0161 izdelek zagotavlja dosledno delovanje in zanesljivost v dalj\u0161em obdobju, zaradi \u010desar je stro\u0161kovno u\u010dinkovita izbira za dolgoro\u010dne aplikacije.<\/p>\n<p><strong>2.<\/strong><strong>Vsestranske aplikacije<\/strong>: Trenutno se na\u0161e magnetno stikalo pogosto uporablja v razli\u010dnih sektorjih z visokim povpra\u0161evanjem, vklju\u010dno z:<\/p>\n<ul>\n<li><strong>Medical Equipment<\/strong>: Na\u0161e stikalo zagotavlja natan\u010den in zanesljiv nadzor ter je klju\u010dna komponenta v medicinskih pripomo\u010dkih, ki zagotavlja varnost in zanesljivost v zdravstvenem okolju.<\/li>\n<li><strong>Tekalne steze<\/strong>: Na\u0161e stikalo, integrirano v fitnes opremo, zagotavlja nemoteno delovanje in izbolj\u0161uje uporabni\u0161ko izku\u0161njo ter se upira strogim zahtevam pogoste uporabe.<\/li>\n<\/ul>\n<h4><strong><b>Zakaj izbrati na\u0161e magnetno stikalo?<\/b><\/strong><\/h4>\n<p><strong>1.<\/strong><strong>Neprimerljiva \u017eivljenjska doba<\/strong>: Kot edino magnetno stikalo na doma\u010dem trgu z \u017eivljenjsko dobo 10 milijonov pritiskov postavljamo standard za vzdr\u017eljivost.<\/p>\n<p><strong>2.<\/strong><strong>Zanesljivost v kriti\u010dnih aplikacijah<\/strong>: Na\u0161e stikalo je zaupanja vredno v medicinski opremi, kjer sta zanesljivost in natan\u010dnost najpomembnej\u0161i.<\/p>\n<p><strong>3.<\/strong><strong>U\u010dinkovitost v okoljih z visoko uporabo<\/strong>: Z aplikacijami v tekalnih stezah na\u0161e stikalo dokazuje svojo odpornost v okoljih z visokim prometom in visoko uporabo.<\/p>","protected":false},"excerpt":{"rendered":"<p>Predstavljamo na\u0161o napredno <span class=\"Y2IQFc\" lang=\"en\">Magnetno membransko stikalo<\/span>, ki je utele\u0161enje vzdr\u017eljivosti in zanesljivosti na trgu. Pona\u0161a se z izjemno \u017eivljenjsko dobo izdelka do <strong>10 milijonov pritiskov<\/strong>, na\u0161e magnetno stikalo je <strong>edino te vrste na doma\u010dem trgu, ki ponuja tako dolgo \u017eivljenjsko dobo<\/strong>.Predstavljamo na\u0161e napredno magnetno stikalo, ki je utele\u0161enje vzdr\u017eljivosti in zanesljivosti na trgu. Pona\u0161a se z izjemno \u017eivljenjsko dobo izdelka do 10 milijonov pritiskov, na\u0161e magnetno stikalo je edino te vrste na doma\u010dem trgu, ki ponuja tako dolgo \u017eivljenjsko dobo.<\/p>","protected":false},"featured_media":2435,"template":"","meta":[],"product_brand":[],"product_cat":[40],"product_tag":[],"class_list":{"0":"post-2274","1":"product","2":"type-product","3":"status-publish","4":"has-post-thumbnail","6":"product_cat-membrane-switch","8":"first","9":"instock","10":"shipping-taxable","11":"product-type-simple"},"_links":{"self":[{"href":"https:\/\/membraneswitchmfg.com\/sl\/wp-json\/wp\/v2\/product\/2274","targetHints":{"allow":["GET"]}}],"collection":[{"href":"https:\/\/membraneswitchmfg.com\/sl\/wp-json\/wp\/v2\/product"}],"about":[{"href":"https:\/\/membraneswitchmfg.com\/sl\/wp-json\/wp\/v2\/types\/product"}],"wp:featuredmedia":[{"embeddable":true,"href":"https:\/\/membraneswitchmfg.com\/sl\/wp-json\/wp\/v2\/media\/2435"}],"wp:attachment":[{"href":"https:\/\/membraneswitchmfg.com\/sl\/wp-json\/wp\/v2\/media?parent=2274"}],"wp:term":[{"taxonomy":"product_brand","embeddable":true,"href":"https:\/\/membraneswitchmfg.com\/sl\/wp-json\/wp\/v2\/product_brand?post=2274"},{"taxonomy":"product_cat","embeddable":true,"href":"https:\/\/membraneswitchmfg.com\/sl\/wp-json\/wp\/v2\/product_cat?post=2274"},{"taxonomy":"product_tag","embeddable":true,"href":"https:\/\/membraneswitchmfg.com\/sl\/wp-json\/wp\/v2\/product_tag?post=2274"}],"curies":[{"name":"wp","href":"https:\/\/api.w.org\/{rel}","templated":true}]}}