{"id":2438,"date":"2024-09-20T06:37:42","date_gmt":"2024-09-20T06:37:42","guid":{"rendered":"https:\/\/membraneswitchmfg.com\/?post_type=product&#038;p=2438"},"modified":"2024-09-20T06:40:01","modified_gmt":"2024-09-20T06:40:01","slug":"in-mold-electronics-ime","status":"publish","type":"product","link":"https:\/\/membraneswitchmfg.com\/sl\/manufacturer\/in-mold-electronics-ime\/","title":{"rendered":"Elektronika v kalupu (IME)"},"content":{"rendered":"<h2>Elektronika v kalupu (IME): Revolucionarna tehnologija<\/h2>\n<h3 data-sourcepos=\"5:1-5:24\">Klju\u010dne prednosti elektronike v kalupu<strong>:<\/strong><\/h3>\n<ul>\n<li><span class=\"citation-2 recitation\">Zni\u017eani stro\u0161ki sestavljanja:<\/span><span class=\"citation-2 recitation citation-end-2\"> Z vklju\u010ditvijo elektronskih komponent neposredno v plasti\u010dni del IME odpravlja potrebo po lo\u010denih korakih sestavljanja, kar znatno zmanj\u0161uje proizvodne stro\u0161ke.<\/span><\/li>\n<li>Izbolj\u0161ana trajnost: <span class=\"citation-3 recitation citation-end-3\">IME ustvarja mo\u010dno vez med elektronskimi komponentami in plasti\u010dnim delom, kar pove\u010duje trajnost in odpornost na okoljske dejavnike.<\/span><\/li>\n<li>Manj\u0161i faktor oblike: <span class=\"citation-4 recitation citation-end-4\">IME omogo\u010da ustvarjanje tanj\u0161ih in bolj kompaktnih elektronskih naprav, zaradi \u010desar so bolj prenosljive in estetsko prijetne.<\/span><\/li>\n<li>Izbolj\u0161ana estetika: IME se lahko uporablja za ustvarjanje brez\u0161ivnih in vizualno privla\u010dnih dizajnov, ki elektronske komponente brezhibno vklju\u010dujejo v celoten videz izdelka.<\/li>\n<li>Izbolj\u0161ana zanesljivost: <span class=\"citation-5 recitation citation-end-5\">Z odpravo zunanjih povezav in korakov sestavljanja lahko IME pove\u010da zanesljivost in \u017eivljenjsko dobo elektronskih izdelkov.<\/span><\/li>\n<\/ul>\n<h3 data-sourcepos=\"13:1-13:24\">Uporaba elektronike v kalupu:<\/h3>\n<ul data-sourcepos=\"15:1-19:0\">\n<li data-sourcepos=\"15:1-15:100\">Potro\u0161ni\u0161ka elektronika: Tipkovnice, daljinski upravljalniki, avtomobilske armaturne plo\u0161\u010de in nosljive naprave.<\/li>\n<li data-sourcepos=\"16:1-16:110\">Medicinski pripomo\u010dki: <span class=\"citation-6 recitation citation-end-6\">Diagnosti\u010dna oprema, sistemi za spremljanje bolnikov in vsadljive naprave.<\/span><\/li>\n<li data-sourcepos=\"16:1-16:110\">Avtomobilska industrija: <span class=\"citation-7 recitation citation-end-7\">Nadzorne plo\u0161\u010de, instrumentne plo\u0161\u010de in vratne plo\u0161\u010de.<\/span><\/li>\n<li data-sourcepos=\"16:1-16:110\">Industrijska avtomatizacija: Nadzorne plo\u0161\u010de, senzorji in druge komponente za avtomatizacijo.<\/li>\n<\/ul>","protected":false},"excerpt":{"rendered":"<p><span class=\"citation-0 recitation\">Elektronika v kalupu (IME)<\/span><span class=\"citation-0 recitation citation-end-0\"> je proizvodni proces, ki vklju\u010duje elektronske komponente neposredno v plasti\u010dne dele med postopkom oblikovanja.<\/span> <span class=\"citation-1 recitation citation-end-1\">Ta inovativna tehnika ponuja \u0161tevilne prednosti pred tradicionalnimi metodami sestavljanja, zaradi \u010desar je priljubljena izbira za razli\u010dne industrije.<\/span><\/p>\n<p><span class=\"citation-8 recitation citation-end-8\">IME je vrhunska tehnologija, ki ponuja znatne prednosti v smislu stro\u0161kov, trajnosti, oblikovanja in zanesljivosti.<\/span> Ker se tehnologija \u0161e naprej razvija, lahko pri\u010dakujemo \u0161e ve\u010d inovativnih aplikacij v prihodnosti.<\/p>","protected":false},"featured_media":2439,"template":"","meta":[],"product_brand":[],"product_cat":[40],"product_tag":[],"class_list":{"0":"post-2438","1":"product","2":"type-product","3":"status-publish","4":"has-post-thumbnail","6":"product_cat-membrane-switch","8":"first","9":"instock","10":"shipping-taxable","11":"product-type-simple"},"_links":{"self":[{"href":"https:\/\/membraneswitchmfg.com\/sl\/wp-json\/wp\/v2\/product\/2438","targetHints":{"allow":["GET"]}}],"collection":[{"href":"https:\/\/membraneswitchmfg.com\/sl\/wp-json\/wp\/v2\/product"}],"about":[{"href":"https:\/\/membraneswitchmfg.com\/sl\/wp-json\/wp\/v2\/types\/product"}],"wp:featuredmedia":[{"embeddable":true,"href":"https:\/\/membraneswitchmfg.com\/sl\/wp-json\/wp\/v2\/media\/2439"}],"wp:attachment":[{"href":"https:\/\/membraneswitchmfg.com\/sl\/wp-json\/wp\/v2\/media?parent=2438"}],"wp:term":[{"taxonomy":"product_brand","embeddable":true,"href":"https:\/\/membraneswitchmfg.com\/sl\/wp-json\/wp\/v2\/product_brand?post=2438"},{"taxonomy":"product_cat","embeddable":true,"href":"https:\/\/membraneswitchmfg.com\/sl\/wp-json\/wp\/v2\/product_cat?post=2438"},{"taxonomy":"product_tag","embeddable":true,"href":"https:\/\/membraneswitchmfg.com\/sl\/wp-json\/wp\/v2\/product_tag?post=2438"}],"curies":[{"name":"wp","href":"https:\/\/api.w.org\/{rel}","templated":true}]}}