{"id":1690,"date":"2024-06-22T14:56:03","date_gmt":"2024-06-22T14:56:03","guid":{"rendered":"https:\/\/membraneswitchmfg.com\/manufacturer\/electrical-power-cord-certification-label\/"},"modified":"2024-06-26T00:54:03","modified_gmt":"2024-06-26T00:54:03","slug":"electrical-power-cord-certification-label","status":"publish","type":"product","link":"https:\/\/membraneswitchmfg.com\/sv\/manufacturer\/electrical-power-cord-certification-label\/","title":{"rendered":"Certifieringsetikett f\u00f6r elektrisk n\u00e4tsladd"},"content":{"rendered":"<h2 class=\"\" data-sourcepos=\"1:1-1:77\">Certifieringsetiketter f\u00f6r elektriska n\u00e4tsladdar: S\u00e4kerst\u00e4lla s\u00e4kerhet och efterlevnad<\/h2>\n<p data-sourcepos=\"3:1-3:140\">S\u00e4kerst\u00e4ll att dina elsladdar \u00e4r s\u00e4kra och uppfyller kraven med v\u00e5ra h\u00e5llbara och h\u00f6gkvalitativa certifieringsetiketter f\u00f6r elsladdar. Dessa etiketter ger viktig information om dina sladdar, vilket hj\u00e4lper till att f\u00f6rhindra elektriska faror och s\u00e4kerst\u00e4lla efterlevnad av regler.<\/p>\n<p data-sourcepos=\"5:1-5:51\"><strong>O\u00f6vertr\u00e4ffad t\u00e5lighet f\u00f6r kr\u00e4vande milj\u00f6er<\/strong><\/p>\n<p data-sourcepos=\"7:1-7:3\">V\u00e5ra certifieringsetiketter f\u00f6r elektriska n\u00e4tkablar \u00e4r tillverkade av premiummaterial som t\u00e5l tuffa f\u00f6rh\u00e5llanden, inklusive extrema temperaturer, n\u00f6tning och kemikalier. De \u00e4r motst\u00e5ndskraftiga mot blekning, rivning och fl\u00e4ckar, vilket s\u00e4kerst\u00e4ller att den viktiga informationen p\u00e5 dina etiketter f\u00f6rblir tydlig och l\u00e4sbar under m\u00e5nga \u00e5r fram\u00f6ver.<\/p>\n<p data-sourcepos=\"9:1-9:51\"><strong>Viktig information f\u00f6r s\u00e4kerhet och efterlevnad<\/strong><\/p>\n<p data-sourcepos=\"11:1-11:39\">V\u00e5ra certifieringsetiketter f\u00f6r elektriska n\u00e4tkablar inneh\u00e5ller viktig information som t.ex:<\/p>\n<ul data-sourcepos=\"13:1-17:0\">\n<li data-sourcepos=\"13:1-13:47\"><strong>Tillverkarens namn och kontaktuppgifter<\/strong><\/li>\n<li data-sourcepos=\"14:1-14:26\"><strong>Typ och klassning av sladd<\/strong><\/li>\n<li data-sourcepos=\"15:1-15:31\"><strong>Elektriska specifikationer<\/strong><\/li>\n<li data-sourcepos=\"16:1-17:0\"><strong>Certifieringsm\u00e4rkning<\/strong><\/li>\n<\/ul>\n<p data-sourcepos=\"18:1-18:111\">Denna information bidrar till att s\u00e4kerst\u00e4lla att dina sladdar anv\u00e4nds p\u00e5 ett s\u00e4kert s\u00e4tt och i enlighet med g\u00e4llande best\u00e4mmelser.<\/p>\n<p data-sourcepos=\"20:1-20:53\"><strong>Idealisk f\u00f6r ett brett spektrum av elektriska applikationer<\/strong><\/p>\n<p data-sourcepos=\"22:1-22:112\">V\u00e5ra certifieringsetiketter f\u00f6r elektriska n\u00e4tsladdar \u00e4r idealiska f\u00f6r ett brett spektrum av elektriska applikationer, inklusive:<\/p>\n<ul data-sourcepos=\"24:1-25:28\">\n<li data-sourcepos=\"24:1-24:48\"><strong>N\u00e4tkabel f\u00f6r apparater och elektronik<\/strong><\/li>\n<li data-sourcepos=\"25:1-25:28\"><strong>Industriella n\u00e4tkablar<\/strong><\/li>\n<li data-sourcepos=\"26:1-26:21\"><strong>F\u00f6rl\u00e4ngningssladdar<\/strong><\/li>\n<li data-sourcepos=\"27:1-27:31\"><strong>Sladdar f\u00f6r medicintekniska produkter<\/strong><\/li>\n<li data-sourcepos=\"28:1-29:0\"><strong>Sladdar f\u00f6r utomhusbruk<\/strong><\/li>\n<\/ul>\n<p data-sourcepos=\"30:1-30:89\"><strong>Samarbeta med leverant\u00f6rer av streckkodsskrivare f\u00f6r etiketter i Kina f\u00f6r \u00f6verl\u00e4gsen kvalitet och expertis<\/strong><\/p>\n<p data-sourcepos=\"32:1-32:358\">P\u00e5 China Label Barcode Printer Suppliers \u00e4r vi engagerade i att f\u00f6rse v\u00e5ra kunder med certifieringsetiketter av h\u00f6gsta kvalitet f\u00f6r elektriska n\u00e4tsladdar och expertisen f\u00f6r att m\u00f6ta deras specifika applikationsbehov. V\u00e5rt team av erfarna proffs kan hj\u00e4lpa dig att v\u00e4lja r\u00e4tt etikettmaterial, lim och utskriftsalternativ f\u00f6r dina unika krav.<\/p>\n<p data-sourcepos=\"34:1-34:170\"><strong>Kontakta oss idag<\/strong> om du vill veta mer om v\u00e5ra certifieringsetiketter f\u00f6r elsladdar och hur vi kan hj\u00e4lpa dig att s\u00e4kerst\u00e4lla att dina elsladdar \u00e4r s\u00e4kra och uppfyller kraven.<\/p>","protected":false},"excerpt":{"rendered":"<p>Elsladdar, s\u00e4rskilt de som anv\u00e4nds i konsumentelektronik, vitvaror och industriella applikationer, omfattas ofta av str\u00e4nga s\u00e4kerhets- och prestandastandarder. Dessa standarder bekr\u00e4ftas genom certifieringsetiketter eller m\u00e4rken p\u00e5 n\u00e4tsladdarna.<\/p>","protected":false},"featured_media":1654,"template":"","meta":[],"product_brand":[],"product_cat":[15],"product_tag":[],"class_list":{"0":"post-1690","1":"product","2":"type-product","3":"status-publish","4":"has-post-thumbnail","6":"product_cat-print-label","8":"first","9":"instock","10":"shipping-taxable","11":"product-type-simple"},"_links":{"self":[{"href":"https:\/\/membraneswitchmfg.com\/sv\/wp-json\/wp\/v2\/product\/1690","targetHints":{"allow":["GET"]}}],"collection":[{"href":"https:\/\/membraneswitchmfg.com\/sv\/wp-json\/wp\/v2\/product"}],"about":[{"href":"https:\/\/membraneswitchmfg.com\/sv\/wp-json\/wp\/v2\/types\/product"}],"wp:featuredmedia":[{"embeddable":true,"href":"https:\/\/membraneswitchmfg.com\/sv\/wp-json\/wp\/v2\/media\/1654"}],"wp:attachment":[{"href":"https:\/\/membraneswitchmfg.com\/sv\/wp-json\/wp\/v2\/media?parent=1690"}],"wp:term":[{"taxonomy":"product_brand","embeddable":true,"href":"https:\/\/membraneswitchmfg.com\/sv\/wp-json\/wp\/v2\/product_brand?post=1690"},{"taxonomy":"product_cat","embeddable":true,"href":"https:\/\/membraneswitchmfg.com\/sv\/wp-json\/wp\/v2\/product_cat?post=1690"},{"taxonomy":"product_tag","embeddable":true,"href":"https:\/\/membraneswitchmfg.com\/sv\/wp-json\/wp\/v2\/product_tag?post=1690"}],"curies":[{"name":"wp","href":"https:\/\/api.w.org\/{rel}","templated":true}]}}