{"id":1691,"date":"2024-06-22T14:56:03","date_gmt":"2024-06-22T14:56:03","guid":{"rendered":"https:\/\/membraneswitchmfg.com\/manufacturer\/anti-counterfeiting-anti-theft-label\/"},"modified":"2024-06-26T00:51:33","modified_gmt":"2024-06-26T00:51:33","slug":"anti-counterfeiting-anti-theft-label","status":"publish","type":"product","link":"https:\/\/membraneswitchmfg.com\/sv\/manufacturer\/anti-counterfeiting-anti-theft-label\/","title":{"rendered":"Etikett mot f\u00f6rfalskning och st\u00f6ldskydd"},"content":{"rendered":"<h2 class=\"\" data-sourcepos=\"1:1-1:76\">Etiketter som skyddar mot f\u00f6rfalskning och st\u00f6ld: Skydda dina produkter och ditt varum\u00e4rke<\/h2>\n<p data-sourcepos=\"3:1-3:90\">Skydda dina produkter och ditt varum\u00e4rkes rykte med v\u00e5ra innovativa st\u00f6ldskyddsm\u00e4rkningar mot f\u00f6rfalskning. Dessa avancerade etiketter \u00e4r utformade f\u00f6r att avskr\u00e4cka fr\u00e5n f\u00f6rfalskning, f\u00f6rhindra st\u00f6ld och s\u00e4kerst\u00e4lla att dina produkter \u00e4r \u00e4kta, vilket ger sinnesfrid f\u00f6r b\u00e5de dig och dina kunder.<\/p>\n<p data-sourcepos=\"5:1-5:31\"><strong>O\u00f6vertr\u00e4ffade s\u00e4kerhetsfunktioner<\/strong><\/p>\n<p data-sourcepos=\"7:1-7:110\">V\u00e5ra st\u00f6ldskyddade etiketter mot f\u00f6rfalskning inneh\u00e5ller en m\u00e4ngd sofistikerade s\u00e4kerhetsfunktioner, bland annat<\/p>\n<ul data-sourcepos=\"9:1-11:15\">\n<li data-sourcepos=\"9:1-9:85\"><strong>Unika konstruktioner som \u00e4r s\u00e4kra mot manipulering<\/strong> som g\u00e5r s\u00f6nder eller avsl\u00f6jar dolda meddelanden n\u00e4r de tas bort<\/li>\n<li data-sourcepos=\"10:1-10:66\"><strong>Inb\u00e4ddad mikrotext<\/strong> som bara \u00e4r synligt under f\u00f6rstoring<\/li>\n<li data-sourcepos=\"11:1-11:15\"><strong>Holografiska bilder<\/strong> som inte kan replikeras<\/li>\n<li data-sourcepos=\"12:1-13:0\"><strong>Specialiserade bl\u00e4ck<\/strong> som reagerar p\u00e5 specifika kemikalier eller l\u00f6sningsmedel<\/li>\n<\/ul>\n<p data-sourcepos=\"14:1-14:152\">Dessa funktioner g\u00f6r det praktiskt taget om\u00f6jligt f\u00f6r f\u00f6rfalskare att kopiera dina etiketter, vilket skyddar dina produkter och ditt varum\u00e4rke fr\u00e5n obeh\u00f6rig imitation.<\/p>\n<p data-sourcepos=\"16:1-16:49\"><strong>M\u00e5ngsidiga till\u00e4mpningar f\u00f6r produktskydd<\/strong><\/p>\n<p data-sourcepos=\"18:1-18:99\">V\u00e5ra st\u00f6ldskyddsetiketter mot f\u00f6rfalskning \u00e4r l\u00e4mpliga f\u00f6r ett brett spektrum av applikationer, inklusive:<\/p>\n<ul data-sourcepos=\"20:1-23:1\">\n<li data-sourcepos=\"20:1-20:45\"><strong>L\u00e4kemedel och h\u00e4lsov\u00e5rdsprodukter<\/strong><\/li>\n<li data-sourcepos=\"21:1-21:36\"><strong>Elektronik och konsumentvaror<\/strong><\/li>\n<li data-sourcepos=\"22:1-22:32\"><strong>Lyxartiklar och kosmetika<\/strong><\/li>\n<li data-sourcepos=\"23:1-23:1\"><strong>Industrikomponenter och maskiner<\/strong><\/li>\n<li data-sourcepos=\"24:1-25:0\"><strong>Programvara och digitala produkter<\/strong><\/li>\n<\/ul>\n<p data-sourcepos=\"26:1-26:166\">Genom att applicera v\u00e5ra etiketter p\u00e5 dina produkter kan du motverka f\u00f6rfalskning, f\u00f6rhindra st\u00f6ld och se till att dina kunder f\u00e5r \u00e4kta produkter fr\u00e5n auktoriserade k\u00e4llor.<\/p>\n<p data-sourcepos=\"28:1-28:89\"><strong>Samarbeta med leverant\u00f6rer av streckkodsskrivare f\u00f6r etiketter i Kina f\u00f6r \u00f6verl\u00e4gsen kvalitet och expertis<\/strong><\/p>\n<p data-sourcepos=\"30:1-30:362\">P\u00e5 China Label Barcode Printer Suppliers \u00e4r vi engagerade i att f\u00f6rse v\u00e5ra kunder med st\u00f6ldskyddsm\u00e4rken av h\u00f6gsta kvalitet mot f\u00f6rfalskning och expertis f\u00f6r att m\u00f6ta deras specifika applikationsbehov. V\u00e5rt team av erfarna proffs kan hj\u00e4lpa dig att v\u00e4lja r\u00e4tt etikettmaterial, s\u00e4kerhetsfunktioner och utskriftsalternativ f\u00f6r dina unika krav.<\/p>\n<p data-sourcepos=\"32:1-32:169\"><strong>Kontakta oss idag<\/strong> om du vill veta mer om v\u00e5ra st\u00f6ldskyddsm\u00e4rkta etiketter och hur vi kan hj\u00e4lpa dig att skydda dina produkter och ditt varum\u00e4rke fr\u00e5n f\u00f6rfalskning och st\u00f6ld.<\/p>\n<p data-sourcepos=\"34:1-34:80\"><strong>Ytterligare nyckelord:<\/strong> skrivaretiketter, tryckf\u00f6retag f\u00f6r etiketter mot f\u00f6rfalskning<\/p>","protected":false},"excerpt":{"rendered":"<p>F\u00f6rfalsknings- och st\u00f6ldskyddsetiketter \u00e4r specialiserade s\u00e4kerhetstaggar och m\u00e4rkningar som \u00e4r utformade f\u00f6r att skydda produkter och tillg\u00e5ngar fr\u00e5n obeh\u00f6rig reproduktion, st\u00f6ld och manipulering. Dessa etiketter inneh\u00e5ller avancerad teknik f\u00f6r att verifiera \u00e4kthet, f\u00f6rhindra f\u00f6rfalskning och avskr\u00e4cka fr\u00e5n st\u00f6ld, vilket s\u00e4kerst\u00e4ller integriteten och s\u00e4kerheten f\u00f6r varor i olika branscher.<\/p>","protected":false},"featured_media":1652,"template":"","meta":[],"product_brand":[],"product_cat":[15],"product_tag":[],"class_list":{"0":"post-1691","1":"product","2":"type-product","3":"status-publish","4":"has-post-thumbnail","6":"product_cat-print-label","8":"first","9":"instock","10":"shipping-taxable","11":"product-type-simple"},"_links":{"self":[{"href":"https:\/\/membraneswitchmfg.com\/sv\/wp-json\/wp\/v2\/product\/1691","targetHints":{"allow":["GET"]}}],"collection":[{"href":"https:\/\/membraneswitchmfg.com\/sv\/wp-json\/wp\/v2\/product"}],"about":[{"href":"https:\/\/membraneswitchmfg.com\/sv\/wp-json\/wp\/v2\/types\/product"}],"wp:featuredmedia":[{"embeddable":true,"href":"https:\/\/membraneswitchmfg.com\/sv\/wp-json\/wp\/v2\/media\/1652"}],"wp:attachment":[{"href":"https:\/\/membraneswitchmfg.com\/sv\/wp-json\/wp\/v2\/media?parent=1691"}],"wp:term":[{"taxonomy":"product_brand","embeddable":true,"href":"https:\/\/membraneswitchmfg.com\/sv\/wp-json\/wp\/v2\/product_brand?post=1691"},{"taxonomy":"product_cat","embeddable":true,"href":"https:\/\/membraneswitchmfg.com\/sv\/wp-json\/wp\/v2\/product_cat?post=1691"},{"taxonomy":"product_tag","embeddable":true,"href":"https:\/\/membraneswitchmfg.com\/sv\/wp-json\/wp\/v2\/product_tag?post=1691"}],"curies":[{"name":"wp","href":"https:\/\/api.w.org\/{rel}","templated":true}]}}