{"id":1692,"date":"2024-06-22T14:56:03","date_gmt":"2024-06-22T14:56:03","guid":{"rendered":"https:\/\/membraneswitchmfg.com\/manufacturer\/variability-qr-code-label\/"},"modified":"2024-06-26T00:51:06","modified_gmt":"2024-06-26T00:51:06","slug":"variability-qr-code-label","status":"publish","type":"product","link":"https:\/\/membraneswitchmfg.com\/sv\/manufacturer\/variability-qr-code-label\/","title":{"rendered":"Variabilitet QR-kod etikett"},"content":{"rendered":"<div class=\"response-container ng-tns-c1921205209-93 ng-star-inserted response-container-has-multiple-responses\">\n<div class=\"presented-response-container ng-tns-c1921205209-93\">\n<div class=\"response-container-content ng-tns-c1921205209-93 tunable-selection-with-avatar\">\n<div class=\"response-content ng-tns-c1921205209-93\">\n<div class=\"markdown markdown-main-panel\" dir=\"ltr\">\n<h2 class=\"\" data-sourcepos=\"1:1-1:69\">Variabilitets QR-kodetiketter: Dynamiska data och o\u00f6vertr\u00e4ffad m\u00e5ngsidighet<\/h2>\n<p data-sourcepos=\"3:1-3:133\">F\u00f6rb\u00e4ttra dina m\u00e4rknings- och datahanteringsm\u00f6jligheter med v\u00e5ra innovativa variabilitets QR-kodetiketter. Dessa m\u00e5ngsidiga etiketter erbjuder en unik l\u00f6sning f\u00f6r applikationer som kr\u00e4ver dynamiska data och personlig information, vilket ger ett kraftfullt verktyg f\u00f6r ett brett spektrum av branscher.<\/p>\n<p data-sourcepos=\"5:1-5:50\"><strong>O\u00f6vertr\u00e4ffad m\u00e5ngsidighet f\u00f6r olika applikationer<\/strong><\/p>\n<p data-sourcepos=\"7:1-7:175\">Variabilitets QR-kodetiketter \u00e4r idealiska f\u00f6r applikationer d\u00e4r data m\u00e5ste vara unika eller \u00e4ndras ofta. Varje etikett inneh\u00e5ller en unik QR-kod som kan l\u00e4nkas till en specifik databas eller webbsida, vilket g\u00f6r att du kan lagra och komma \u00e5t en stor m\u00e4ngd dynamisk information. Detta g\u00f6r dem perfekta f\u00f6r:<\/p>\n<ul data-sourcepos=\"9:1-10:1\">\n<li data-sourcepos=\"9:1-9:47\"><strong>Produktsp\u00e5rning och lagerhantering<\/strong><\/li>\n<li data-sourcepos=\"10:1-10:1\"><strong>Marknadsf\u00f6ringskampanjer och personliga kampanjer<\/strong><\/li>\n<li data-sourcepos=\"11:1-11:39\"><strong>Tillg\u00e5ngssp\u00e5rning och identifiering<\/strong><\/li>\n<li data-sourcepos=\"12:1-12:43\"><strong>Supply chain management och logistik<\/strong><\/li>\n<li data-sourcepos=\"13:1-14:0\"><strong>Autentisering och \u00e5tg\u00e4rder mot f\u00f6rfalskning<\/strong><\/li>\n<\/ul>\n<p data-sourcepos=\"15:1-15:89\"><strong>Samarbeta med leverant\u00f6rer av streckkodsskrivare f\u00f6r etiketter i Kina f\u00f6r \u00f6verl\u00e4gsen kvalitet och expertis<\/strong><\/p>\n<p data-sourcepos=\"17:1-17:348\">P\u00e5 China Label Barcode Printer Suppliers \u00e4r vi engagerade i att f\u00f6rse v\u00e5ra kunder med variabilitets QR-kodetiketter av h\u00f6gsta kvalitet och den expertis som kr\u00e4vs f\u00f6r att m\u00f6ta deras specifika applikationsbehov. V\u00e5rt team av erfarna experter kan hj\u00e4lpa dig att v\u00e4lja r\u00e4tt etikettmaterial, QR-kodformat och utskriftsalternativ f\u00f6r dina unika krav.<\/p>\n<p data-sourcepos=\"19:1-19:127\"><strong>Kontakta oss idag<\/strong> f\u00f6r att l\u00e4ra dig mer om v\u00e5ra variabilitets QR-kodetiketter och hur vi kan hj\u00e4lpa dig att effektivisera din datahantering och f\u00f6rb\u00e4ttra dina m\u00e4rkningsm\u00f6jligheter.<\/p>\n<\/div>\n<\/div>\n<\/div>\n<\/div>\n<\/div>","protected":false},"excerpt":{"rendered":"<p>Variabla QR-kodsetiketter \u00e4r specialiserade etiketter som har unika Quick Response (QR)-koder p\u00e5 varje enskild etikett. Dessa QR-koder inneh\u00e5ller variabel data, vilket inneb\u00e4r att varje kod kan lagra olika information, vilket g\u00f6r dem idealiska f\u00f6r applikationer som kr\u00e4ver unika identifierare, sp\u00e5rbar data eller personlig information.<\/p>","protected":false},"featured_media":1661,"template":"","meta":[],"product_brand":[],"product_cat":[15],"product_tag":[],"class_list":{"0":"post-1692","1":"product","2":"type-product","3":"status-publish","4":"has-post-thumbnail","6":"product_cat-print-label","8":"first","9":"instock","10":"shipping-taxable","11":"product-type-simple"},"_links":{"self":[{"href":"https:\/\/membraneswitchmfg.com\/sv\/wp-json\/wp\/v2\/product\/1692","targetHints":{"allow":["GET"]}}],"collection":[{"href":"https:\/\/membraneswitchmfg.com\/sv\/wp-json\/wp\/v2\/product"}],"about":[{"href":"https:\/\/membraneswitchmfg.com\/sv\/wp-json\/wp\/v2\/types\/product"}],"wp:featuredmedia":[{"embeddable":true,"href":"https:\/\/membraneswitchmfg.com\/sv\/wp-json\/wp\/v2\/media\/1661"}],"wp:attachment":[{"href":"https:\/\/membraneswitchmfg.com\/sv\/wp-json\/wp\/v2\/media?parent=1692"}],"wp:term":[{"taxonomy":"product_brand","embeddable":true,"href":"https:\/\/membraneswitchmfg.com\/sv\/wp-json\/wp\/v2\/product_brand?post=1692"},{"taxonomy":"product_cat","embeddable":true,"href":"https:\/\/membraneswitchmfg.com\/sv\/wp-json\/wp\/v2\/product_cat?post=1692"},{"taxonomy":"product_tag","embeddable":true,"href":"https:\/\/membraneswitchmfg.com\/sv\/wp-json\/wp\/v2\/product_tag?post=1692"}],"curies":[{"name":"wp","href":"https:\/\/api.w.org\/{rel}","templated":true}]}}