{"id":1693,"date":"2024-06-22T14:56:03","date_gmt":"2024-06-22T14:56:03","guid":{"rendered":"https:\/\/membraneswitchmfg.com\/manufacturer\/removable-non-residual-electrostatic-film-label\/"},"modified":"2024-06-25T14:49:18","modified_gmt":"2024-06-25T14:49:18","slug":"removable-non-residual-electrostatic-film-label","status":"publish","type":"product","link":"https:\/\/membraneswitchmfg.com\/sv\/manufacturer\/removable-non-residual-electrostatic-film-label\/","title":{"rendered":"Avtagbar, icke \u00e5terkommande elektrostatisk filmetikett"},"content":{"rendered":"<h2 class=\"\" data-sourcepos=\"3:1-3:94\">Avtagbara elektrostatiska filmetiketter som inte \u00e5teranv\u00e4nds: M\u00e5ngsidiga och \u00e5teranv\u00e4ndbara etiketteringsl\u00f6sningar<\/h2>\n<p data-sourcepos=\"5:1-5:318\">Utnyttja bekv\u00e4mligheten med \u00e5teranv\u00e4ndbar m\u00e4rkning med v\u00e5ra avtagbara elektrostatiska filmetiketter som inte l\u00e4mnar n\u00e5gra rester. Dessa m\u00e5ngsidiga etiketter erbjuder en problemfri l\u00f6sning f\u00f6r tillf\u00e4llig skyltning, produktidentifiering och reklammeddelanden och f\u00e4ster s\u00e4kert p\u00e5 ett brett spektrum av ytor utan att l\u00e4mna n\u00e5gra klibbiga rester kvar.<\/p>\n<p data-sourcepos=\"7:1-7:52\"><strong>O\u00f6vertr\u00e4ffad m\u00e5ngsidighet f\u00f6r tempor\u00e4ra applikationer<\/strong><\/p>\n<p data-sourcepos=\"9:1-9:162\">V\u00e5ra l\u00f6stagbara elektrostatiska filmetiketter \u00e4r idealiska f\u00f6r till\u00e4mpningar d\u00e4r etiketterna ofta m\u00e5ste tas bort och placeras om. De \u00e4r perfekta f\u00f6r:<\/p>\n<ul data-sourcepos=\"11:1-16:0\">\n<li data-sourcepos=\"11:1-11:36\"><strong>Skyltning f\u00f6r detaljhandel och marknadsf\u00f6ring<\/strong><\/li>\n<li data-sourcepos=\"12:1-12:38\"><strong>M\u00e4rkning av lager och inventarier<\/strong><\/li>\n<li data-sourcepos=\"13:1-13:40\"><strong>Tillf\u00e4llig skyltning f\u00f6r kontor och evenemang<\/strong><\/li>\n<li data-sourcepos=\"14:1-14:41\"><strong>M\u00e4rkning och identifiering av produkter<\/strong><\/li>\n<li data-sourcepos=\"15:1-16:0\"><strong>Skyltning f\u00f6r utbildning och undervisning<\/strong><\/li>\n<\/ul>\n<p data-sourcepos=\"17:1-17:29\"><strong>\u00c5teranv\u00e4ndbar och fri fr\u00e5n rester<\/strong><\/p>\n<p data-sourcepos=\"19:1-19:284\">Etiketterna \u00e4r tillverkade av h\u00f6gkvalitativ elektrostatisk film och f\u00e4ster s\u00e4kert p\u00e5 sl\u00e4ta ytor utan behov av lim. De kan enkelt tas bort och placeras om utan att l\u00e4mna n\u00e5gra klibbiga rester efter sig, vilket g\u00f6r dem till ett h\u00e5llbart och milj\u00f6v\u00e4nligt m\u00e4rkningsval.<\/p>\n<p data-sourcepos=\"21:1-21:2\"><strong>Kompatibel med ett brett utbud av skrivare<\/strong><\/p>\n<p data-sourcepos=\"23:1-23:243\">V\u00e5ra l\u00f6stagbara elektrostatiska filmetiketter \u00e4r kompatibla med ett brett utbud av bl\u00e4ckstr\u00e5leskrivare och laserskrivare, vilket g\u00f6r att du kan skapa anpassade etiketter internt. De finns i en m\u00e4ngd olika storlekar och former f\u00f6r att passa dina specifika behov.<\/p>\n<p data-sourcepos=\"25:1-25:89\"><strong>Samarbeta med leverant\u00f6rer av streckkodsskrivare f\u00f6r etiketter i Kina f\u00f6r \u00f6verl\u00e4gsen kvalitet och expertis<\/strong><\/p>\n<p data-sourcepos=\"27:1-27:360\">P\u00e5 China Label Barcode Printer Suppliers \u00e4r vi engagerade i att f\u00f6rse v\u00e5ra kunder med h\u00f6gkvalitativa avtagbara, icke-best\u00e4ndiga elektrostatiska filmetiketter och expertisen f\u00f6r att m\u00f6ta deras specifika applikationsbehov. V\u00e5rt team av erfarna proffs kan hj\u00e4lpa dig att v\u00e4lja r\u00e4tt etikettmaterial, storlek och utskriftsalternativ f\u00f6r dina unika krav.<\/p>\n<p data-sourcepos=\"29:1-29:170\"><strong>Kontakta oss idag<\/strong> om du vill veta mer om v\u00e5ra l\u00f6stagbara elektrostatiska filmetiketter och hur vi kan hj\u00e4lpa dig att effektivisera dina etiketteringsprocesser och minska avfallet.<\/p>","protected":false},"excerpt":{"rendered":"<p>Avtagbara elektrostatiska filmetiketter \u00e4r en typ av etiketter som f\u00e4ster p\u00e5 ytor genom statisk elektricitet i st\u00e4llet f\u00f6r genom lim. Denna unika egenskap g\u00f6r att de l\u00e4tt kan appliceras och tas bort utan att l\u00e4mna n\u00e5gra klibbiga rester eller skador.<\/p>","protected":false},"featured_media":1658,"template":"","meta":[],"product_brand":[],"product_cat":[15],"product_tag":[],"class_list":{"0":"post-1693","1":"product","2":"type-product","3":"status-publish","4":"has-post-thumbnail","6":"product_cat-print-label","8":"first","9":"instock","10":"shipping-taxable","11":"product-type-simple"},"_links":{"self":[{"href":"https:\/\/membraneswitchmfg.com\/sv\/wp-json\/wp\/v2\/product\/1693","targetHints":{"allow":["GET"]}}],"collection":[{"href":"https:\/\/membraneswitchmfg.com\/sv\/wp-json\/wp\/v2\/product"}],"about":[{"href":"https:\/\/membraneswitchmfg.com\/sv\/wp-json\/wp\/v2\/types\/product"}],"wp:featuredmedia":[{"embeddable":true,"href":"https:\/\/membraneswitchmfg.com\/sv\/wp-json\/wp\/v2\/media\/1658"}],"wp:attachment":[{"href":"https:\/\/membraneswitchmfg.com\/sv\/wp-json\/wp\/v2\/media?parent=1693"}],"wp:term":[{"taxonomy":"product_brand","embeddable":true,"href":"https:\/\/membraneswitchmfg.com\/sv\/wp-json\/wp\/v2\/product_brand?post=1693"},{"taxonomy":"product_cat","embeddable":true,"href":"https:\/\/membraneswitchmfg.com\/sv\/wp-json\/wp\/v2\/product_cat?post=1693"},{"taxonomy":"product_tag","embeddable":true,"href":"https:\/\/membraneswitchmfg.com\/sv\/wp-json\/wp\/v2\/product_tag?post=1693"}],"curies":[{"name":"wp","href":"https:\/\/api.w.org\/{rel}","templated":true}]}}