{"id":1772,"date":"2024-06-24T05:57:57","date_gmt":"2024-06-24T05:57:57","guid":{"rendered":"https:\/\/membraneswitchmfg.com\/manufacturer\/high-life-membrane-switches-with-5-million-times\/"},"modified":"2024-06-25T13:24:08","modified_gmt":"2024-06-25T13:24:08","slug":"high-life-membrane-switches-with-5-million-times","status":"publish","type":"product","link":"https:\/\/membraneswitchmfg.com\/sv\/manufacturer\/high-life-membrane-switches-with-5-million-times\/","title":{"rendered":"Membranswitchar med h\u00f6g livsl\u00e4ngd och 5 miljoner g\u00e5nger"},"content":{"rendered":"<h2><strong><b>Membranswitchar med h\u00f6g livsl\u00e4ngd och 5 miljoner g\u00e5ngers livsl\u00e4ngd<\/b><\/strong><\/h2>\n<p><strong>O\u00f6vertr\u00e4ffad h\u00e5llbarhet och tillf\u00f6rlitlighet<\/strong><\/p>\n<p>V\u00e5ra membranbrytare med l\u00e5ng livsl\u00e4ngd \u00e4r byggda f\u00f6r att h\u00e5lla l\u00e4nge, med:<\/p>\n<ul>\n<li><strong>Robust konstruktion med f\u00f6rstklassiga material<\/strong><\/li>\n<li><strong>Precisionstillverkade komponenter f\u00f6r konsekvent prestanda<\/strong><\/li>\n<li><strong>Rigor\u00f6sa tester f\u00f6r att s\u00e4kerst\u00e4lla l\u00e5ngvarig tillf\u00f6rlitlighet<\/strong><\/li>\n<\/ul>\n<p><strong>Upplev skillnaden<\/strong><\/p>\n<p>Med v\u00e5ra membranbrytare med l\u00e5ng livsl\u00e4ngd kan du f\u00f6rv\u00e4nta dig:<\/p>\n<ul>\n<li><strong>Minskade underh\u00e5llskostnader och stillest\u00e5ndstid<\/strong><\/li>\n<li><strong>\u00d6kad anv\u00e4ndarn\u00f6jdhet och b\u00e4ttre produktrykte<\/strong><\/li>\n<li><strong>Trygghet i att veta att din produkt kommer att fungera i m\u00e5nga \u00e5r fram\u00f6ver<\/strong><\/li>\n<\/ul>\n<p><strong>Till\u00e4mpningar<\/strong><\/p>\n<p>V\u00e5ra membranbrytare med l\u00e5ng livsl\u00e4ngd \u00e4r l\u00e4mpliga f\u00f6r ett brett spektrum av applikationer, t.ex:<\/p>\n<ul>\n<li><strong>Industriella kontrollpaneler<\/strong><\/li>\n<li><strong>Medicintekniska produkter<\/strong><\/li>\n<li><strong>Konsumentelektronik<\/strong><\/li>\n<li><strong>Transportutrustning<\/strong><\/li>\n<li><strong>Och m\u00e5nga fler<\/strong><\/li>\n<\/ul>\n<p><strong>Anpassningsbara l\u00f6sningar<\/strong><\/p>\n<p>Vi erbjuder ett brett utbud av anpassningsalternativ f\u00f6r att uppfylla dina specifika behov, inklusive:<\/p>\n<ul>\n<li><strong>M\u00e5nga olika storlekar och konfigurationer av brytare<\/strong><\/li>\n<li><strong>Anpassad grafik och bakgrundsbelysning<\/strong><\/li>\n<li><strong>Alternativ f\u00f6r taktil \u00e5terkoppling<\/strong><\/li>\n<li><strong>T\u00e4tning och skydd av milj\u00f6n<\/strong><\/li>\n<\/ul>\n<p><strong>Samarbeta med en erfaren tillverkare av membranbrytare<\/strong><\/p>\n<p>Med m\u00e5nga \u00e5rs erfarenhet och ett starkt kvalitetsengagemang \u00e4r vi din p\u00e5litliga k\u00e4lla f\u00f6r membranbrytare med l\u00e5ng livsl\u00e4ngd. V\u00e5rt team av experter kan hj\u00e4lpa dig att designa och tillverka de perfekta brytarna f\u00f6r din applikation.<\/p>\n<p><strong>Kontakta oss idag<\/strong>\u00a0om du vill veta mer om v\u00e5ra membranbrytare med l\u00e5ng livsl\u00e4ngd och hur vi kan hj\u00e4lpa dig att f\u00f6rb\u00e4ttra din produkts prestanda och tillf\u00f6rlitlighet.<\/p>","protected":false},"excerpt":{"rendered":"<p>F\u00f6rb\u00e4ttra din produkts prestanda och anv\u00e4ndarupplevelse med v\u00e5ra membranbrytare med l\u00e5ng livsl\u00e4ngd, som \u00e4r konstruerade f\u00f6r att klara upp till 5 miljoner aktiveringar. Dessa h\u00e5llbara switchar erbjuder exceptionell tillf\u00f6rlitlighet och l\u00e5ngvarig prestanda, vilket g\u00f6r dem idealiska f\u00f6r kr\u00e4vande applikationer.<\/p>","protected":false},"featured_media":1761,"template":"","meta":[],"product_brand":[],"product_cat":[40],"product_tag":[],"class_list":{"0":"post-1772","1":"product","2":"type-product","3":"status-publish","4":"has-post-thumbnail","6":"product_cat-membrane-switch","8":"first","9":"instock","10":"shipping-taxable","11":"product-type-simple"},"_links":{"self":[{"href":"https:\/\/membraneswitchmfg.com\/sv\/wp-json\/wp\/v2\/product\/1772","targetHints":{"allow":["GET"]}}],"collection":[{"href":"https:\/\/membraneswitchmfg.com\/sv\/wp-json\/wp\/v2\/product"}],"about":[{"href":"https:\/\/membraneswitchmfg.com\/sv\/wp-json\/wp\/v2\/types\/product"}],"wp:featuredmedia":[{"embeddable":true,"href":"https:\/\/membraneswitchmfg.com\/sv\/wp-json\/wp\/v2\/media\/1761"}],"wp:attachment":[{"href":"https:\/\/membraneswitchmfg.com\/sv\/wp-json\/wp\/v2\/media?parent=1772"}],"wp:term":[{"taxonomy":"product_brand","embeddable":true,"href":"https:\/\/membraneswitchmfg.com\/sv\/wp-json\/wp\/v2\/product_brand?post=1772"},{"taxonomy":"product_cat","embeddable":true,"href":"https:\/\/membraneswitchmfg.com\/sv\/wp-json\/wp\/v2\/product_cat?post=1772"},{"taxonomy":"product_tag","embeddable":true,"href":"https:\/\/membraneswitchmfg.com\/sv\/wp-json\/wp\/v2\/product_tag?post=1772"}],"curies":[{"name":"wp","href":"https:\/\/api.w.org\/{rel}","templated":true}]}}