{"id":1774,"date":"2024-06-24T05:57:57","date_gmt":"2024-06-24T05:57:57","guid":{"rendered":"https:\/\/membraneswitchmfg.com\/manufacturer\/copper-flex-membrane-switch\/"},"modified":"2024-06-25T13:28:19","modified_gmt":"2024-06-25T13:28:19","slug":"copper-flex-membrane-switch","status":"publish","type":"product","link":"https:\/\/membraneswitchmfg.com\/sv\/manufacturer\/copper-flex-membrane-switch\/","title":{"rendered":"Koppar Flex Membrane Switch"},"content":{"rendered":"<h2><strong><b>Koppar Flex Membrane Switchar: \u00d6verl\u00e4gsen prestanda f\u00f6r kr\u00e4vande applikationer<\/b><\/strong><\/h2>\n<p><strong>O\u00f6vertr\u00e4ffad h\u00e5llbarhet och precision<\/strong><\/p>\n<p>Copper Flex Membrane Switches \u00e4r konstruerade f\u00f6r h\u00f6gsta kvalitet, med:<\/p>\n<ul>\n<li><strong>Kopparledningar med h\u00f6g ledningsf\u00f6rm\u00e5ga f\u00f6r f\u00f6rb\u00e4ttrad signal\u00f6verf\u00f6ring<\/strong><\/li>\n<li><strong>Exakta kretsm\u00f6nster f\u00f6r tillf\u00f6rlitlig drift<\/strong><\/li>\n<li><strong>Robust konstruktion f\u00f6r motst\u00e5ndskraft mot tuffa milj\u00f6er<\/strong><\/li>\n<\/ul>\n<p><strong>Upplev f\u00f6rdelarna<\/strong><\/p>\n<p>Med Copper Flex Membrane Switches kan du f\u00f6rv\u00e4nta dig:<\/p>\n<ul>\n<li><strong>Minskad stillest\u00e5ndstid och minskade underh\u00e5llskostnader<\/strong><\/li>\n<li><strong>F\u00f6rb\u00e4ttrad produktprestanda och tillf\u00f6rlitlighet<\/strong><\/li>\n<li><strong>F\u00f6rb\u00e4ttrad anv\u00e4ndarn\u00f6jdhet och varum\u00e4rkets anseende<\/strong><\/li>\n<\/ul>\n<p><strong>Till\u00e4mpningar<\/strong><\/p>\n<p>Copper Flex Membrane Switches \u00e4r v\u00e4l l\u00e4mpade f\u00f6r ett brett spektrum av applikationer, inklusive:<\/p>\n<ul>\n<li><strong>Industriella styrsystem<\/strong><\/li>\n<li><strong>Medicintekniska produkter<\/strong><\/li>\n<li><strong>Milit\u00e4r utrustning och utrustning f\u00f6r flyg- och rymdindustrin<\/strong><\/li>\n<li><strong>Till\u00e4mpningar i tuffa milj\u00f6er<\/strong><\/li>\n<li><strong>Och m\u00e5nga fler<\/strong><\/li>\n<\/ul>\n<p><strong>Anpassningsbara l\u00f6sningar<\/strong><\/p>\n<p>Vi erbjuder ett brett utbud av anpassningsalternativ f\u00f6r att uppfylla dina specifika behov, inklusive:<\/p>\n<ul>\n<li><strong>M\u00e5nga olika storlekar och konfigurationer av brytare<\/strong><\/li>\n<li><strong>Anpassad grafik och bakgrundsbelysning<\/strong><\/li>\n<li><strong>Alternativ f\u00f6r taktil \u00e5terkoppling<\/strong><\/li>\n<li><strong>T\u00e4tning och skydd av milj\u00f6n<\/strong><\/li>\n<\/ul>\n<p><strong>Samarbeta med en erfaren leverant\u00f6r av vattent\u00e4ta flexibla membranbrytare<\/strong><\/p>\n<p>Med m\u00e5nga \u00e5rs expertis och ett engagemang f\u00f6r kvalitet \u00e4r vi din p\u00e5litliga k\u00e4lla f\u00f6r Copper Flex Membrane Switches. V\u00e5rt team av experter kan hj\u00e4lpa dig att designa och tillverka de perfekta brytarna f\u00f6r din applikation.<\/p>\n<p><strong>Kontakta oss idag<\/strong>\u00a0f\u00f6r att l\u00e4ra dig mer om v\u00e5ra Copper Flex Membrane Switches och hur vi kan hj\u00e4lpa dig att uppn\u00e5 \u00f6verl\u00e4gsen prestanda och tillf\u00f6rlitlighet i dina kr\u00e4vande applikationer.<\/p>","protected":false},"excerpt":{"rendered":"<p>F\u00f6rb\u00e4ttra din produkts prestanda med v\u00e5ra banbrytande Copper Flex Membrane Switches, som \u00e4r utformade f\u00f6r att klara av kr\u00e4vande milj\u00f6er. Dessa exceptionella switchar erbjuder \u00f6verl\u00e4gsen h\u00e5llbarhet, precision och l\u00e5ngvarig tillf\u00f6rlitlighet, vilket g\u00f6r dem till det perfekta valet f\u00f6r uppdragskritiska applikationer.<\/p>","protected":false},"featured_media":1747,"template":"","meta":[],"product_brand":[],"product_cat":[40],"product_tag":[],"class_list":{"0":"post-1774","1":"product","2":"type-product","3":"status-publish","4":"has-post-thumbnail","6":"product_cat-membrane-switch","8":"first","9":"instock","10":"shipping-taxable","11":"product-type-simple"},"_links":{"self":[{"href":"https:\/\/membraneswitchmfg.com\/sv\/wp-json\/wp\/v2\/product\/1774","targetHints":{"allow":["GET"]}}],"collection":[{"href":"https:\/\/membraneswitchmfg.com\/sv\/wp-json\/wp\/v2\/product"}],"about":[{"href":"https:\/\/membraneswitchmfg.com\/sv\/wp-json\/wp\/v2\/types\/product"}],"wp:featuredmedia":[{"embeddable":true,"href":"https:\/\/membraneswitchmfg.com\/sv\/wp-json\/wp\/v2\/media\/1747"}],"wp:attachment":[{"href":"https:\/\/membraneswitchmfg.com\/sv\/wp-json\/wp\/v2\/media?parent=1774"}],"wp:term":[{"taxonomy":"product_brand","embeddable":true,"href":"https:\/\/membraneswitchmfg.com\/sv\/wp-json\/wp\/v2\/product_brand?post=1774"},{"taxonomy":"product_cat","embeddable":true,"href":"https:\/\/membraneswitchmfg.com\/sv\/wp-json\/wp\/v2\/product_cat?post=1774"},{"taxonomy":"product_tag","embeddable":true,"href":"https:\/\/membraneswitchmfg.com\/sv\/wp-json\/wp\/v2\/product_tag?post=1774"}],"curies":[{"name":"wp","href":"https:\/\/api.w.org\/{rel}","templated":true}]}}