{"id":1775,"date":"2024-06-24T05:57:57","date_gmt":"2024-06-24T05:57:57","guid":{"rendered":"https:\/\/membraneswitchmfg.com\/manufacturer\/pcb-membrane-switch\/"},"modified":"2024-06-25T11:50:52","modified_gmt":"2024-06-25T11:50:52","slug":"pcb-membrane-switch","status":"publish","type":"product","link":"https:\/\/membraneswitchmfg.com\/sv\/manufacturer\/pcb-membrane-switch\/","title":{"rendered":"PCB-membranbrytare"},"content":{"rendered":"<h2><strong><b>PCB-membranswitch: En fusion av prestanda och m\u00e5ngsidighet<\/b><\/strong><\/h2>\n<p><strong>O\u00f6vertr\u00e4ffad prestanda och m\u00e5ngsidighet<\/strong><\/p>\n<p>PCB-membranomkopplare \u00e4r k\u00e4nda f\u00f6r sina:<\/p>\n<ul>\n<li><strong>Tunn och l\u00e4tt design f\u00f6r enkel integrering<\/strong><\/li>\n<li><strong>Taktil \u00e5terkoppling f\u00f6r f\u00f6rb\u00e4ttrad anv\u00e4ndarinteraktion<\/strong><\/li>\n<li><strong>L\u00e5ng livsl\u00e4ngd med miljontals man\u00f6vreringstillf\u00e4llen<\/strong><\/li>\n<li><strong>Motst\u00e5ndskraftig mot fukt, damm och tuffa milj\u00f6er<\/strong><\/li>\n<li><strong>S\u00f6ml\u00f6s integration med kretskort f\u00f6r avancerade funktioner<\/strong><\/li>\n<\/ul>\n<p><strong>Kostnadseffektiva l\u00f6sningar f\u00f6r dina behov<\/strong><\/p>\n<p>PCB-membranswitchar erbjuder en balans mellan prestanda och prisv\u00e4rdhet, vilket g\u00f6r dem idealiska f\u00f6r applikationer d\u00e4r:<\/p>\n<ul>\n<li><strong>Budgeten \u00e4r av st\u00f6rsta vikt<\/strong><\/li>\n<li><strong>Stora kvantiteter kr\u00e4vs<\/strong><\/li>\n<li><strong>Utrymmesbegr\u00e4nsningar \u00e4r en faktor<\/strong><\/li>\n<li><strong>Avancerade funktioner beh\u00f6vs<\/strong><\/li>\n<\/ul>\n<p><strong>Till\u00e4mpningar<\/strong><\/p>\n<p>PCB-membranomkopplare anv\u00e4nds ofta i olika branscher, inklusive:<\/p>\n<ul>\n<li><strong>Konsumentelektronik<\/strong><\/li>\n<li><strong>Medicintekniska produkter<\/strong><\/li>\n<li><strong>Industriella kontrollpaneler<\/strong><\/li>\n<li><strong>Vitvaror<\/strong><\/li>\n<li><strong>Och m\u00e5nga fler<\/strong><\/li>\n<\/ul>\n<p><strong>Anpassningsbara alternativ<\/strong><\/p>\n<p>Vi erbjuder ett brett utbud av anpassningsalternativ f\u00f6r att uppfylla dina specifika behov, inklusive:<\/p>\n<ul>\n<li><strong>M\u00e5nga olika storlekar och konfigurationer av brytare<\/strong><\/li>\n<li><strong>Anpassad grafik och bakgrundsbelysning<\/strong><\/li>\n<li><strong>Alternativ f\u00f6r taktil \u00e5terkoppling<\/strong><\/li>\n<li><strong>T\u00e4tning och skydd av milj\u00f6n<\/strong><\/li>\n<\/ul>\n<p><strong>Samarbeta med en erfaren tillverkare av m\u00f6nsterkort f\u00f6r membranbrytare<\/strong><\/p>\n<p>Med m\u00e5nga \u00e5rs erfarenhet och ett engagemang f\u00f6r kvalitet \u00e4r vi din p\u00e5litliga tillverkare av PCB-membranomkopplare. V\u00e5rt team av experter kan hj\u00e4lpa dig att designa och tillverka de perfekta brytarna f\u00f6r din applikation.<\/p>\n<p><strong><a href=\"https:\/\/membraneswitchmfg.com\/sv\/contact\/\">Kontakta oss <\/a>idag<\/strong>\u00a0f\u00f6r att l\u00e4ra dig mer om v\u00e5ra PCB-membranswitchar och hur vi kan hj\u00e4lpa dig att uppn\u00e5 dina produktm\u00e5l samtidigt som du h\u00e5ller dig inom budget.<\/p>","protected":false},"excerpt":{"rendered":"<p>F\u00f6rb\u00e4ttra ditt anv\u00e4ndargr\u00e4nssnitt med v\u00e5ra PCB Membrane Switches, som kombinerar precisionen hos PCB med den taktila \u00e5terkopplingen hos membranbrytare. Dessa m\u00e5ngsidiga switchar ger en s\u00f6ml\u00f6s anv\u00e4ndarupplevelse, f\u00f6rb\u00e4ttrad h\u00e5llbarhet och kostnadseffektiva l\u00f6sningar f\u00f6r ett brett spektrum av applikationer.<\/p>","protected":false},"featured_media":1757,"template":"","meta":[],"product_brand":[],"product_cat":[40],"product_tag":[],"class_list":{"0":"post-1775","1":"product","2":"type-product","3":"status-publish","4":"has-post-thumbnail","6":"product_cat-membrane-switch","8":"first","9":"instock","10":"shipping-taxable","11":"product-type-simple"},"_links":{"self":[{"href":"https:\/\/membraneswitchmfg.com\/sv\/wp-json\/wp\/v2\/product\/1775","targetHints":{"allow":["GET"]}}],"collection":[{"href":"https:\/\/membraneswitchmfg.com\/sv\/wp-json\/wp\/v2\/product"}],"about":[{"href":"https:\/\/membraneswitchmfg.com\/sv\/wp-json\/wp\/v2\/types\/product"}],"wp:featuredmedia":[{"embeddable":true,"href":"https:\/\/membraneswitchmfg.com\/sv\/wp-json\/wp\/v2\/media\/1757"}],"wp:attachment":[{"href":"https:\/\/membraneswitchmfg.com\/sv\/wp-json\/wp\/v2\/media?parent=1775"}],"wp:term":[{"taxonomy":"product_brand","embeddable":true,"href":"https:\/\/membraneswitchmfg.com\/sv\/wp-json\/wp\/v2\/product_brand?post=1775"},{"taxonomy":"product_cat","embeddable":true,"href":"https:\/\/membraneswitchmfg.com\/sv\/wp-json\/wp\/v2\/product_cat?post=1775"},{"taxonomy":"product_tag","embeddable":true,"href":"https:\/\/membraneswitchmfg.com\/sv\/wp-json\/wp\/v2\/product_tag?post=1775"}],"curies":[{"name":"wp","href":"https:\/\/api.w.org\/{rel}","templated":true}]}}