{"id":1777,"date":"2024-06-24T05:57:57","date_gmt":"2024-06-24T05:57:57","guid":{"rendered":"https:\/\/membraneswitchmfg.com\/manufacturer\/graphic-overlay\/"},"modified":"2024-07-25T08:41:13","modified_gmt":"2024-07-25T08:41:13","slug":"graphic-overlay","status":"publish","type":"product","link":"https:\/\/membraneswitchmfg.com\/sv\/manufacturer\/graphic-overlay\/","title":{"rendered":"Grafisk \u00f6verlagring"},"content":{"rendered":"<h2><strong><b>Grafiska \u00f6verl\u00e4gg: F\u00f6rb\u00e4ttra anv\u00e4ndarupplevelsen och varum\u00e4rkesidentiteten<\/b><\/strong><\/h2>\n<p><strong>F\u00f6rb\u00e4ttrad anv\u00e4ndarupplevelse<\/strong><\/p>\n<p>Grafiska \u00f6verl\u00e4gg spelar en avg\u00f6rande roll f\u00f6r att f\u00f6rb\u00e4ttra anv\u00e4ndarupplevelsen genom att:<\/p>\n<ul>\n<li><strong>Tillhandah\u00e5lla tydliga instruktioner och etiketter<\/strong><\/li>\n<li><strong>V\u00e4gledning av anv\u00e4ndare genom drift och funktion<\/strong><\/li>\n<li><strong>Visning av varningar och s\u00e4kerhetsinformation<\/strong><\/li>\n<li><strong>Skapa ett intuitivt och anv\u00e4ndarv\u00e4nligt gr\u00e4nssnitt<\/strong><\/li>\n<\/ul>\n<p><strong>Varum\u00e4rke och identitet<\/strong><\/p>\n<p>Grafiska \u00f6verl\u00e4gg fungerar som kraftfulla verktyg f\u00f6r varum\u00e4rkeskommunikation genom:<\/p>\n<ul>\n<li><strong>Visning av f\u00f6retagslogotyper och varum\u00e4rkeselement<\/strong><\/li>\n<li><strong>F\u00f6rst\u00e4rkning av varum\u00e4rkets identitet och budskap<\/strong><\/li>\n<li><strong>Skapa en sammanh\u00e4ngande och professionell varum\u00e4rkesimage<\/strong><\/li>\n<\/ul>\n<p><strong>Till\u00e4mpningar<\/strong><\/p>\n<p>Grafiska \u00f6verl\u00e4gg anv\u00e4nds ofta i en rad olika till\u00e4mpningar, t.ex:<\/p>\n<ul>\n<li><strong>Industriella kontrollpaneler<\/strong><\/li>\n<li><strong>Medicintekniska produkter<\/strong><\/li>\n<li><strong>Konsumentelektronik<\/strong><\/li>\n<li><strong>Vitvaror<\/strong><\/li>\n<li><strong>Maskiner och inventarier<\/strong><\/li>\n<\/ul>\n<p><strong>Anpassningsbara l\u00f6sningar<\/strong><\/p>\n<p>Vi erbjuder ett brett utbud av anpassningsalternativ f\u00f6r att uppfylla dina specifika behov, inklusive:<\/p>\n<ul>\n<li><strong>M\u00e5nga olika material och ytbehandlingar<\/strong><\/li>\n<li><strong>Anpassad grafik och design<\/strong><\/li>\n<li><strong>Alternativ f\u00f6r bakgrundsbelysning och belysning<\/strong><\/li>\n<li><strong>Pr\u00e4gling och texturer<\/strong><\/li>\n<\/ul>\n<p><strong>Samarbeta med en erfaren tillverkare av grafiska \u00f6verl\u00e4gg<\/strong><\/p>\n<p>Med m\u00e5nga \u00e5rs expertis och ett stort kvalitetsengagemang \u00e4r vi din p\u00e5litliga k\u00e4lla f\u00f6r anpassade grafiska overlays. V\u00e5rt team av experter kan hj\u00e4lpa dig att designa och tillverka de perfekta \u00f6verl\u00e4ggen f\u00f6r att f\u00f6rb\u00e4ttra din produkts funktionalitet, anv\u00e4ndarupplevelse och varum\u00e4rkesidentitet.<\/p>\n<p><strong>Kontakta oss idag<\/strong>\u00a0om du vill veta mer om v\u00e5ra grafiska overlay-l\u00f6sningar och hur vi kan hj\u00e4lpa dig att lyfta fram dina produkter.<\/p>\n<p><strong>Ytterligare nyckelord:<\/strong>\u00a0niv\u00e5vippa med membran, niv\u00e5vippa med membran, Graphic Overlay<\/p>\n<h2><strong><b>Namnskyltar: F\u00f6rb\u00e4ttra din produkts identitet och funktionalitet<\/b><\/strong><\/h2>\n<p><strong>Lyft fram din produkts identitet<\/strong><\/p>\n<p>Namnskyltar spelar en viktig roll n\u00e4r det g\u00e4ller att skapa en varum\u00e4rkesidentitet genom att:<\/p>\n<ul>\n<li><strong>Framtr\u00e4dande visning av din f\u00f6retagslogotyp och ditt varum\u00e4rke<\/strong><\/li>\n<li><strong>F\u00f6rst\u00e4rka ditt varum\u00e4rkes budskap och v\u00e4rderingar<\/strong><\/li>\n<li><strong>Skapa en sammanh\u00e4ngande och professionell varum\u00e4rkesimage<\/strong><\/li>\n<\/ul>\n<p><strong>F\u00f6rmedla viktig information<\/strong><\/p>\n<p>Namnskyltar kommunicerar effektivt viktig produktinformation, inklusive<\/p>\n<ul>\n<li><strong>Produktnamn och modellnummer<\/strong><\/li>\n<li><strong>Lagstadgade m\u00e4rkningar och certifieringar<\/strong><\/li>\n<li><strong>Driftsinstruktioner och varningar<\/strong><\/li>\n<li><strong>Kontaktuppgifter f\u00f6r support<\/strong><\/li>\n<\/ul>\n<p><strong>F\u00f6rb\u00e4ttra produktens funktionalitet<\/strong><\/p>\n<p>Namnskyltar kan ocks\u00e5 inneh\u00e5lla funktionella element, t.ex:<\/p>\n<ul>\n<li><strong>Membranbrytare med tryckknappar f\u00f6r anv\u00e4ndarinteraktion<\/strong><\/li>\n<li><strong>LED-indikatorer f\u00f6r statusuppdateringar<\/strong><\/li>\n<li><strong>Streckkodsetiketter f\u00f6r enkel identifiering<\/strong><\/li>\n<\/ul>\n<p><strong>Till\u00e4mpningar<\/strong><\/p>\n<p>Namnskyltar anv\u00e4nds ofta i en rad olika till\u00e4mpningar, t.ex:<\/p>\n<ul>\n<li><strong>Industriella kontrollpaneler<\/strong><\/li>\n<li><strong>Medicintekniska produkter<\/strong><\/li>\n<li><strong>Konsumentelektronik<\/strong><\/li>\n<li><strong>Vitvaror<\/strong><\/li>\n<li><strong>Maskiner och inventarier<\/strong><\/li>\n<\/ul>\n<p><strong>Anpassningsbara l\u00f6sningar<\/strong><\/p>\n<p>Vi erbjuder ett brett utbud av anpassningsalternativ f\u00f6r att uppfylla dina specifika behov, inklusive:<\/p>\n<ul>\n<li><strong>M\u00e5nga olika material och ytbehandlingar<\/strong><\/li>\n<li><strong>Anpassad grafik och design<\/strong><\/li>\n<li><strong>Alternativ f\u00f6r bakgrundsbelysning och belysning<\/strong><\/li>\n<li><strong>Pr\u00e4gling och texturer<\/strong><\/li>\n<\/ul>\n<p><strong>Samarbeta med en erfaren tillverkare av namnskyltar<\/strong><\/p>\n<p>Med m\u00e5nga \u00e5rs erfarenhet och ett starkt kvalitetsengagemang \u00e4r vi din p\u00e5litliga k\u00e4lla f\u00f6r anpassade namnskyltar. V\u00e5rt team av experter kan hj\u00e4lpa dig att utforma och tillverka de perfekta namnskyltarna f\u00f6r att f\u00f6rb\u00e4ttra din produkts identitet, funktionalitet och estetiska tilltal.<\/p>\n<p><strong>Kontakta oss idag<\/strong>\u00a0om du vill veta mer om v\u00e5ra l\u00f6sningar f\u00f6r namnskyltar och hur vi kan hj\u00e4lpa dig att lyfta fram dina produkter.<\/p>\n<p><strong>Ytterligare nyckelord:<\/strong>\u00a0tryckknapp membranbrytare, brytare typ membran, Typskylt<\/p>","protected":false},"excerpt":{"rendered":"<p>Grafiska \u00f6verl\u00e4gg, \u00e4ven k\u00e4nda som namnskyltar eller frontpaneler, \u00e4r viktiga komponenter som h\u00f6jer anv\u00e4ndarupplevelsen och varum\u00e4rkesidentiteten hos elektroniska enheter. Dessa tunna lager av plast eller polymermaterial, med specialutskriven grafik och text, integreras s\u00f6ml\u00f6st p\u00e5 enhetens yta.<\/p>","protected":false},"featured_media":1749,"template":"","meta":[],"product_brand":[],"product_cat":[40],"product_tag":[],"class_list":{"0":"post-1777","1":"product","2":"type-product","3":"status-publish","4":"has-post-thumbnail","6":"product_cat-membrane-switch","8":"first","9":"instock","10":"shipping-taxable","11":"product-type-simple"},"_links":{"self":[{"href":"https:\/\/membraneswitchmfg.com\/sv\/wp-json\/wp\/v2\/product\/1777","targetHints":{"allow":["GET"]}}],"collection":[{"href":"https:\/\/membraneswitchmfg.com\/sv\/wp-json\/wp\/v2\/product"}],"about":[{"href":"https:\/\/membraneswitchmfg.com\/sv\/wp-json\/wp\/v2\/types\/product"}],"wp:featuredmedia":[{"embeddable":true,"href":"https:\/\/membraneswitchmfg.com\/sv\/wp-json\/wp\/v2\/media\/1749"}],"wp:attachment":[{"href":"https:\/\/membraneswitchmfg.com\/sv\/wp-json\/wp\/v2\/media?parent=1777"}],"wp:term":[{"taxonomy":"product_brand","embeddable":true,"href":"https:\/\/membraneswitchmfg.com\/sv\/wp-json\/wp\/v2\/product_brand?post=1777"},{"taxonomy":"product_cat","embeddable":true,"href":"https:\/\/membraneswitchmfg.com\/sv\/wp-json\/wp\/v2\/product_cat?post=1777"},{"taxonomy":"product_tag","embeddable":true,"href":"https:\/\/membraneswitchmfg.com\/sv\/wp-json\/wp\/v2\/product_tag?post=1777"}],"curies":[{"name":"wp","href":"https:\/\/api.w.org\/{rel}","templated":true}]}}