{"id":1778,"date":"2024-06-24T05:57:57","date_gmt":"2024-06-24T05:57:57","guid":{"rendered":"https:\/\/membraneswitchmfg.com\/manufacturer\/nameplate\/"},"modified":"2024-07-25T09:10:27","modified_gmt":"2024-07-25T09:10:27","slug":"nameplate","status":"publish","type":"product","link":"https:\/\/membraneswitchmfg.com\/sv\/manufacturer\/nameplate\/","title":{"rendered":"Namnskylt"},"content":{"rendered":"<h2><strong><b>Namnskyltar: F\u00f6rb\u00e4ttra din produkts identitet och funktionalitet<\/b><\/strong><\/h2>\n<p><strong>Lyft fram din produkts identitet<\/strong><\/p>\n<p>Namnskyltar spelar en viktig roll n\u00e4r det g\u00e4ller att skapa en varum\u00e4rkesidentitet genom att:<\/p>\n<ul>\n<li><strong>Framtr\u00e4dande visning av din f\u00f6retagslogotyp och ditt varum\u00e4rke<\/strong><\/li>\n<li><strong>F\u00f6rst\u00e4rka ditt varum\u00e4rkes budskap och v\u00e4rderingar<\/strong><\/li>\n<li><strong>Skapa en sammanh\u00e4ngande och professionell varum\u00e4rkesimage<\/strong><\/li>\n<\/ul>\n<p><strong>F\u00f6rmedla viktig information<\/strong><\/p>\n<p>Namnskyltar kommunicerar effektivt viktig produktinformation, inklusive<\/p>\n<ul>\n<li><strong>Produktnamn och modellnummer<\/strong><\/li>\n<li><strong>Lagstadgade m\u00e4rkningar och certifieringar<\/strong><\/li>\n<li><strong>Driftsinstruktioner och varningar<\/strong><\/li>\n<li><strong>Kontaktuppgifter f\u00f6r support<\/strong><\/li>\n<\/ul>\n<p><strong>F\u00f6rb\u00e4ttra produktens funktionalitet<\/strong><\/p>\n<p>Namnskyltar kan ocks\u00e5 inneh\u00e5lla funktionella element, t.ex:<\/p>\n<ul>\n<li><strong>Membranbrytare med tryckknappar f\u00f6r anv\u00e4ndarinteraktion<\/strong><\/li>\n<li><strong>LED-indikatorer f\u00f6r statusuppdateringar<\/strong><\/li>\n<li><strong>Streckkodsetiketter f\u00f6r enkel identifiering<\/strong><\/li>\n<\/ul>\n<p><strong>Till\u00e4mpningar<\/strong><\/p>\n<p>Namnskyltar anv\u00e4nds ofta i en rad olika till\u00e4mpningar, t.ex:<\/p>\n<ul>\n<li><strong>Industriella kontrollpaneler<\/strong><\/li>\n<li><strong>Medicintekniska produkter<\/strong><\/li>\n<li><strong>Konsumentelektronik<\/strong><\/li>\n<li><strong>Vitvaror<\/strong><\/li>\n<li><strong>Maskiner och inventarier<\/strong><\/li>\n<\/ul>\n<p><strong>Anpassningsbara l\u00f6sningar<\/strong><\/p>\n<p>Vi erbjuder ett brett utbud av anpassningsalternativ f\u00f6r att uppfylla dina specifika behov, inklusive:<\/p>\n<ul>\n<li><strong>M\u00e5nga olika material och ytbehandlingar<\/strong><\/li>\n<li><strong>Anpassad grafik och design<\/strong><\/li>\n<li><strong>Alternativ f\u00f6r bakgrundsbelysning och belysning<\/strong><\/li>\n<li><strong>Pr\u00e4gling och texturer<\/strong><\/li>\n<\/ul>\n<p><strong>Samarbeta med en erfaren tillverkare av namnskyltar<\/strong><\/p>\n<p>Med m\u00e5nga \u00e5rs erfarenhet och ett starkt kvalitetsengagemang \u00e4r vi din p\u00e5litliga k\u00e4lla f\u00f6r anpassade namnskyltar. V\u00e5rt team av experter kan hj\u00e4lpa dig att utforma och tillverka de perfekta namnskyltarna f\u00f6r att f\u00f6rb\u00e4ttra din produkts identitet, funktionalitet och estetiska tilltal.<\/p>\n<p>Kontakta oss idag f\u00f6r att f\u00e5 veta mer om v\u00e5ra l\u00f6sningar f\u00f6r namnskyltar och hur vi kan hj\u00e4lpa dig att lyfta fram dina produkter.<\/p>\n<p><strong>Ytterligare nyckelord:<\/strong>\u00a0tryckknapp membranbrytare, brytare typ membran, Typskylt<\/p>","protected":false},"excerpt":{"rendered":"<p>Namnskyltar, \u00e4ven k\u00e4nda som frontpaneler eller identifieringsskyltar, fungerar som ansiktet p\u00e5 din elektroniska enhet, f\u00f6rmedlar viktig information och f\u00f6rb\u00e4ttrar dess \u00f6vergripande estetiska tilltal. Dessa h\u00e5llbara paneler \u00e4r vanligtvis tillverkade av plast eller metall och \u00e4r specialtryckta med f\u00f6retagslogotyper, varum\u00e4rkeselement och produktspecifikationer.<\/p>","protected":false},"featured_media":1755,"template":"","meta":[],"product_brand":[],"product_cat":[15],"product_tag":[],"class_list":{"0":"post-1778","1":"product","2":"type-product","3":"status-publish","4":"has-post-thumbnail","6":"product_cat-print-label","8":"first","9":"instock","10":"shipping-taxable","11":"product-type-simple"},"_links":{"self":[{"href":"https:\/\/membraneswitchmfg.com\/sv\/wp-json\/wp\/v2\/product\/1778","targetHints":{"allow":["GET"]}}],"collection":[{"href":"https:\/\/membraneswitchmfg.com\/sv\/wp-json\/wp\/v2\/product"}],"about":[{"href":"https:\/\/membraneswitchmfg.com\/sv\/wp-json\/wp\/v2\/types\/product"}],"wp:featuredmedia":[{"embeddable":true,"href":"https:\/\/membraneswitchmfg.com\/sv\/wp-json\/wp\/v2\/media\/1755"}],"wp:attachment":[{"href":"https:\/\/membraneswitchmfg.com\/sv\/wp-json\/wp\/v2\/media?parent=1778"}],"wp:term":[{"taxonomy":"product_brand","embeddable":true,"href":"https:\/\/membraneswitchmfg.com\/sv\/wp-json\/wp\/v2\/product_brand?post=1778"},{"taxonomy":"product_cat","embeddable":true,"href":"https:\/\/membraneswitchmfg.com\/sv\/wp-json\/wp\/v2\/product_cat?post=1778"},{"taxonomy":"product_tag","embeddable":true,"href":"https:\/\/membraneswitchmfg.com\/sv\/wp-json\/wp\/v2\/product_tag?post=1778"}],"curies":[{"name":"wp","href":"https:\/\/api.w.org\/{rel}","templated":true}]}}