{"id":1779,"date":"2024-06-24T05:57:57","date_gmt":"2024-06-24T05:57:57","guid":{"rendered":"https:\/\/membraneswitchmfg.com\/manufacturer\/label\/"},"modified":"2024-07-25T09:16:57","modified_gmt":"2024-07-25T09:16:57","slug":"label","status":"publish","type":"product","link":"https:\/\/membraneswitchmfg.com\/sv\/manufacturer\/label\/","title":{"rendered":"Etikett"},"content":{"rendered":"<h2><strong><b>Etiketter: F\u00f6rb\u00e4ttrad produktidentifiering och kommunikation<\/b><\/strong><\/h2>\n<p><strong>Effektiv produktidentifiering<\/strong><\/p>\n<p>Etiketter spelar en avg\u00f6rande roll f\u00f6r identifiering av produkter:<\/p>\n<ul>\n<li><strong>Visning av produktnamn, logotyper och varum\u00e4rken<\/strong><\/li>\n<li><strong>Tillhandah\u00e5lla unika serienummer eller streckkoder<\/strong><\/li>\n<li><strong>Kommunicera produktspecifikationer och funktioner<\/strong><\/li>\n<\/ul>\n<p><strong>S\u00e4kerst\u00e4llande av regelefterlevnad<\/strong><\/p>\n<p>Etiketter \u00e4r viktiga f\u00f6r att s\u00e4kerst\u00e4lla efterlevnad av olika regler och standarder, inklusive:<\/p>\n<ul>\n<li><strong>S\u00e4kerhetsvarningar och instruktioner<\/strong><\/li>\n<li><strong>Information om materialinneh\u00e5ll<\/strong><\/li>\n<li><strong>Instruktioner f\u00f6r avfallshantering och \u00e5tervinning<\/strong><\/li>\n<\/ul>\n<p><strong>F\u00f6rb\u00e4ttrad kommunikation och varum\u00e4rkesprofilering<\/strong><\/p>\n<p>Etiketter kan ocks\u00e5 anv\u00e4ndas f\u00f6r att f\u00f6rb\u00e4ttra kommunikation och varum\u00e4rkesprofilering:<\/p>\n<ul>\n<li><strong>Visning av f\u00f6retagslogotyper och varum\u00e4rkeselement<\/strong><\/li>\n<li><strong>F\u00f6rst\u00e4rkning av varum\u00e4rkets budskap och v\u00e4rderingar<\/strong><\/li>\n<li><strong>Skapa en sammanh\u00e4ngande och professionell varum\u00e4rkesimage<\/strong><\/li>\n<\/ul>\n<p><strong>Till\u00e4mpningar<\/strong><\/p>\n<p>Etiketter anv\u00e4nds ofta i en m\u00e4ngd olika till\u00e4mpningar, t.ex:<\/p>\n<ul>\n<li><strong>Konsumentelektronik<\/strong><\/li>\n<li><strong>Medicintekniska produkter<\/strong><\/li>\n<li><strong>F\u00f6rpackningar f\u00f6r livsmedel och drycker<\/strong><\/li>\n<li><strong>Industriella produkter<\/strong><\/li>\n<li><strong>Sj\u00f6fart och logistik<\/strong><\/li>\n<\/ul>\n<p><strong>Anpassningsbara l\u00f6sningar<\/strong><\/p>\n<p>Vi erbjuder ett brett utbud av anpassningsalternativ f\u00f6r att uppfylla dina specifika behov, inklusive:<\/p>\n<ul>\n<li><strong>M\u00e5nga olika material och ytbehandlingar<\/strong><\/li>\n<li><strong>Anpassat tryck och grafik<\/strong><\/li>\n<li><strong>Stansning och formar<\/strong><\/li>\n<li><strong>Alternativ f\u00f6r sj\u00e4lvh\u00e4ftande material<\/strong><\/li>\n<\/ul>\n<p><strong>Samarbeta med en erfaren etiketttillverkare<\/strong><\/p>\n<p>Med m\u00e5nga \u00e5rs erfarenhet och ett stort engagemang f\u00f6r kvalitet \u00e4r vi din p\u00e5litliga k\u00e4lla f\u00f6r anpassade etiketter. V\u00e5rt team av experter kan hj\u00e4lpa dig att designa och tillverka de perfekta etiketterna f\u00f6r att f\u00f6rb\u00e4ttra din produktidentifiering, kommunikation och varum\u00e4rkesprofilering.<\/p>\n<p><strong>Kontakta oss idag<\/strong>\u00a0f\u00f6r att l\u00e4ra dig mer om v\u00e5ra etikettl\u00f6sningar och hur vi kan hj\u00e4lpa dig att lyfta fram dina produkter.<\/p>","protected":false},"excerpt":{"rendered":"<p>Etiketter \u00e4r viktiga komponenter som ger tydlig och kortfattad information om produkter och s\u00e4kerst\u00e4ller att de anv\u00e4nds p\u00e5 r\u00e4tt s\u00e4tt, identifieras och f\u00f6ljer g\u00e4llande regler. Dessa m\u00e5ngsidiga etiketter kan f\u00e4stas p\u00e5 en m\u00e4ngd olika ytor, inklusive f\u00f6rpackningar, komponenter och f\u00e4rdiga varor.<\/p>","protected":false},"featured_media":1750,"template":"","meta":[],"product_brand":[],"product_cat":[15],"product_tag":[],"class_list":{"0":"post-1779","1":"product","2":"type-product","3":"status-publish","4":"has-post-thumbnail","6":"product_cat-print-label","8":"first","9":"instock","10":"shipping-taxable","11":"product-type-simple"},"_links":{"self":[{"href":"https:\/\/membraneswitchmfg.com\/sv\/wp-json\/wp\/v2\/product\/1779","targetHints":{"allow":["GET"]}}],"collection":[{"href":"https:\/\/membraneswitchmfg.com\/sv\/wp-json\/wp\/v2\/product"}],"about":[{"href":"https:\/\/membraneswitchmfg.com\/sv\/wp-json\/wp\/v2\/types\/product"}],"wp:featuredmedia":[{"embeddable":true,"href":"https:\/\/membraneswitchmfg.com\/sv\/wp-json\/wp\/v2\/media\/1750"}],"wp:attachment":[{"href":"https:\/\/membraneswitchmfg.com\/sv\/wp-json\/wp\/v2\/media?parent=1779"}],"wp:term":[{"taxonomy":"product_brand","embeddable":true,"href":"https:\/\/membraneswitchmfg.com\/sv\/wp-json\/wp\/v2\/product_brand?post=1779"},{"taxonomy":"product_cat","embeddable":true,"href":"https:\/\/membraneswitchmfg.com\/sv\/wp-json\/wp\/v2\/product_cat?post=1779"},{"taxonomy":"product_tag","embeddable":true,"href":"https:\/\/membraneswitchmfg.com\/sv\/wp-json\/wp\/v2\/product_tag?post=1779"}],"curies":[{"name":"wp","href":"https:\/\/api.w.org\/{rel}","templated":true}]}}