{"id":1781,"date":"2024-06-24T05:57:57","date_gmt":"2024-06-24T05:57:57","guid":{"rendered":"https:\/\/membraneswitchmfg.com\/manufacturer\/membrane-switch-back-support\/"},"modified":"2024-07-25T08:37:56","modified_gmt":"2024-07-25T08:37:56","slug":"membrane-switch-back-support","status":"publish","type":"product","link":"https:\/\/membraneswitchmfg.com\/sv\/manufacturer\/membrane-switch-back-support\/","title":{"rendered":"Membranswitch + ryggst\u00f6d"},"content":{"rendered":"<h2><strong><b>Membranbrytare + ryggst\u00f6d: F\u00f6rb\u00e4ttrad h\u00e5llbarhet och funktionalitet<\/b><\/strong><\/h2>\n<p><strong>F\u00f6rb\u00e4ttrad h\u00e5llbarhet och stabilitet<\/strong><\/p>\n<p>Back support ger en styv grund f\u00f6r membranbrytaren, vilket avsev\u00e4rt f\u00f6rb\u00e4ttrar dess h\u00e5llbarhet och livsl\u00e4ngd. Detta \u00e4r s\u00e4rskilt f\u00f6rdelaktigt i milj\u00f6er d\u00e4r brytaren uts\u00e4tts f\u00f6r frekvent anv\u00e4ndning eller tuffa f\u00f6rh\u00e5llanden.<\/p>\n<ul>\n<li><strong>Motst\u00e5r deformation och slitage<\/strong><\/li>\n<li><strong>Skyddar str\u00f6mbrytaren mot st\u00f6tar och vibrationer<\/strong><\/li>\n<li><strong>F\u00f6rl\u00e4nger switchens livsl\u00e4ngd<\/strong><\/li>\n<\/ul>\n<p><strong>F\u00f6rb\u00e4ttrad funktionalitet och monteringsalternativ<\/strong><\/p>\n<p>Bakre st\u00f6d underl\u00e4ttar s\u00e4ker och exakt montering av membranbrytaren, vilket s\u00e4kerst\u00e4ller korrekt inriktning och drift. Det g\u00f6r det ocks\u00e5 m\u00f6jligt att integrera ytterligare komponenter, t.ex. lysdioder och kontakter.<\/p>\n<ul>\n<li><strong>M\u00f6jligg\u00f6r inf\u00e4lld eller upph\u00f6jd montering<\/strong><\/li>\n<li><strong>F\u00f6rser med monteringsh\u00e5l och bultar<\/strong><\/li>\n<li><strong>M\u00f6jligg\u00f6r integrering av elektronik<\/strong><\/li>\n<\/ul>\n<p><strong>F\u00f6rb\u00e4ttrad estetik och professionell framtoning<\/strong><\/p>\n<p>Ryggst\u00f6det f\u00f6rb\u00e4ttrar membranbrytarens \u00f6vergripande estetik och skapar ett mer professionellt och visuellt tilltalande utseende. Det kan anpassas med f\u00e4rger, texturer och ytbehandlingar f\u00f6r att matcha enhetens design.<\/p>\n<ul>\n<li><strong>Snygg och modern design<\/strong><\/li>\n<li><strong>M\u00e5nga olika f\u00e4rger och ytbehandlingar<\/strong><\/li>\n<li><strong>Anpassningsbar grafik och logotyper<\/strong><\/li>\n<\/ul>\n<p><strong>Till\u00e4mpningar<\/strong><\/p>\n<p>Membranomkopplare med ryggst\u00f6d anv\u00e4nds ofta i olika applikationer, inklusive:<\/p>\n<ul>\n<li><strong>Industriella kontrollpaneler<\/strong><\/li>\n<li><strong>Medicintekniska produkter<\/strong><\/li>\n<li><strong>Konsumentelektronik<\/strong><\/li>\n<li><strong>Telekommunikationsutrustning<\/strong><\/li>\n<li><strong>Konsoler f\u00f6r transport<\/strong><\/li>\n<\/ul>\n<p><strong>Anpassningsbara l\u00f6sningar<\/strong><\/p>\n<p>Vi erbjuder ett brett utbud av anpassningsalternativ f\u00f6r att uppfylla dina specifika behov, inklusive:<\/p>\n<ul>\n<li><strong>Olika material f\u00f6r ryggst\u00f6d (aluminium, plast etc.)<\/strong><\/li>\n<li><strong>Anpassade dimensioner och former<\/strong><\/li>\n<li><strong>Utsk\u00e4rningar och h\u00e5l f\u00f6r komponenter<\/strong><\/li>\n<li><strong>Ytbehandlingar och finish<\/strong><\/li>\n<\/ul>\n<p><strong>Samarbeta med en erfaren tillverkare av membranbrytare<\/strong><\/p>\n<p>Med m\u00e5nga \u00e5rs expertis och ett engagemang f\u00f6r kvalitet \u00e4r vi din p\u00e5litliga k\u00e4lla f\u00f6r anpassade membranbrytare med ryggst\u00f6d. V\u00e5rt team av experter kan hj\u00e4lpa dig att designa och tillverka de perfekta brytarna f\u00f6r att f\u00f6rb\u00e4ttra din produkts h\u00e5llbarhet, funktionalitet och estetiska tilltal.<\/p>\n<p><strong>Kontakta oss idag<\/strong>\u00a0f\u00f6r att l\u00e4ra dig mer om v\u00e5ra membranbrytarl\u00f6sningar med back support och hur vi kan hj\u00e4lpa dig att lyfta dina produkter.<\/p>\n<p><strong>Ytterligare nyckelord:<\/strong>\u00a0flexibel membranbrytare, on-off membranbrytare<\/p>","protected":false},"excerpt":{"rendered":"<p>Membranbrytare i kombination med ryggst\u00f6d erbjuder en robust och m\u00e5ngsidig l\u00f6sning f\u00f6r anv\u00e4ndargr\u00e4nssnitt, som kombinerar den taktila \u00e5terkopplingen fr\u00e5n membranbrytare med den strukturella integriteten hos en bakpanel. Denna integration f\u00f6rb\u00e4ttrar brytarens h\u00e5llbarhet, funktionalitet och estetiska tilltal, vilket g\u00f6r den idealisk f\u00f6r ett brett spektrum av applikationer.<\/p>","protected":false},"featured_media":1754,"template":"","meta":[],"product_brand":[],"product_cat":[40],"product_tag":[],"class_list":{"0":"post-1781","1":"product","2":"type-product","3":"status-publish","4":"has-post-thumbnail","6":"product_cat-membrane-switch","8":"first","9":"instock","10":"shipping-taxable","11":"product-type-simple"},"_links":{"self":[{"href":"https:\/\/membraneswitchmfg.com\/sv\/wp-json\/wp\/v2\/product\/1781","targetHints":{"allow":["GET"]}}],"collection":[{"href":"https:\/\/membraneswitchmfg.com\/sv\/wp-json\/wp\/v2\/product"}],"about":[{"href":"https:\/\/membraneswitchmfg.com\/sv\/wp-json\/wp\/v2\/types\/product"}],"wp:featuredmedia":[{"embeddable":true,"href":"https:\/\/membraneswitchmfg.com\/sv\/wp-json\/wp\/v2\/media\/1754"}],"wp:attachment":[{"href":"https:\/\/membraneswitchmfg.com\/sv\/wp-json\/wp\/v2\/media?parent=1781"}],"wp:term":[{"taxonomy":"product_brand","embeddable":true,"href":"https:\/\/membraneswitchmfg.com\/sv\/wp-json\/wp\/v2\/product_brand?post=1781"},{"taxonomy":"product_cat","embeddable":true,"href":"https:\/\/membraneswitchmfg.com\/sv\/wp-json\/wp\/v2\/product_cat?post=1781"},{"taxonomy":"product_tag","embeddable":true,"href":"https:\/\/membraneswitchmfg.com\/sv\/wp-json\/wp\/v2\/product_tag?post=1781"}],"curies":[{"name":"wp","href":"https:\/\/api.w.org\/{rel}","templated":true}]}}