{"id":1782,"date":"2024-06-24T05:57:57","date_gmt":"2024-06-24T05:57:57","guid":{"rendered":"https:\/\/membraneswitchmfg.com\/manufacturer\/membrane-switch-touch-screen\/"},"modified":"2024-06-25T13:51:39","modified_gmt":"2024-06-25T13:51:39","slug":"membrane-switch-touch-screen","status":"publish","type":"product","link":"https:\/\/membraneswitchmfg.com\/sv\/manufacturer\/membrane-switch-touch-screen\/","title":{"rendered":"Membranbrytare + peksk\u00e4rm"},"content":{"rendered":"<h2><strong><b>Membranbrytare + peksk\u00e4rm: S\u00f6ml\u00f6s integration f\u00f6r f\u00f6rb\u00e4ttrad anv\u00e4ndarupplevelse<\/b><\/strong><\/h2>\n<p><strong>F\u00f6rb\u00e4ttrad anv\u00e4ndarupplevelse och tillg\u00e4nglighet<\/strong><\/p>\n<p>Membranbrytare med peksk\u00e4rm ger ett mer intuitivt och anv\u00e4ndarv\u00e4nligt gr\u00e4nssnitt genom att:<\/p>\n<ul>\n<li><strong>Kombinera taktil feedback med visuella ledtr\u00e5dar<\/strong><\/li>\n<li><strong>M\u00f6jligg\u00f6r enkel navigering och urval<\/strong><\/li>\n<li><strong>Tillgodose ett bredare utbud av anv\u00e4ndarpreferenser<\/strong><\/li>\n<\/ul>\n<p><strong>\u00d6kad funktionalitet och anpassningsm\u00f6jligheter<\/strong><\/p>\n<p>Denna integration g\u00f6r det m\u00f6jligt att inf\u00f6rliva avancerade funktioner, t.ex:<\/p>\n<ul>\n<li><strong>Anpassningsbar grafik och ikoner<\/strong><\/li>\n<li><strong>Interaktiva menyer och displayer<\/strong><\/li>\n<li><strong>Inmatning och kontroll av data<\/strong><\/li>\n<\/ul>\n<p><strong>M\u00e5nga olika designalternativ<\/strong><\/p>\n<p>Membranswitchar med peksk\u00e4rm kan anpassas f\u00f6r att uppfylla specifika designkrav, inklusive:<\/p>\n<ul>\n<li><strong>M\u00e5nga olika storlekar och konfigurationer av brytare<\/strong><\/li>\n<li><strong>Storlekar och teknik f\u00f6r peksk\u00e4rmar<\/strong><\/li>\n<li><strong>Alternativ f\u00f6r bakgrundsbelysning och belysning<\/strong><\/li>\n<li><strong>Estetisk integration med enhetens design<\/strong><\/li>\n<\/ul>\n<p><strong>Till\u00e4mpningar<\/strong><\/p>\n<p>Membranbrytare med peksk\u00e4rmar anv\u00e4nds ofta i olika applikationer, inklusive:<\/p>\n<ul>\n<li><strong>Industriella kontrollpaneler<\/strong><\/li>\n<li><strong>Medicintekniska produkter<\/strong><\/li>\n<li><strong>Konsumentelektronik<\/strong><\/li>\n<li><strong>Hush\u00e5llsapparater<\/strong><\/li>\n<li><strong>Offentliga kiosker<\/strong><\/li>\n<\/ul>\n<p><strong>Anpassningsbara l\u00f6sningar<\/strong><\/p>\n<p>Vi erbjuder ett brett utbud av anpassningsalternativ f\u00f6r att uppfylla dina specifika behov, inklusive:<\/p>\n<ul>\n<li><strong>Val av material och stil f\u00f6r membranbrytare<\/strong><\/li>\n<li><strong>Peksk\u00e4rmsteknik och uppl\u00f6sning<\/strong><\/li>\n<li><strong>Anpassad grafik och design av anv\u00e4ndargr\u00e4nssnitt<\/strong><\/li>\n<li><strong>Integration med ytterligare komponenter<\/strong><\/li>\n<\/ul>\n<p><strong>Samarbeta med en erfaren tillverkare av membranbrytare och peksk\u00e4rmar<\/strong><\/p>\n<p>Med m\u00e5nga \u00e5rs expertis och ett engagemang f\u00f6r kvalitet \u00e4r vi din p\u00e5litliga k\u00e4lla f\u00f6r anpassade membranomkopplare med peksk\u00e4rmar. V\u00e5rt team av experter kan hj\u00e4lpa dig att designa och tillverka den perfekta l\u00f6sningen f\u00f6r att f\u00f6rb\u00e4ttra din produkts anv\u00e4ndarupplevelse, funktionalitet och estetiska tilltal.<\/p>\n<p><strong>Kontakta oss idag<\/strong>\u00a0f\u00f6r att l\u00e4ra dig mer om v\u00e5ra l\u00f6sningar f\u00f6r membranbrytare och peksk\u00e4rmar och hur vi kan hj\u00e4lpa dig att lyfta dina produkter.<\/p>","protected":false},"excerpt":{"rendered":"<p>Membranbrytare och peksk\u00e4rmar kan integreras s\u00f6ml\u00f6st f\u00f6r att skapa ett anv\u00e4ndargr\u00e4nssnitt som kombinerar den taktila \u00e5terkopplingen fr\u00e5n membranbrytare med den visuella interaktiviteten fr\u00e5n peksk\u00e4rmar. Denna innovativa kombination erbjuder en m\u00e5ngsidig och anv\u00e4ndarv\u00e4nlig l\u00f6sning f\u00f6r ett brett spektrum av applikationer.<\/p>","protected":false},"featured_media":1762,"template":"","meta":[],"product_brand":[],"product_cat":[40],"product_tag":[],"class_list":{"0":"post-1782","1":"product","2":"type-product","3":"status-publish","4":"has-post-thumbnail","6":"product_cat-membrane-switch","8":"first","9":"instock","10":"shipping-taxable","11":"product-type-simple"},"_links":{"self":[{"href":"https:\/\/membraneswitchmfg.com\/sv\/wp-json\/wp\/v2\/product\/1782","targetHints":{"allow":["GET"]}}],"collection":[{"href":"https:\/\/membraneswitchmfg.com\/sv\/wp-json\/wp\/v2\/product"}],"about":[{"href":"https:\/\/membraneswitchmfg.com\/sv\/wp-json\/wp\/v2\/types\/product"}],"wp:featuredmedia":[{"embeddable":true,"href":"https:\/\/membraneswitchmfg.com\/sv\/wp-json\/wp\/v2\/media\/1762"}],"wp:attachment":[{"href":"https:\/\/membraneswitchmfg.com\/sv\/wp-json\/wp\/v2\/media?parent=1782"}],"wp:term":[{"taxonomy":"product_brand","embeddable":true,"href":"https:\/\/membraneswitchmfg.com\/sv\/wp-json\/wp\/v2\/product_brand?post=1782"},{"taxonomy":"product_cat","embeddable":true,"href":"https:\/\/membraneswitchmfg.com\/sv\/wp-json\/wp\/v2\/product_cat?post=1782"},{"taxonomy":"product_tag","embeddable":true,"href":"https:\/\/membraneswitchmfg.com\/sv\/wp-json\/wp\/v2\/product_tag?post=1782"}],"curies":[{"name":"wp","href":"https:\/\/api.w.org\/{rel}","templated":true}]}}