{"id":1783,"date":"2024-06-24T05:57:57","date_gmt":"2024-06-24T05:57:57","guid":{"rendered":"https:\/\/membraneswitchmfg.com\/manufacturer\/oca-membrane-switch-keypad\/"},"modified":"2024-06-25T14:00:06","modified_gmt":"2024-06-25T14:00:06","slug":"oca-membrane-switch-keypad","status":"publish","type":"product","link":"https:\/\/membraneswitchmfg.com\/sv\/manufacturer\/oca-membrane-switch-keypad\/","title":{"rendered":"Knappsats f\u00f6r OCA-membranbrytare"},"content":{"rendered":"<h2><strong><b>Knappsats med membranbrytare fr\u00e5n OCA: F\u00f6rb\u00e4ttrad h\u00e5llbarhet och taktil respons<\/b><\/strong><\/h2>\n<p><strong>F\u00f6rb\u00e4ttrad h\u00e5llbarhet och vattent\u00e5lighet<\/strong><\/p>\n<p>OCA-membranknappsatser \u00e4r exceptionellt t\u00e5liga och klarar tuffa f\u00f6rh\u00e5llanden och frekvent anv\u00e4ndning. OCA-skiktet utg\u00f6r en skyddande barri\u00e4r mot fukt, damm och f\u00f6roreningar, vilket f\u00f6rl\u00e4nger knappsatsens livsl\u00e4ngd.<\/p>\n<ul>\n<li><strong>Motst\u00e5ndskraftig mot vatten, kemikalier och UV-str\u00e5lar<\/strong><\/li>\n<li><strong>T\u00e5l extrema temperaturer och vibrationer<\/strong><\/li>\n<li><strong>L\u00e4mplig f\u00f6r utomhus- och industrimilj\u00f6er<\/strong><\/li>\n<\/ul>\n<p><strong>\u00d6verl\u00e4gsen taktil respons och skarp \u00e5terkoppling<\/strong><\/p>\n<p>OCA-membranknappsatserna ger en exakt och konsekvent taktil respons, vilket s\u00e4kerst\u00e4ller korrekt och tillf\u00f6rlitlig inmatning fr\u00e5n anv\u00e4ndaren. OCA-skiktet f\u00f6rb\u00e4ttrar tangentr\u00f6relsen och ger en tydlig klick\u00e5terkoppling f\u00f6r positiv anv\u00e4ndarbekr\u00e4ftelse.<\/p>\n<ul>\n<li><strong>Exakt och konsekvent tangentaktivering<\/strong><\/li>\n<li><strong>Tydlig klick\u00e5terkoppling f\u00f6r taktil bekr\u00e4ftelse<\/strong><\/li>\n<li><strong>Minimerar antalet fel och f\u00f6rb\u00e4ttrar anv\u00e4ndarupplevelsen<\/strong><\/li>\n<\/ul>\n<p><strong>F\u00f6rb\u00e4ttrad visuell klarhet och alternativ f\u00f6r bakgrundsbelysning<\/strong><\/p>\n<p>OCA-membranknappsatserna har enast\u00e5ende visuell klarhet med tydliga teckenf\u00f6rklaringar och symboler som \u00e4r l\u00e4tta att l\u00e4sa \u00e4ven i svagt ljus. OCA-skiktet ger en enhetlig bakgrundsbelysning, vilket ger tydlig synlighet i svagt ljus.<\/p>\n<ul>\n<li><strong>Tydliga och l\u00e4sliga symboler och teckenf\u00f6rklaringar<\/strong><\/li>\n<li><strong>Uniform bakgrundsbelysning f\u00f6r \u00f6kad synlighet<\/strong><\/li>\n<li><strong>Anpassningsbar grafik och varum\u00e4rkeselement<\/strong><\/li>\n<\/ul>\n<p><strong>Till\u00e4mpningar<\/strong><\/p>\n<p>OCA:s knappsatser med membranbrytare anv\u00e4nds ofta i olika applikationer, t.ex:<\/p>\n<ul>\n<li><strong>Industriella kontrollpaneler<\/strong><\/li>\n<li><strong>Medicintekniska produkter<\/strong><\/li>\n<li><strong>Konsumentelektronik<\/strong><\/li>\n<li><strong>Telekommunikationsutrustning<\/strong><\/li>\n<li><strong>Konsoler f\u00f6r transport<\/strong><\/li>\n<\/ul>\n<p><strong>Anpassningsbara l\u00f6sningar<\/strong><\/p>\n<p>Vi erbjuder ett brett utbud av anpassningsalternativ f\u00f6r att uppfylla dina specifika behov, inklusive:<\/p>\n<ul>\n<li><strong>En m\u00e4ngd olika nyckelstorlekar, layouter och konfigurationer<\/strong><\/li>\n<li><strong>Anpassad grafik, legender och varum\u00e4rkeselement<\/strong><\/li>\n<li><strong>Alternativ och f\u00e4rger f\u00f6r bakgrundsbelysning<\/strong><\/li>\n<li><strong>Integration med ytterligare komponenter<\/strong><\/li>\n<\/ul>\n<p><strong>Samarbeta med en erfaren tillverkare av OCA Membrane Switch Keypad<\/strong><\/p>\n<p>Med m\u00e5nga \u00e5rs expertis och ett engagemang f\u00f6r kvalitet \u00e4r vi din p\u00e5litliga k\u00e4lla f\u00f6r anpassade OCA-membranknappsatser. V\u00e5rt team av experter kan hj\u00e4lpa dig att designa och tillverka de perfekta knappsatserna f\u00f6r att f\u00f6rb\u00e4ttra din produkts h\u00e5llbarhet, taktila respons, visuella klarhet och \u00f6vergripande prestanda.<\/p>\n<p><strong>Kontakta oss idag<\/strong>\u00a0om du vill veta mer om v\u00e5ra OCA-l\u00f6sningar f\u00f6r membranbrytare och hur vi kan hj\u00e4lpa dig att lyfta fram dina produkter.<\/p>","protected":false},"excerpt":{"rendered":"<p>OCA (Optically Clear Adhesive) membranknappsatser \u00e4r ett \u00f6verl\u00e4gset alternativ till traditionella membranknappsatser och ger b\u00e4ttre h\u00e5llbarhet, taktil respons och visuell tydlighet. De h\u00e4r innovativa knappsatserna \u00e4r idealiska f\u00f6r applikationer som kr\u00e4ver h\u00f6g prestanda och tillf\u00f6rlitlighet i kr\u00e4vande milj\u00f6er.<\/p>","protected":false},"featured_media":1756,"template":"","meta":[],"product_brand":[],"product_cat":[40],"product_tag":[],"class_list":{"0":"post-1783","1":"product","2":"type-product","3":"status-publish","4":"has-post-thumbnail","6":"product_cat-membrane-switch","8":"first","9":"instock","10":"shipping-taxable","11":"product-type-simple"},"_links":{"self":[{"href":"https:\/\/membraneswitchmfg.com\/sv\/wp-json\/wp\/v2\/product\/1783","targetHints":{"allow":["GET"]}}],"collection":[{"href":"https:\/\/membraneswitchmfg.com\/sv\/wp-json\/wp\/v2\/product"}],"about":[{"href":"https:\/\/membraneswitchmfg.com\/sv\/wp-json\/wp\/v2\/types\/product"}],"wp:featuredmedia":[{"embeddable":true,"href":"https:\/\/membraneswitchmfg.com\/sv\/wp-json\/wp\/v2\/media\/1756"}],"wp:attachment":[{"href":"https:\/\/membraneswitchmfg.com\/sv\/wp-json\/wp\/v2\/media?parent=1783"}],"wp:term":[{"taxonomy":"product_brand","embeddable":true,"href":"https:\/\/membraneswitchmfg.com\/sv\/wp-json\/wp\/v2\/product_brand?post=1783"},{"taxonomy":"product_cat","embeddable":true,"href":"https:\/\/membraneswitchmfg.com\/sv\/wp-json\/wp\/v2\/product_cat?post=1783"},{"taxonomy":"product_tag","embeddable":true,"href":"https:\/\/membraneswitchmfg.com\/sv\/wp-json\/wp\/v2\/product_tag?post=1783"}],"curies":[{"name":"wp","href":"https:\/\/api.w.org\/{rel}","templated":true}]}}