{"id":1785,"date":"2024-06-24T05:57:57","date_gmt":"2024-06-24T05:57:57","guid":{"rendered":"https:\/\/membraneswitchmfg.com\/manufacturer\/thru-hole-silver-flex-circuit\/"},"modified":"2024-06-25T13:49:55","modified_gmt":"2024-06-25T13:49:55","slug":"thru-hole-silver-flex-circuit","status":"publish","type":"product","link":"https:\/\/membraneswitchmfg.com\/sv\/manufacturer\/thru-hole-silver-flex-circuit\/","title":{"rendered":"Genomg\u00e5ngsh\u00e5l Silver Flex Circuit"},"content":{"rendered":"<h2><strong><b>THRU-HOLE Silver Flex Circuits: Flexibla och tillf\u00f6rlitliga kopplingar f\u00f6r olika till\u00e4mpningar<\/b><\/strong><\/h2>\n<p><strong>\u00d6kad flexibilitet och anpassningsf\u00f6rm\u00e5ga<\/strong><\/p>\n<p>THRU-HOLE Silver Flex Circuits \u00e4r mycket flexibla och kan anpassas till komplexa former och geometrier. Detta g\u00f6r dem idealiska f\u00f6r applikationer d\u00e4r utrymmet \u00e4r begr\u00e4nsat eller d\u00e4r r\u00f6relse kr\u00e4vs.<\/p>\n<ul>\n<li><strong>Anpassning till b\u00f6jda ytor och tr\u00e5nga utrymmen<\/strong><\/li>\n<li><strong>T\u00e5l b\u00f6jning, b\u00f6jning och vridning<\/strong><\/li>\n<li><strong>L\u00e4mplig f\u00f6r dynamiska och mobila applikationer<\/strong><\/li>\n<\/ul>\n<p><strong>Tillf\u00f6rlitlig elektrisk konduktivitet<\/strong><\/p>\n<p>Ledare med silverf\u00e4rg ger l\u00e5gt motst\u00e5nd och h\u00f6g str\u00f6mkapacitet, vilket m\u00f6jligg\u00f6r tillf\u00f6rlitlig signal\u00f6verf\u00f6ring och kraftdistribution.<\/p>\n<ul>\n<li><strong>Utm\u00e4rkt ledningsf\u00f6rm\u00e5ga f\u00f6r effektiv signal\u00f6verf\u00f6ring<\/strong><\/li>\n<li><strong>L\u00e5gt motst\u00e5nd f\u00f6r minimal effektf\u00f6rlust<\/strong><\/li>\n<li><strong>L\u00e4mplig f\u00f6r kr\u00e4vande elektriska applikationer<\/strong><\/li>\n<\/ul>\n<p><strong>Robusta pl\u00e4terade genomg\u00e5ende h\u00e5l<\/strong><\/p>\n<p>Pl\u00e4terade genomg\u00e5ende h\u00e5l ger starka och tillf\u00f6rlitliga anslutningar mellan olika lager i flexkretsen, vilket s\u00e4kerst\u00e4ller signalintegritet och kretsstabilitet.<\/p>\n<ul>\n<li><strong>S\u00e4kra anslutningar f\u00f6r tillf\u00f6rlitlig signal\u00f6verf\u00f6ring<\/strong><\/li>\n<li><strong>Motst\u00e5r slitage f\u00f6r l\u00e5ngvarig prestanda<\/strong><\/li>\n<li><strong>L\u00e4mplig f\u00f6r tuffa och kr\u00e4vande milj\u00f6er<\/strong><\/li>\n<\/ul>\n<p><strong>Till\u00e4mpningar<\/strong><\/p>\n<p>THRU-HOLE Silver Flex Circuits anv\u00e4nds i stor utstr\u00e4ckning i olika applikationer, inklusive:<\/p>\n<ul>\n<li><strong>Tryckknappsbrytare med membran<\/strong><\/li>\n<li><strong>Medicintekniska produkter<\/strong><\/li>\n<li><strong>Konsumentelektronik<\/strong><\/li>\n<li><strong>Industriella kontrollpaneler<\/strong><\/li>\n<li><strong>Fordons- och flygplansutrustning<\/strong><\/li>\n<\/ul>\n<p><strong>Anpassningsbara l\u00f6sningar<\/strong><\/p>\n<p>Vi erbjuder ett brett utbud av anpassningsalternativ f\u00f6r att uppfylla dina specifika behov, inklusive:<\/p>\n<ul>\n<li><strong>M\u00e5nga olika kretslayouter och konfigurationer<\/strong><\/li>\n<li><strong>Anpassade ledarm\u00f6nster och storlekar<\/strong><\/li>\n<li><strong>Olika material och tjocklekar<\/strong><\/li>\n<li><strong>Ytbehandlingar och skyddsbel\u00e4ggningar<\/strong><\/li>\n<\/ul>\n<p><strong>Samarbeta med en erfaren tillverkare av THRU-HOLE Silver Flex Circuit<\/strong><\/p>\n<p>Med m\u00e5nga \u00e5rs expertis och ett engagemang f\u00f6r kvalitet \u00e4r vi din p\u00e5litliga k\u00e4lla f\u00f6r anpassade THRU-HOLE Silver Flex Circuits. V\u00e5rt team av experter kan hj\u00e4lpa dig att designa och tillverka de perfekta kretsarna f\u00f6r att uppfylla dina specifika applikationskrav.<\/p>\n<p><strong>Kontakta oss idag<\/strong>\u00a0f\u00f6r att l\u00e4ra dig mer om v\u00e5ra THRU-HOLE Silver Flex Circuit-l\u00f6sningar och hur vi kan hj\u00e4lpa dig att lyfta dina produkter.<\/p>","protected":false},"excerpt":{"rendered":"<p>THRU-HOLE Silver Flex Circuits erbjuder en m\u00e5ngsidig och p\u00e5litlig l\u00f6sning f\u00f6r sammankopplingar i ett brett spektrum av applikationer. Dessa flexibla kretsar har ledare av silverf\u00e4rg och pl\u00e4terade genomg\u00e5ende h\u00e5l, vilket ger utm\u00e4rkt ledningsf\u00f6rm\u00e5ga, flexibilitet och h\u00e5llbarhet.<\/p>","protected":false},"featured_media":1760,"template":"","meta":[],"product_brand":[],"product_cat":[40],"product_tag":[],"class_list":{"0":"post-1785","1":"product","2":"type-product","3":"status-publish","4":"has-post-thumbnail","6":"product_cat-membrane-switch","8":"first","9":"instock","10":"shipping-taxable","11":"product-type-simple"},"_links":{"self":[{"href":"https:\/\/membraneswitchmfg.com\/sv\/wp-json\/wp\/v2\/product\/1785","targetHints":{"allow":["GET"]}}],"collection":[{"href":"https:\/\/membraneswitchmfg.com\/sv\/wp-json\/wp\/v2\/product"}],"about":[{"href":"https:\/\/membraneswitchmfg.com\/sv\/wp-json\/wp\/v2\/types\/product"}],"wp:featuredmedia":[{"embeddable":true,"href":"https:\/\/membraneswitchmfg.com\/sv\/wp-json\/wp\/v2\/media\/1760"}],"wp:attachment":[{"href":"https:\/\/membraneswitchmfg.com\/sv\/wp-json\/wp\/v2\/media?parent=1785"}],"wp:term":[{"taxonomy":"product_brand","embeddable":true,"href":"https:\/\/membraneswitchmfg.com\/sv\/wp-json\/wp\/v2\/product_brand?post=1785"},{"taxonomy":"product_cat","embeddable":true,"href":"https:\/\/membraneswitchmfg.com\/sv\/wp-json\/wp\/v2\/product_cat?post=1785"},{"taxonomy":"product_tag","embeddable":true,"href":"https:\/\/membraneswitchmfg.com\/sv\/wp-json\/wp\/v2\/product_tag?post=1785"}],"curies":[{"name":"wp","href":"https:\/\/api.w.org\/{rel}","templated":true}]}}