{"id":1786,"date":"2024-06-24T05:57:57","date_gmt":"2024-06-24T05:57:57","guid":{"rendered":"https:\/\/membraneswitchmfg.com\/manufacturer\/medical-membrane-switches\/"},"modified":"2024-06-25T13:43:30","modified_gmt":"2024-06-25T13:43:30","slug":"medical-membrane-switches","status":"publish","type":"product","link":"https:\/\/membraneswitchmfg.com\/sv\/manufacturer\/medical-membrane-switches\/","title":{"rendered":"Medicinsk membranomkopplare"},"content":{"rendered":"<h2><strong><b>Medicinsk membranswitch: Precision, tillf\u00f6rlitlighet och s\u00e4kerhet f\u00f6r sjukv\u00e5rdsapplikationer<\/b><\/strong><\/h2>\n<p><strong>Precision och taktil respons<\/strong><\/p>\n<p>Medicinska membranbrytare ger exakt aktivering och ett konsekvent taktilt svar, vilket s\u00e4kerst\u00e4ller korrekta anv\u00e4ndarinmatningar \u00e4ven i kr\u00e4vande situationer. Detta \u00e4r s\u00e4rskilt viktigt f\u00f6r enheter som anv\u00e4nds i k\u00e4nsliga procedurer eller d\u00e4r patients\u00e4kerheten \u00e4r av st\u00f6rsta vikt.<\/p>\n<ul>\n<li><strong>Exakta och konsekventa tangenttryckningar f\u00f6r felfri drift<\/strong><\/li>\n<li><strong>Skarp taktil feedback f\u00f6r positiv bekr\u00e4ftelse fr\u00e5n anv\u00e4ndaren<\/strong><\/li>\n<li><strong>L\u00e4mplig f\u00f6r applikationer som kr\u00e4ver h\u00f6g precision och kontroll<\/strong><\/li>\n<\/ul>\n<p><strong>Tillf\u00f6rlitlighet och h\u00e5llbarhet<\/strong><\/p>\n<p>Medicinska membranbrytare \u00e4r byggda f\u00f6r att t\u00e5la kontinuerlig anv\u00e4ndning och tuffa reng\u00f6ringsmedel, vilket s\u00e4kerst\u00e4ller l\u00e5ngvarig prestanda i kr\u00e4vande v\u00e5rdmilj\u00f6er.<\/p>\n<ul>\n<li><strong>Slitstark konstruktion f\u00f6r l\u00e5ng livsl\u00e4ngd<\/strong><\/li>\n<li><strong>Motst\u00e5ndskraftig mot v\u00e4tskor, kemikalier och desinfektionsmedel<\/strong><\/li>\n<li><strong>L\u00e4mplig f\u00f6r h\u00f6gtrafikerade omr\u00e5den och frekvent reng\u00f6ring<\/strong><\/li>\n<\/ul>\n<p><strong>S\u00e4kerhet och infektionskontroll<\/strong><\/p>\n<p>Medicinska membranbrytare \u00e4r utformade med s\u00e4kerhet i \u00e5tanke och har antimikrobiella ytor och sl\u00e4ta, icke-por\u00f6sa ytor som minimerar risken f\u00f6r korskontaminering.<\/p>\n<ul>\n<li><strong>Antimikrobiella ytor h\u00e4mmar tillv\u00e4xten av bakterier och virus<\/strong><\/li>\n<li><strong>Sl\u00e4ta, icke-por\u00f6sa ytor som \u00e4r l\u00e4tta att reng\u00f6ra och desinficera<\/strong><\/li>\n<li><strong>\u00d6verensst\u00e4mmer med relevanta medicinska standarder och f\u00f6reskrifter<\/strong><\/li>\n<\/ul>\n<p><strong>Till\u00e4mpningar<\/strong><\/p>\n<p>Medicinska membranbrytare anv\u00e4nds i stor utstr\u00e4ckning i en m\u00e4ngd olika sjukv\u00e5rdsapplikationer, inklusive:<\/p>\n<ul>\n<li><strong>Kontrollpaneler f\u00f6r medicinsk utrustning<\/strong><\/li>\n<li><strong>System f\u00f6r patient\u00f6vervakning<\/strong><\/li>\n<li><strong>Kirurgiska instrument<\/strong><\/li>\n<li><strong>Diagnostisk utrustning<\/strong><\/li>\n<li><strong>Laboratorieutrustning<\/strong><\/li>\n<\/ul>\n<p><strong>Anpassningsbara l\u00f6sningar<\/strong><\/p>\n<p>Vi erbjuder ett brett utbud av anpassningsalternativ f\u00f6r att uppfylla dina specifika behov, inklusive:<\/p>\n<ul>\n<li><strong>En m\u00e4ngd olika storlekar, former och konfigurationer f\u00f6r brytare<\/strong><\/li>\n<li><strong>Anpassad grafik, legender och varum\u00e4rkeselement<\/strong><\/li>\n<li><strong>Alternativ f\u00f6r bakgrundsbelysning och belysning<\/strong><\/li>\n<li><strong>Integration med ytterligare komponenter<\/strong><\/li>\n<\/ul>\n<p><strong>Samarbeta med en erfaren tillverkare av membranbrytare f\u00f6r medicinskt bruk<\/strong><\/p>\n<p>Med m\u00e5nga \u00e5rs expertis och ett engagemang f\u00f6r kvalitet \u00e4r vi din p\u00e5litliga k\u00e4lla f\u00f6r anpassade medicinska membranomkopplare. V\u00e5rt team av experter kan hj\u00e4lpa dig att designa och tillverka de perfekta brytarna f\u00f6r att uppfylla dina specifika applikationskrav och s\u00e4kerst\u00e4lla patienternas s\u00e4kerhet och v\u00e4lbefinnande.<\/p>\n<p><strong>Kontakta oss idag<\/strong>\u00a0f\u00f6r att l\u00e4ra dig mer om v\u00e5ra medicinska membranbrytarl\u00f6sningar och hur vi kan hj\u00e4lpa dig att lyfta dina medicintekniska produkter.<\/p>\n<p><strong>Ytterligare nyckelord:<\/strong>\u00a0membranpanelbrytare, industriell membranbrytare<\/p>","protected":false},"excerpt":{"rendered":"<p>Medicinska membranbrytare \u00e4r utformade f\u00f6r att uppfylla de str\u00e4nga kraven i v\u00e5rdmilj\u00f6er och ger exakta, tillf\u00f6rlitliga och s\u00e4kra anv\u00e4ndargr\u00e4nssnitt f\u00f6r ett brett utbud av medicintekniska produkter. Dessa switchar tillverkas av h\u00f6gkvalitativa material och testas noggrant f\u00f6r att s\u00e4kerst\u00e4lla optimal prestanda i kritiska v\u00e5rdmilj\u00f6er.<\/p>","protected":false},"featured_media":1753,"template":"","meta":[],"product_brand":[],"product_cat":[40],"product_tag":[],"class_list":{"0":"post-1786","1":"product","2":"type-product","3":"status-publish","4":"has-post-thumbnail","6":"product_cat-membrane-switch","8":"first","9":"instock","10":"shipping-taxable","11":"product-type-simple"},"_links":{"self":[{"href":"https:\/\/membraneswitchmfg.com\/sv\/wp-json\/wp\/v2\/product\/1786","targetHints":{"allow":["GET"]}}],"collection":[{"href":"https:\/\/membraneswitchmfg.com\/sv\/wp-json\/wp\/v2\/product"}],"about":[{"href":"https:\/\/membraneswitchmfg.com\/sv\/wp-json\/wp\/v2\/types\/product"}],"wp:featuredmedia":[{"embeddable":true,"href":"https:\/\/membraneswitchmfg.com\/sv\/wp-json\/wp\/v2\/media\/1753"}],"wp:attachment":[{"href":"https:\/\/membraneswitchmfg.com\/sv\/wp-json\/wp\/v2\/media?parent=1786"}],"wp:term":[{"taxonomy":"product_brand","embeddable":true,"href":"https:\/\/membraneswitchmfg.com\/sv\/wp-json\/wp\/v2\/product_brand?post=1786"},{"taxonomy":"product_cat","embeddable":true,"href":"https:\/\/membraneswitchmfg.com\/sv\/wp-json\/wp\/v2\/product_cat?post=1786"},{"taxonomy":"product_tag","embeddable":true,"href":"https:\/\/membraneswitchmfg.com\/sv\/wp-json\/wp\/v2\/product_tag?post=1786"}],"curies":[{"name":"wp","href":"https:\/\/api.w.org\/{rel}","templated":true}]}}