{"id":1787,"date":"2024-06-24T05:57:57","date_gmt":"2024-06-24T05:57:57","guid":{"rendered":"https:\/\/membraneswitchmfg.com\/manufacturer\/3d-printed-flexible-membrane-keypad\/"},"modified":"2024-08-07T00:48:26","modified_gmt":"2024-08-07T00:48:26","slug":"3d-printed-flexible-membrane-keypad","status":"publish","type":"product","link":"https:\/\/membraneswitchmfg.com\/sv\/manufacturer\/3d-printed-flexible-membrane-keypad\/","title":{"rendered":"3D-utskriven flexibel membrantangentbord"},"content":{"rendered":"<h2><strong><b>3D-tryckta knappsatser med flexibla membran: Revolutionerande anv\u00e4ndargr\u00e4nssnitt med anpassad design<\/b><\/strong><\/h2>\n<p>\u00a0<\/p>\n<p><strong>G\u00f6r design fri<\/strong><\/p>\n<p>3D-tryckta flexibla membrantangentbord frig\u00f6r sig fr\u00e5n traditionella designbegr\u00e4nsningar och g\u00f6r det m\u00f6jligt att skapa:<\/p>\n<ul>\n<li>Intrikata former och geometrier<\/li>\n<li>Anpassad grafik och varum\u00e4rkeselement<\/li>\n<li>Ergonomisk design f\u00f6r \u00f6kad anv\u00e4ndarkomfort<\/li>\n<\/ul>\n<p>\u00a0<\/p>\n<p><strong>Skr\u00e4ddarsydd funktionalitet och integration<\/strong><\/p>\n<p>3D-printing g\u00f6r det m\u00f6jligt att integrera ytterligare komponenter direkt i knappsatsen, t.ex:<\/p>\n<ul>\n<li>Sensorer och lysdioder<\/li>\n<li>Kommunikationsmoduler<\/li>\n<li>Displayer med peksk\u00e4rm<\/li>\n<\/ul>\n<p>\u00a0<\/p>\n<p><strong>F\u00f6rb\u00e4ttrad flexibilitet och h\u00e5llbarhet<\/strong><\/p>\n<p>3D-utskrivna flexibla membranknappsatser erbjuder exceptionell flexibilitet, anpassar sig till b\u00f6jda ytor och anpassar sig till dynamiska milj\u00f6er. De \u00e4r ocks\u00e5 mycket t\u00e5liga och klarar tuffa f\u00f6rh\u00e5llanden och frekvent anv\u00e4ndning.<\/p>\n<p>\u00a0<\/p>\n<p><strong>Till\u00e4mpningar<\/strong><\/p>\n<p>3D-printade flexibla membranknappsatser \u00e4r idealiska f\u00f6r en m\u00e4ngd olika till\u00e4mpningar, t.ex:<\/p>\n<ul>\n<li>Industriella kontrollpaneler<\/li>\n<li>Medicintekniska produkter<\/li>\n<li>Konsumentelektronik<\/li>\n<li>B\u00e4rbar teknik<\/li>\n<li>Fordons- och flygplanstill\u00e4mpningar<\/li>\n<\/ul>\n<p>\u00a0<\/p>\n<p><strong>Anpassningsbara l\u00f6sningar<\/strong><\/p>\n<p>Vi erbjuder ett brett utbud av anpassningsalternativ f\u00f6r att uppfylla dina specifika behov, inklusive:<\/p>\n<ul>\n<li>Val av material och egenskaper<\/li>\n<li>Precisionsdesign och prototyptillverkning<\/li>\n<li>Integration av elektroniska komponenter<\/li>\n<li>Alternativ f\u00f6r bakgrundsbelysning och belysning<\/li>\n<\/ul>\n<p>\u00a0<\/p>\n<p><strong>Samarbeta med en expert p\u00e5 3D-utskrifter och membrantangentbord<\/strong><\/p>\n<p>Med m\u00e5nga \u00e5rs erfarenhet av 3D-printing och membranknappsats-teknik \u00e4r vi din p\u00e5litliga partner f\u00f6r att skapa anpassade l\u00f6sningar som uppfyller dina exakta krav. V\u00e5rt team av experter guidar dig genom designprocessen och ser till att du f\u00e5r den perfekta knappsatsen f\u00f6r din applikation.<\/p>\n<p>\u00a0<\/p>\n<p><a href=\"https:\/\/membraneswitchmfg.com\/sv\/contact\/\"><strong>Kontakta oss idag<\/strong>\u00a0<\/a>f\u00f6r att l\u00e4ra dig mer om v\u00e5ra 3D-printade flexibla membranknappsatsl\u00f6sningar och hur vi kan hj\u00e4lpa dig att revolutionera dina anv\u00e4ndargr\u00e4nssnitt.<\/p>","protected":false},"excerpt":{"rendered":"<p>3D-printade flexibla membranknappsatser \u00e4r ett banbrytande framsteg inom anv\u00e4ndargr\u00e4nssnittsteknik och erbjuder en unik blandning av anpassning, flexibilitet och h\u00e5llbarhet. Dessa innovativa knappsatser tillverkas med hj\u00e4lp av avancerad 3D-printingteknik, vilket g\u00f6r det m\u00f6jligt att skapa komplexa konstruktioner och skr\u00e4ddarsydda l\u00f6sningar f\u00f6r ett brett spektrum av applikationer.<\/p>","protected":false},"featured_media":1763,"template":"","meta":[],"product_brand":[],"product_cat":[40],"product_tag":[],"class_list":{"0":"post-1787","1":"product","2":"type-product","3":"status-publish","4":"has-post-thumbnail","6":"product_cat-membrane-switch","8":"first","9":"instock","10":"shipping-taxable","11":"product-type-simple"},"_links":{"self":[{"href":"https:\/\/membraneswitchmfg.com\/sv\/wp-json\/wp\/v2\/product\/1787","targetHints":{"allow":["GET"]}}],"collection":[{"href":"https:\/\/membraneswitchmfg.com\/sv\/wp-json\/wp\/v2\/product"}],"about":[{"href":"https:\/\/membraneswitchmfg.com\/sv\/wp-json\/wp\/v2\/types\/product"}],"wp:featuredmedia":[{"embeddable":true,"href":"https:\/\/membraneswitchmfg.com\/sv\/wp-json\/wp\/v2\/media\/1763"}],"wp:attachment":[{"href":"https:\/\/membraneswitchmfg.com\/sv\/wp-json\/wp\/v2\/media?parent=1787"}],"wp:term":[{"taxonomy":"product_brand","embeddable":true,"href":"https:\/\/membraneswitchmfg.com\/sv\/wp-json\/wp\/v2\/product_brand?post=1787"},{"taxonomy":"product_cat","embeddable":true,"href":"https:\/\/membraneswitchmfg.com\/sv\/wp-json\/wp\/v2\/product_cat?post=1787"},{"taxonomy":"product_tag","embeddable":true,"href":"https:\/\/membraneswitchmfg.com\/sv\/wp-json\/wp\/v2\/product_tag?post=1787"}],"curies":[{"name":"wp","href":"https:\/\/api.w.org\/{rel}","templated":true}]}}