{"id":1788,"date":"2024-06-24T05:57:57","date_gmt":"2024-06-24T05:57:57","guid":{"rendered":"https:\/\/membraneswitchmfg.com\/manufacturer\/digitally-printed-graphics\/"},"modified":"2024-06-25T13:43:13","modified_gmt":"2024-06-25T13:43:13","slug":"digitally-printed-graphics","status":"publish","type":"product","link":"https:\/\/membraneswitchmfg.com\/sv\/manufacturer\/digitally-printed-graphics\/","title":{"rendered":"Digitalt tryckt grafik"},"content":{"rendered":"<h2><strong><b>Digitalt tryckt grafik: Membranbrytare med livfulla m\u00f6nster och l\u00e5ng livsl\u00e4ngd<\/b><\/strong><\/h2>\n<p><strong>Sl\u00e4pp loss kreativiteten i designen<\/strong><\/p>\n<p>Digitaltryck g\u00f6r det m\u00f6jligt att skapa invecklade m\u00f6nster och fotorealistiska bilder, som bara begr\u00e4nsas av din fantasi. Detta \u00f6ppnar upp en v\u00e4rld av m\u00f6jligheter f\u00f6r att anpassa membranbrytare f\u00f6r att matcha alla varum\u00e4rkesidentiteter eller produktestetik.<\/p>\n<ul>\n<li><strong>Inkorporera f\u00f6retagslogotyper, varum\u00e4rkeselement och produktgrafik<\/strong><\/li>\n<li><strong>Skapa visuellt tilltalande och anv\u00e4ndarv\u00e4nliga gr\u00e4nssnitt<\/strong><\/li>\n<li><strong>F\u00f6rb\u00e4ttra produktdifferentiering och varum\u00e4rkesigenk\u00e4nning<\/strong><\/li>\n<\/ul>\n<p><strong>Levande f\u00e4rger och l\u00e5ngvariga intryck<\/strong><\/p>\n<p>Digitaltryck anv\u00e4nder h\u00f6gkvalitativa bl\u00e4ck som ger rika, livfulla f\u00e4rger som motst\u00e5r blekning och slitage, \u00e4ven i tuffa milj\u00f6er. Detta s\u00e4kerst\u00e4ller att dina membranbrytare beh\u00e5ller sin visuella \u00f6verklagande och p\u00e5verkan under m\u00e5nga \u00e5r fram\u00f6ver.<\/p>\n<ul>\n<li><strong>Skarp och tydlig text och symboler<\/strong><\/li>\n<li><strong>Konsekvent f\u00e4rg\u00e5tergivning \u00f6ver hela produktionsserien<\/strong><\/li>\n<li><strong>Motst\u00e5ndskraftig mot repor, kemikalier och UV-str\u00e5lar<\/strong><\/li>\n<\/ul>\n<p><strong>H\u00e5llbara och kostnadseffektiva l\u00f6sningar<\/strong><\/p>\n<p>Digitaltryckt grafik \u00e4r inte bara visuellt fantastisk utan ocks\u00e5 mycket h\u00e5llbar och t\u00e5l frekvent anv\u00e4ndning och h\u00e5rda reng\u00f6ringsmedel. Detta g\u00f6r dem till en kostnadseffektiv l\u00f6sning f\u00f6r l\u00e5ngvariga membranbrytare som bibeh\u00e5ller sitt utseende och sin funktionalitet \u00f6ver tid.<\/p>\n<p><strong>Till\u00e4mpningar<\/strong><\/p>\n<p>Digitaltryckt grafik anv\u00e4nds ofta i en m\u00e4ngd olika till\u00e4mpningar, t.ex:<\/p>\n<ul>\n<li><strong>Industriella kontrollpaneler<\/strong><\/li>\n<li><strong>Medicintekniska produkter<\/strong><\/li>\n<li><strong>Konsumentelektronik<\/strong><\/li>\n<li><strong>Vitvaror<\/strong><\/li>\n<li><strong>Maskiner och inventarier<\/strong><\/li>\n<\/ul>\n<p><strong>Samarbeta med en erfaren tillverkare av digitaltryck och membranbrytare<\/strong><\/p>\n<p>Med m\u00e5nga \u00e5rs expertis inom digitaltryck och membranbrytarteknik \u00e4r vi din p\u00e5litliga k\u00e4lla f\u00f6r h\u00f6gkvalitativa, specialutskrivna membranbrytare. V\u00e5rt team av experter kommer att arbeta n\u00e4ra dig f\u00f6r att f\u00f6rst\u00e5 dina designkrav och leverera den perfekta l\u00f6sningen f\u00f6r att f\u00f6rb\u00e4ttra dina produkter.<\/p>\n<p><strong>Kontakta oss idag<\/strong>\u00a0f\u00f6r att l\u00e4ra dig mer om v\u00e5ra m\u00f6jligheter till digitaltryck och hur vi kan hj\u00e4lpa dig att lyfta dina membranbrytare med fantastisk grafik och l\u00e5ngvarig h\u00e5llbarhet.<\/p>","protected":false},"excerpt":{"rendered":"<p>Digitaltryckt grafik har revolutionerat v\u00e4rlden av membranbrytare och erbjuder o\u00f6vertr\u00e4ffad designflexibilitet, livfulla f\u00e4rger och exceptionell h\u00e5llbarhet. Den h\u00e4r innovativa trycktekniken g\u00f6r det m\u00f6jligt att skapa h\u00f6guppl\u00f6st grafik, logotyper och dekaler som f\u00f6rvandlar vanliga membranbrytare till visuellt tilltalande och informativa anv\u00e4ndargr\u00e4nssnitt.<\/p>","protected":false},"featured_media":1764,"template":"","meta":[],"product_brand":[],"product_cat":[40],"product_tag":[],"class_list":{"0":"post-1788","1":"product","2":"type-product","3":"status-publish","4":"has-post-thumbnail","6":"product_cat-membrane-switch","8":"first","9":"instock","10":"shipping-taxable","11":"product-type-simple"},"_links":{"self":[{"href":"https:\/\/membraneswitchmfg.com\/sv\/wp-json\/wp\/v2\/product\/1788","targetHints":{"allow":["GET"]}}],"collection":[{"href":"https:\/\/membraneswitchmfg.com\/sv\/wp-json\/wp\/v2\/product"}],"about":[{"href":"https:\/\/membraneswitchmfg.com\/sv\/wp-json\/wp\/v2\/types\/product"}],"wp:featuredmedia":[{"embeddable":true,"href":"https:\/\/membraneswitchmfg.com\/sv\/wp-json\/wp\/v2\/media\/1764"}],"wp:attachment":[{"href":"https:\/\/membraneswitchmfg.com\/sv\/wp-json\/wp\/v2\/media?parent=1788"}],"wp:term":[{"taxonomy":"product_brand","embeddable":true,"href":"https:\/\/membraneswitchmfg.com\/sv\/wp-json\/wp\/v2\/product_brand?post=1788"},{"taxonomy":"product_cat","embeddable":true,"href":"https:\/\/membraneswitchmfg.com\/sv\/wp-json\/wp\/v2\/product_cat?post=1788"},{"taxonomy":"product_tag","embeddable":true,"href":"https:\/\/membraneswitchmfg.com\/sv\/wp-json\/wp\/v2\/product_tag?post=1788"}],"curies":[{"name":"wp","href":"https:\/\/api.w.org\/{rel}","templated":true}]}}