{"id":1790,"date":"2024-06-24T05:57:57","date_gmt":"2024-06-24T05:57:57","guid":{"rendered":"https:\/\/membraneswitchmfg.com\/manufacturer\/antimicrobial-membrane-switch\/"},"modified":"2024-06-25T13:35:10","modified_gmt":"2024-06-25T13:35:10","slug":"antimicrobial-membrane-switch","status":"publish","type":"product","link":"https:\/\/membraneswitchmfg.com\/sv\/manufacturer\/antimicrobial-membrane-switch\/","title":{"rendered":"Antimikrobiell membranbrytare"},"content":{"rendered":"<h2><strong><b>Omkopplare med antimikrobiellt membran: Bek\u00e4mpning av bakterier och f\u00f6rb\u00e4ttrad anv\u00e4ndars\u00e4kerhet<\/b><\/strong><\/h2>\n<p><strong>Skydd mot skadliga mikroorganismer<\/strong><\/p>\n<p>Antimikrobiella membranbrytare \u00e4r infunderade med antimikrobiella medel, t.ex. silverjoner eller koppartillsatser, som aktivt h\u00e4mmar tillv\u00e4xten av bakterier, svampar och virus. Detta aktiva skydd bidrar till att f\u00f6rhindra korskontaminering och spridning av infektioner, s\u00e4rskilt inom intensivv\u00e5rden.<\/p>\n<ul>\n<li><strong>Minska risken f\u00f6r v\u00e5rdrelaterade infektioner (VRI)<\/strong><\/li>\n<li><strong>Skydda mot spridning av patogener i offentliga utrymmen<\/strong><\/li>\n<li><strong>Uppr\u00e4tth\u00e5lla en hygienisk milj\u00f6 i industriella milj\u00f6er<\/strong><\/li>\n<\/ul>\n<p><strong>\u00d6kad s\u00e4kerhet och v\u00e4lbefinnande f\u00f6r anv\u00e4ndarna<\/strong><\/p>\n<p>Genom att integrera antimikrobiellt skydd bidrar membranbrytare till en s\u00e4krare och h\u00e4lsosammare milj\u00f6 f\u00f6r anv\u00e4ndarna. Detta \u00e4r s\u00e4rskilt viktigt i omr\u00e5den d\u00e4r frekvent kontakt med ytor \u00e4r vanligt, t.ex. sjukhus, laboratorier och livsmedelsberedningsomr\u00e5den.<\/p>\n<ul>\n<li><strong>Fr\u00e4mja handhygien och f\u00f6rebyggande av infektioner<\/strong><\/li>\n<li><strong>Skydda utsatta befolkningsgrupper fr\u00e5n infektioner<\/strong><\/li>\n<li><strong>Skapa en k\u00e4nsla av s\u00e4kerhet och f\u00f6rtroende f\u00f6r anv\u00e4ndarna<\/strong><\/li>\n<\/ul>\n<p><strong>Slitstark och funktionell design<\/strong><\/p>\n<p>Antimikrobiella membranbrytare \u00e4r inte bara effektiva mot bakterier utan bibeh\u00e5ller ocks\u00e5 den h\u00e5llbarhet och funktionalitet som f\u00f6rv\u00e4ntas av standardmembranbrytare. De \u00e4r utformade f\u00f6r att t\u00e5la frekvent anv\u00e4ndning, h\u00e5rda reng\u00f6ringsmedel och kr\u00e4vande milj\u00f6er.<\/p>\n<ul>\n<li><strong>Skarp och responsiv taktil feedback<\/strong><\/li>\n<li><strong>Motst\u00e5ndskraftig mot repor, kemikalier och UV-str\u00e5lar<\/strong><\/li>\n<li><strong>L\u00e5ngvarig prestanda i h\u00f6gtrafikerade omr\u00e5den<\/strong><\/li>\n<\/ul>\n<p><strong>Till\u00e4mpningar<\/strong><\/p>\n<p>Antimikrobiella membranbrytare anv\u00e4nds ofta i en m\u00e4ngd olika applikationer d\u00e4r hygien och infektionskontroll \u00e4r avg\u00f6rande, inklusive:<\/p>\n<ul>\n<li><strong>H\u00e4lso- och sjukv\u00e5rdsmilj\u00f6er:<\/strong>Sjukhus, kliniker, laboratorier<\/li>\n<li><strong>Offentliga utrymmen:<\/strong>Flygplatser, transportknutpunkter, skolor<\/li>\n<li><strong>Industriella milj\u00f6er:<\/strong>Livsmedelsbearbetning, tillverkning, renrum<\/li>\n<li><strong>Kommersiella inst\u00e4llningar:<\/strong>Butiker, restauranger, hotell<\/li>\n<\/ul>\n<p><strong>Samarbeta med en erfaren tillverkare av antimikrobiella membranbrytare<\/strong><\/p>\n<p>Med m\u00e5nga \u00e5rs expertis inom antimikrobiell teknik och tillverkning av membranbrytare \u00e4r vi din p\u00e5litliga k\u00e4lla f\u00f6r h\u00f6gkvalitativa, antimikrobiella membranbrytare. V\u00e5rt team av experter kommer att arbeta n\u00e4ra dig f\u00f6r att f\u00f6rst\u00e5 dina specifika behov och leverera skr\u00e4ddarsydda l\u00f6sningar som f\u00f6rb\u00e4ttrar s\u00e4kerheten och anv\u00e4ndarnas v\u00e4lbefinnande.<\/p>\n<p><strong>Kontakta oss idag<\/strong>\u00a0f\u00f6r att l\u00e4ra dig mer om v\u00e5ra antimikrobiella membranbrytarl\u00f6sningar och hur vi kan hj\u00e4lpa dig att skapa en renare, s\u00e4krare och h\u00e4lsosammare milj\u00f6 f\u00f6r dina anv\u00e4ndare.<\/p>","protected":false},"excerpt":{"rendered":"<p>I v\u00e5rdmilj\u00f6er, offentliga milj\u00f6er och industriella milj\u00f6er \u00e4r det av st\u00f6rsta vikt att uppr\u00e4tth\u00e5lla en ren och hygienisk milj\u00f6. Antimikrobiella membranbrytare spelar en avg\u00f6rande roll i denna str\u00e4van genom att inf\u00f6rliva antimikrobiella egenskaper i sin design, vilket effektivt bek\u00e4mpar tillv\u00e4xten av skadliga mikroorganismer.<\/p>","protected":false},"featured_media":1766,"template":"","meta":[],"product_brand":[],"product_cat":[40],"product_tag":[],"class_list":{"0":"post-1790","1":"product","2":"type-product","3":"status-publish","4":"has-post-thumbnail","6":"product_cat-membrane-switch","8":"first","9":"instock","10":"shipping-taxable","11":"product-type-simple"},"_links":{"self":[{"href":"https:\/\/membraneswitchmfg.com\/sv\/wp-json\/wp\/v2\/product\/1790","targetHints":{"allow":["GET"]}}],"collection":[{"href":"https:\/\/membraneswitchmfg.com\/sv\/wp-json\/wp\/v2\/product"}],"about":[{"href":"https:\/\/membraneswitchmfg.com\/sv\/wp-json\/wp\/v2\/types\/product"}],"wp:featuredmedia":[{"embeddable":true,"href":"https:\/\/membraneswitchmfg.com\/sv\/wp-json\/wp\/v2\/media\/1766"}],"wp:attachment":[{"href":"https:\/\/membraneswitchmfg.com\/sv\/wp-json\/wp\/v2\/media?parent=1790"}],"wp:term":[{"taxonomy":"product_brand","embeddable":true,"href":"https:\/\/membraneswitchmfg.com\/sv\/wp-json\/wp\/v2\/product_brand?post=1790"},{"taxonomy":"product_cat","embeddable":true,"href":"https:\/\/membraneswitchmfg.com\/sv\/wp-json\/wp\/v2\/product_cat?post=1790"},{"taxonomy":"product_tag","embeddable":true,"href":"https:\/\/membraneswitchmfg.com\/sv\/wp-json\/wp\/v2\/product_tag?post=1790"}],"curies":[{"name":"wp","href":"https:\/\/api.w.org\/{rel}","templated":true}]}}